{"id":22223,"date":"2024-03-11T18:36:41","date_gmt":"2024-03-11T17:36:41","guid":{"rendered":"https:\/\/mamaterra.lt\/?post_type=product&#038;p=22223"},"modified":"2024-03-11T19:09:53","modified_gmt":"2024-03-11T18:09:53","slug":"doterra-metapwr-eeterlike-olide-segu-125-beadlets","status":"publish","type":"product","link":"https:\/\/mamaterra.lt\/et\/parduotuve\/eeterlikud-olid\/eeterlike-olide-segud\/doterra-metapwr-eeterlike-olide-segu-125-beadlets\/","title":{"rendered":"doTERRA MetaPWR Eeterlike \u00f5lide segu 125 Beadlets"},"content":{"rendered":"<div class=\"spotlight__head\">\n<div class=\"ui container\">\n<div class=\"spotlight__wrap\">\n<div class=\"spotlight__head-item spotlight__head-item--copy\">\n<h6>MetaPWR\u2122<br \/>\nEeterlike \u00f5lide segu Beadlets<\/h6>\n<p>MetaPWR Beadlets on lihtne ja mugav viis MetaPWR eeterlike \u00f5lide segu lisamiseks oma igap\u00e4evasesse heaolu- ja treeningrutiini. Helmekesed sobivad ideaalselt kotti, et neid kodus v\u00f5i t\u00f6\u00f6laual hoida, nii et saate toetada teadlikku toitumist igal ajal ja igal pool.<\/p>\n<p>MetaPWR eeterlike \u00f5lide segu on m\u00f5eldud elustiili toetamiseks, mis keskendub eluj\u00f5u suurendamisele, parematele toitumisvalikutele ja heaolu s\u00e4ilitamisele. DoTERRA kliiniliste ja meditsiiniteadlaste poolt v\u00e4lja t\u00f6\u00f6tatud MetaPWR segu on formuleeritud CPTG\u2122 greibi, sidruni, piparm\u00fcndi, ingveri ja kaneeli eeterlike \u00f5lide spetsiifiliste tasakaalustatud vahekordadega. Tsitruseliste, piparm\u00fcndi ja v\u00fcrtside \u00f5lide kombinatsioon muudab MetaPWRi v\u00f5imsaks toidumaitseks, mis aitab rahuldada teie magusat isu!<\/p>\n<p>Sobib ideaalselt jookidele lisamiseks oma tsitruselise, v\u00fcrtsika, piparm\u00fcndi ja magusa aroomiga.<br \/>\nPakub ideaalse t\u00f5uke, mida vajate enne j\u00f5ulist treeningut ja selle ajal.<br \/>\nMetaPWR v\u00f5ib retseptidele lisatuna stimuleerida meeli ja aidata meeleolu t\u00f5sta.<br \/>\nKasulik t\u00e4iendus teie tervisekavale, et t\u00e4iendada teadlikke toiduvalikuid.<\/p>\n<p>Seoses piparm\u00fcndi eeterliku \u00f5li koostisosaga:<\/p>\n<p>Kasutatakse seedimise h\u00f5lbustamiseks*<br \/>\nAitab kaasa seedeelundite tootmise stimuleerimisele*<br \/>\nToetab maksa ja sapiteede funktsiooni*<br \/>\nAitab h\u00f5lbustada rasva seedimist*<br \/>\nAitab kaasa paremale rasvade seedimisele*<br \/>\nAitab toetada seedimist*<br \/>\nAitab hoida mao tervena*.<\/p>\n<p>*Need tervisealased v\u00e4ited on veel ELi ja Euroopa Toiduohutusameti otsusel.<\/p>\n<p>T\u00e4ielik koostisosade loetelu<\/p>\n<p>Greibi\u00f5li, sidruni\u00f5li, ingveri\u00f5li, piparm\u00fcndi\u00f5li, kaneelikoore\u00f5li.<\/p>\n<\/div>\n<\/div>\n<\/div>\n<\/div>\n","protected":false},"excerpt":{"rendered":"<ul class=\"spotlight__list-custom custom-list\">\n<li>Annab vajaliku t\u00f5uke enne intensiivset treeningut ja selle ajal.<\/li>\n<li>Toidu maitsestamisel v\u00f5ib MetaPWR stimuleerida meeli ja t\u00f5sta meeleolu.<\/li>\n<li>Suurep\u00e4rane toidulisand tervist edendavaks raviskeemiks, mis aitab kaasa teadlikele toiduvalikutele<\/li>\n<\/ul>\n","protected":false},"featured_media":23713,"template":"","meta":{"site-sidebar-layout":"default","site-content-layout":"","ast-site-content-layout":"default","site-content-style":"default","site-sidebar-style":"default","ast-global-header-display":"","ast-banner-title-visibility":"","ast-main-header-display":"","ast-hfb-above-header-display":"","ast-hfb-below-header-display":"","ast-hfb-mobile-header-display":"","site-post-title":"","ast-breadcrumbs-content":"","ast-featured-img":"","footer-sml-layout":"","ast-disable-related-posts":"","theme-transparent-header-meta":"","adv-header-id-meta":"","stick-header-meta":"","header-above-stick-meta":"","header-main-stick-meta":"","header-below-stick-meta":"","astra-migrate-meta-layouts":"set","ast-page-background-enabled":"default","ast-page-background-meta":{"desktop":{"background-color":"","background-image":"","background-repeat":"repeat","background-position":"center center","background-size":"auto","background-attachment":"scroll","background-type":"","background-media":"","overlay-type":"","overlay-color":"","overlay-opacity":"","overlay-gradient":""},"tablet":{"background-color":"","background-image":"","background-repeat":"repeat","background-position":"center center","background-size":"auto","background-attachment":"scroll","background-type":"","background-media":"","overlay-type":"","overlay-color":"","overlay-opacity":"","overlay-gradient":""},"mobile":{"background-color":"","background-image":"","background-repeat":"repeat","background-position":"center center","background-size":"auto","background-attachment":"scroll","background-type":"","background-media":"","overlay-type":"","overlay-color":"","overlay-opacity":"","overlay-gradient":""}},"ast-content-background-meta":{"desktop":{"background-color":"var(--ast-global-color-5)","background-image":"","background-repeat":"repeat","background-position":"center center","background-size":"auto","background-attachment":"scroll","background-type":"","background-media":"","overlay-type":"","overlay-color":"","overlay-opacity":"","overlay-gradient":""},"tablet":{"background-color":"var(--ast-global-color-5)","background-image":"","background-repeat":"repeat","background-position":"center center","background-size":"auto","background-attachment":"scroll","background-type":"","background-media":"","overlay-type":"","overlay-color":"","overlay-opacity":"","overlay-gradient":""},"mobile":{"background-color":"var(--ast-global-color-5)","background-image":"","background-repeat":"repeat","background-position":"center center","background-size":"auto","background-attachment":"scroll","background-type":"","background-media":"","overlay-type":"","overlay-color":"","overlay-opacity":"","overlay-gradient":""}}},"product_brand":[],"product_cat":[1701,1699,1759],"product_tag":[1473],"class_list":{"0":"post-22223","1":"product","2":"type-product","3":"status-publish","4":"has-post-thumbnail","6":"product_cat-eeterlike-olide-segud","7":"product_cat-eeterlikud-olid","8":"product_cat-seedimine","9":"product_tag-metapwr-et","10":"desktop-align-left","11":"tablet-align-left","12":"mobile-align-left","14":"first","15":"instock","16":"taxable","17":"shipping-taxable","18":"product-type-simple"},"_links":{"self":[{"href":"https:\/\/mamaterra.lt\/et\/wp-json\/wp\/v2\/product\/22223","targetHints":{"allow":["GET"]}}],"collection":[{"href":"https:\/\/mamaterra.lt\/et\/wp-json\/wp\/v2\/product"}],"about":[{"href":"https:\/\/mamaterra.lt\/et\/wp-json\/wp\/v2\/types\/product"}],"wp:featuredmedia":[{"embeddable":true,"href":"https:\/\/mamaterra.lt\/et\/wp-json\/wp\/v2\/media\/23713"}],"wp:attachment":[{"href":"https:\/\/mamaterra.lt\/et\/wp-json\/wp\/v2\/media?parent=22223"}],"wp:term":[{"taxonomy":"product_brand","embeddable":true,"href":"https:\/\/mamaterra.lt\/et\/wp-json\/wp\/v2\/product_brand?post=22223"},{"taxonomy":"product_cat","embeddable":true,"href":"https:\/\/mamaterra.lt\/et\/wp-json\/wp\/v2\/product_cat?post=22223"},{"taxonomy":"product_tag","embeddable":true,"href":"https:\/\/mamaterra.lt\/et\/wp-json\/wp\/v2\/product_tag?post=22223"}],"curies":[{"name":"wp","href":"https:\/\/api.w.org\/{rel}","templated":true}]}}