{"id":21955,"date":"2024-03-01T20:25:42","date_gmt":"2024-03-01T19:25:42","guid":{"rendered":"https:\/\/mamaterra.lt\/?post_type=product&#038;p=21955"},"modified":"2024-03-01T20:47:40","modified_gmt":"2024-03-01T19:47:40","slug":"myst-wall-plug-diffusor-koos-malama-blendiga-15ml","status":"publish","type":"product","link":"https:\/\/mamaterra.lt\/et\/parduotuve\/eeterlikud-olid\/eeterlike-olide-segud\/myst-wall-plug-diffusor-koos-malama-blendiga-15ml\/","title":{"rendered":"Myst Wall Plug Diffusor koos Malama Blendiga 15ml"},"content":{"rendered":"<p>Eksklusiivne pakkumine, mis \u00fchendab v\u00f5luva M\u0101lama\u2122 segu ja uuendusliku Myst hajuti.<\/p>\n<p>M\u0101lama\u2122 kordab emakese looduse ja meie elus oluliste naiste hoolivat hoolitsust, mida t\u00e4iendab Myst Diffuseri unikaalsus, mis kasutab pihustavat veevaba ja kuumuseta tehnoloogiat, et v\u00e4rskendada koheselt iga ruumi.<\/p>\n<p>D\u014dTERRA\u2122 Myst hajuti \u00fchendatakse otse seinaga ja kaasas on EL-pistik<\/p>\n","protected":false},"excerpt":{"rendered":"<p>Lihtsalt keerake 5 v\u00f5i 15 ml pudel sisse, \u00fchendage see vooluv\u00f5rku ja laske liikumisaktiivsel maagial alata! T\u00e4nu sellistele funktsioonidele nagu kohandatavad udure\u017eiimid, pimedas re\u017eiim \u00f6iseks rahulikkuseks ja geniaalne v\u00f5imsusformaat, muudab Myst teie atmosf\u00e4\u00e4ri t\u00f5stmise lihtsamaks kui kunagi varem.<\/p>\n<p>M\u00f5\u00f5dud: 4,6 x 4,6 x 7,55 cm. Puhastusjuhiseid vt hajuti kasutusjuhendist.<\/p>\n","protected":false},"featured_media":21961,"template":"","meta":{"site-sidebar-layout":"default","site-content-layout":"","ast-site-content-layout":"default","site-content-style":"default","site-sidebar-style":"default","ast-global-header-display":"","ast-banner-title-visibility":"","ast-main-header-display":"","ast-hfb-above-header-display":"","ast-hfb-below-header-display":"","ast-hfb-mobile-header-display":"","site-post-title":"","ast-breadcrumbs-content":"","ast-featured-img":"","footer-sml-layout":"","ast-disable-related-posts":"","theme-transparent-header-meta":"","adv-header-id-meta":"","stick-header-meta":"","header-above-stick-meta":"","header-main-stick-meta":"","header-below-stick-meta":"","astra-migrate-meta-layouts":"set","ast-page-background-enabled":"default","ast-page-background-meta":{"desktop":{"background-color":"","background-image":"","background-repeat":"repeat","background-position":"center center","background-size":"auto","background-attachment":"scroll","background-type":"","background-media":"","overlay-type":"","overlay-color":"","overlay-opacity":"","overlay-gradient":""},"tablet":{"background-color":"","background-image":"","background-repeat":"repeat","background-position":"center center","background-size":"auto","background-attachment":"scroll","background-type":"","background-media":"","overlay-type":"","overlay-color":"","overlay-opacity":"","overlay-gradient":""},"mobile":{"background-color":"","background-image":"","background-repeat":"repeat","background-position":"center center","background-size":"auto","background-attachment":"scroll","background-type":"","background-media":"","overlay-type":"","overlay-color":"","overlay-opacity":"","overlay-gradient":""}},"ast-content-background-meta":{"desktop":{"background-color":"var(--ast-global-color-5)","background-image":"","background-repeat":"repeat","background-position":"center center","background-size":"auto","background-attachment":"scroll","background-type":"","background-media":"","overlay-type":"","overlay-color":"","overlay-opacity":"","overlay-gradient":""},"tablet":{"background-color":"var(--ast-global-color-5)","background-image":"","background-repeat":"repeat","background-position":"center center","background-size":"auto","background-attachment":"scroll","background-type":"","background-media":"","overlay-type":"","overlay-color":"","overlay-opacity":"","overlay-gradient":""},"mobile":{"background-color":"var(--ast-global-color-5)","background-image":"","background-repeat":"repeat","background-position":"center center","background-size":"auto","background-attachment":"scroll","background-type":"","background-media":"","overlay-type":"","overlay-color":"","overlay-opacity":"","overlay-gradient":""}}},"product_brand":[],"product_cat":[1701,1687,1690,1696],"product_tag":[],"class_list":{"0":"post-21955","1":"product","2":"type-product","3":"status-publish","4":"has-post-thumbnail","6":"product_cat-eeterlike-olide-segud","7":"product_cat-hajutid","8":"product_cat-kingitused","9":"product_cat-kingitused-meestele","10":"desktop-align-left","11":"tablet-align-left","12":"mobile-align-left","14":"first","15":"instock","16":"taxable","17":"shipping-taxable","18":"product-type-simple"},"_links":{"self":[{"href":"https:\/\/mamaterra.lt\/et\/wp-json\/wp\/v2\/product\/21955","targetHints":{"allow":["GET"]}}],"collection":[{"href":"https:\/\/mamaterra.lt\/et\/wp-json\/wp\/v2\/product"}],"about":[{"href":"https:\/\/mamaterra.lt\/et\/wp-json\/wp\/v2\/types\/product"}],"wp:featuredmedia":[{"embeddable":true,"href":"https:\/\/mamaterra.lt\/et\/wp-json\/wp\/v2\/media\/21961"}],"wp:attachment":[{"href":"https:\/\/mamaterra.lt\/et\/wp-json\/wp\/v2\/media?parent=21955"}],"wp:term":[{"taxonomy":"product_brand","embeddable":true,"href":"https:\/\/mamaterra.lt\/et\/wp-json\/wp\/v2\/product_brand?post=21955"},{"taxonomy":"product_cat","embeddable":true,"href":"https:\/\/mamaterra.lt\/et\/wp-json\/wp\/v2\/product_cat?post=21955"},{"taxonomy":"product_tag","embeddable":true,"href":"https:\/\/mamaterra.lt\/et\/wp-json\/wp\/v2\/product_tag?post=21955"}],"curies":[{"name":"wp","href":"https:\/\/api.w.org\/{rel}","templated":true}]}}