{"id":21589,"date":"2024-02-23T21:32:35","date_gmt":"2024-02-23T20:32:35","guid":{"rendered":"https:\/\/mamaterra.lt\/parduotuve\/maaratlemata\/doterra-citrus-spring-15ml\/"},"modified":"2024-03-07T20:38:21","modified_gmt":"2024-03-07T19:38:21","slug":"doterra-citrus-spring-15ml","status":"publish","type":"product","link":"https:\/\/mamaterra.lt\/et\/parduotuve\/eeterlikud-olid\/eeterlike-olide-segud\/doterra-citrus-spring-15ml\/","title":{"rendered":"doTERRA Citrus Spring 15ml"},"content":{"rendered":"<h6 class=\"spotlight__head-title\">Citrus Spring<\/h6>\n<h6 class=\"spotlight__head-latin-title\">\u00d5itsev segu<\/h6>\n<div class=\"spotlight__head-copy\">\n<p>Kevad toob maailma uut elu ja energiat. P\u00e4ike paistab, linnud laulavad, puud ja aiad \u00f5itsevad. Samuti on doTERRA Citrus Spring Blooming Blend ideaalne segu, mis aitab teil tervitada uusi aastaaegu oma elus. See rahustav ja l\u00f5\u00f5gastav segu aitab paikselt manustatuna luua positiivset keskkonda ja meeleolu. Selle l\u00f5hn meenutab v\u00e4rsket kevadp\u00e4eva, milles on tunda tsitrusviljade ja magusate lille\u00f5ite. doTERRA Citrus Spring \u00fchendab CPTG\u2122 eeterlikud \u00f5lid metsapelsin, lavendel, bergamot, dugaasipuu, seedripuu, palsam ja litsa, mis k\u00f5ik on tuntud oma unikaalse kasu poolest. Alusta iga p\u00e4ev v\u00e4rskelt doTERRA Citrus Springiga!<\/p>\n<ul class=\"spotlight__list-custom custom-list\">\n<li>Kandke igal hommikul paikselt, et tervitada uut p\u00e4eva.<br \/>\nKasutage enne magamaminekut v\u00f5i osana l\u00f5\u00f5gastumisrutiinist, et aidata kaasa positiivsuse ja rahulikkuse edendamisele.<br \/>\nSegage fraktsioneeritud kookos\u00f5liga v\u00f5i l\u00f5hnatu kreemiga ja kasutage l\u00f5\u00f5gastava massaa\u017ei osana.<br \/>\nKasutamine<br \/>\nMassaa\u017eiks segage 5 tilka \u2248 10 ml kandja\u00f5liga. Vanni jaoks segage 5 tilka \u2248 5 ml kandja\u00f5liga. Parf\u00fcmeerimiseks segada 1 tilk 10 tilga kandva \u00f5li hulka. Ainult paikseks kasutamiseks.<br \/>\nEttevaatusabin\u00f5ud<br \/>\nV\u00f5imalik nahatundlikkus. Hoida lastele k\u00e4ttesaamatus kohas. Raseduse v\u00f5i ravi korral konsulteerida arstiga. V\u00e4ltida silmi, sisek\u00f5rvu ja tundlikke piirkondi. V\u00e4ltida p\u00e4ikesevalgust ja UV-kiirgust v\u00e4hemalt 12 tundi p\u00e4rast pealekandmist.<\/li>\n<\/ul>\n<\/div>\n","protected":false},"excerpt":{"rendered":"<p>Kasutage enne magamaminekut v\u00f5i osana l\u00f5\u00f5gastumisrutiinist, et aidata kaasa positiivsuse ja rahulikkuse edendamisele.Segage fraktsioneeritud kookos\u00f5liga v\u00f5i l\u00f5hnatu kreemiga ja kasutage l\u00f5\u00f5gastava massaa\u017ei osana.<\/p>\n","protected":false},"featured_media":23734,"template":"","meta":{"site-sidebar-layout":"default","site-content-layout":"","ast-site-content-layout":"default","site-content-style":"default","site-sidebar-style":"default","ast-global-header-display":"","ast-banner-title-visibility":"","ast-main-header-display":"","ast-hfb-above-header-display":"","ast-hfb-below-header-display":"","ast-hfb-mobile-header-display":"","site-post-title":"","ast-breadcrumbs-content":"","ast-featured-img":"","footer-sml-layout":"","ast-disable-related-posts":"","theme-transparent-header-meta":"","adv-header-id-meta":"","stick-header-meta":"","header-above-stick-meta":"","header-main-stick-meta":"","header-below-stick-meta":"","astra-migrate-meta-layouts":"set","ast-page-background-enabled":"default","ast-page-background-meta":{"desktop":{"background-color":"","background-image":"","background-repeat":"repeat","background-position":"center center","background-size":"auto","background-attachment":"scroll","background-type":"","background-media":"","overlay-type":"","overlay-color":"","overlay-opacity":"","overlay-gradient":""},"tablet":{"background-color":"","background-image":"","background-repeat":"repeat","background-position":"center center","background-size":"auto","background-attachment":"scroll","background-type":"","background-media":"","overlay-type":"","overlay-color":"","overlay-opacity":"","overlay-gradient":""},"mobile":{"background-color":"","background-image":"","background-repeat":"repeat","background-position":"center center","background-size":"auto","background-attachment":"scroll","background-type":"","background-media":"","overlay-type":"","overlay-color":"","overlay-opacity":"","overlay-gradient":""}},"ast-content-background-meta":{"desktop":{"background-color":"var(--ast-global-color-5)","background-image":"","background-repeat":"repeat","background-position":"center center","background-size":"auto","background-attachment":"scroll","background-type":"","background-media":"","overlay-type":"","overlay-color":"","overlay-opacity":"","overlay-gradient":""},"tablet":{"background-color":"var(--ast-global-color-5)","background-image":"","background-repeat":"repeat","background-position":"center center","background-size":"auto","background-attachment":"scroll","background-type":"","background-media":"","overlay-type":"","overlay-color":"","overlay-opacity":"","overlay-gradient":""},"mobile":{"background-color":"var(--ast-global-color-5)","background-image":"","background-repeat":"repeat","background-position":"center center","background-size":"auto","background-attachment":"scroll","background-type":"","background-media":"","overlay-type":"","overlay-color":"","overlay-opacity":"","overlay-gradient":""}}},"product_brand":[],"product_cat":[1701,1699,1737,1753],"product_tag":[],"class_list":{"0":"post-21589","1":"product","2":"type-product","3":"status-publish","4":"has-post-thumbnail","6":"product_cat-eeterlike-olide-segud","7":"product_cat-eeterlikud-olid","8":"product_cat-magamiseks","9":"product_cat-stressi-juhtimine","10":"desktop-align-left","11":"tablet-align-left","12":"mobile-align-left","14":"first","15":"instock","16":"taxable","17":"shipping-taxable","18":"product-type-simple"},"_links":{"self":[{"href":"https:\/\/mamaterra.lt\/et\/wp-json\/wp\/v2\/product\/21589","targetHints":{"allow":["GET"]}}],"collection":[{"href":"https:\/\/mamaterra.lt\/et\/wp-json\/wp\/v2\/product"}],"about":[{"href":"https:\/\/mamaterra.lt\/et\/wp-json\/wp\/v2\/types\/product"}],"wp:featuredmedia":[{"embeddable":true,"href":"https:\/\/mamaterra.lt\/et\/wp-json\/wp\/v2\/media\/23734"}],"wp:attachment":[{"href":"https:\/\/mamaterra.lt\/et\/wp-json\/wp\/v2\/media?parent=21589"}],"wp:term":[{"taxonomy":"product_brand","embeddable":true,"href":"https:\/\/mamaterra.lt\/et\/wp-json\/wp\/v2\/product_brand?post=21589"},{"taxonomy":"product_cat","embeddable":true,"href":"https:\/\/mamaterra.lt\/et\/wp-json\/wp\/v2\/product_cat?post=21589"},{"taxonomy":"product_tag","embeddable":true,"href":"https:\/\/mamaterra.lt\/et\/wp-json\/wp\/v2\/product_tag?post=21589"}],"curies":[{"name":"wp","href":"https:\/\/api.w.org\/{rel}","templated":true}]}}