{"id":21304,"date":"2024-01-31T19:33:45","date_gmt":"2024-01-31T18:33:45","guid":{"rendered":"https:\/\/mamaterra.lt\/parduotuve\/maaratlemata\/doterra-kudikiu-prieziuros-rinkinys-baby-care-set\/"},"modified":"2024-02-09T19:39:59","modified_gmt":"2024-02-09T18:39:59","slug":"doterra-beebihoolduskomplekt-beebihoolduskomplekt","status":"publish","type":"product","link":"https:\/\/mamaterra.lt\/et\/parduotuve\/hugieen-ja-nahahooldus\/doterra-beebihoolduskomplekt-beebihoolduskomplekt\/","title":{"rendered":"doTERRA beebihoolduskomplekt (beebihoolduskomplekt)"},"content":{"rendered":"<p>Esimest korda Euroopas \u00fchendab see kollektsioon selliseid lemmikuid nagu d\u014dTERRA beebim\u00e4hkmekreem ja d\u014dTERRA Baby Hair &amp; Body Wash, aga ka d\u014dTERRA beebikreem, mis on n\u00fc\u00fcd esimest korda saadaval. Teie pisike saab ka piiratud aja pakkumisega beebihoolduskomplekti, mis sisaldab n\u00f6\u00f6riga kotti pakitud pesulappi ja musliinlappi. \u00dcmbritsege oma beebi pehmusega ja v\u00f5tke omaks tooteid, et tugevdada rahustavaid vanema-lapse sidemeid.<\/p>\n","protected":false},"excerpt":{"rendered":"<p>d\u014dTERRA beebim\u00e4hkmekreem ja d\u014dTERRA beebi juukse- ja kehapesuvahend, samuti esimene d\u014dTERRA beebikreem.<br \/>\nTeie pisike saab ka piiratud aja pakkumise pesulappi ja musliinriide, mis on pakitud n\u00f6\u00f6riga kotti.<\/p>\n","protected":false},"featured_media":23762,"template":"","meta":{"site-sidebar-layout":"default","site-content-layout":"","ast-site-content-layout":"default","site-content-style":"default","site-sidebar-style":"default","ast-global-header-display":"","ast-banner-title-visibility":"","ast-main-header-display":"","ast-hfb-above-header-display":"","ast-hfb-below-header-display":"","ast-hfb-mobile-header-display":"","site-post-title":"","ast-breadcrumbs-content":"","ast-featured-img":"","footer-sml-layout":"","ast-disable-related-posts":"","theme-transparent-header-meta":"","adv-header-id-meta":"","stick-header-meta":"","header-above-stick-meta":"","header-main-stick-meta":"","header-below-stick-meta":"","astra-migrate-meta-layouts":"set","ast-page-background-enabled":"default","ast-page-background-meta":{"desktop":{"background-color":"","background-image":"","background-repeat":"repeat","background-position":"center center","background-size":"auto","background-attachment":"scroll","background-type":"","background-media":"","overlay-type":"","overlay-color":"","overlay-opacity":"","overlay-gradient":""},"tablet":{"background-color":"","background-image":"","background-repeat":"repeat","background-position":"center center","background-size":"auto","background-attachment":"scroll","background-type":"","background-media":"","overlay-type":"","overlay-color":"","overlay-opacity":"","overlay-gradient":""},"mobile":{"background-color":"","background-image":"","background-repeat":"repeat","background-position":"center center","background-size":"auto","background-attachment":"scroll","background-type":"","background-media":"","overlay-type":"","overlay-color":"","overlay-opacity":"","overlay-gradient":""}},"ast-content-background-meta":{"desktop":{"background-color":"var(--ast-global-color-5)","background-image":"","background-repeat":"repeat","background-position":"center center","background-size":"auto","background-attachment":"scroll","background-type":"","background-media":"","overlay-type":"","overlay-color":"","overlay-opacity":"","overlay-gradient":""},"tablet":{"background-color":"var(--ast-global-color-5)","background-image":"","background-repeat":"repeat","background-position":"center center","background-size":"auto","background-attachment":"scroll","background-type":"","background-media":"","overlay-type":"","overlay-color":"","overlay-opacity":"","overlay-gradient":""},"mobile":{"background-color":"var(--ast-global-color-5)","background-image":"","background-repeat":"repeat","background-position":"center center","background-size":"auto","background-attachment":"scroll","background-type":"","background-media":"","overlay-type":"","overlay-color":"","overlay-opacity":"","overlay-gradient":""}}},"product_brand":[],"product_cat":[1710,1756],"product_tag":[3514,3515,3516,3517,3518,3519,1612,1582,3520],"class_list":{"0":"post-21304","1":"product","2":"type-product","3":"status-publish","4":"has-post-thumbnail","6":"product_cat-hugieen-ja-nahahooldus","7":"product_cat-lastele","8":"product_tag-baby-et","9":"product_tag-baby-lotion-et","10":"product_tag-babyset-et","11":"product_tag-kremas-nuo-issutimu-et","12":"product_tag-kudikiams-et","13":"product_tag-kudikiusampunas-et","14":"product_tag-lastele","15":"product_tag-pesuaine","16":"product_tag-sauskelniu-kremas-et","17":"desktop-align-left","18":"tablet-align-left","19":"mobile-align-left","21":"first","22":"instock","23":"taxable","24":"shipping-taxable","25":"product-type-simple"},"_links":{"self":[{"href":"https:\/\/mamaterra.lt\/et\/wp-json\/wp\/v2\/product\/21304","targetHints":{"allow":["GET"]}}],"collection":[{"href":"https:\/\/mamaterra.lt\/et\/wp-json\/wp\/v2\/product"}],"about":[{"href":"https:\/\/mamaterra.lt\/et\/wp-json\/wp\/v2\/types\/product"}],"wp:featuredmedia":[{"embeddable":true,"href":"https:\/\/mamaterra.lt\/et\/wp-json\/wp\/v2\/media\/23762"}],"wp:attachment":[{"href":"https:\/\/mamaterra.lt\/et\/wp-json\/wp\/v2\/media?parent=21304"}],"wp:term":[{"taxonomy":"product_brand","embeddable":true,"href":"https:\/\/mamaterra.lt\/et\/wp-json\/wp\/v2\/product_brand?post=21304"},{"taxonomy":"product_cat","embeddable":true,"href":"https:\/\/mamaterra.lt\/et\/wp-json\/wp\/v2\/product_cat?post=21304"},{"taxonomy":"product_tag","embeddable":true,"href":"https:\/\/mamaterra.lt\/et\/wp-json\/wp\/v2\/product_tag?post=21304"}],"curies":[{"name":"wp","href":"https:\/\/api.w.org\/{rel}","templated":true}]}}