{"id":21262,"date":"2024-01-31T19:48:51","date_gmt":"2024-01-31T18:48:51","guid":{"rendered":"https:\/\/mamaterra.lt\/parduotuve\/maaratlemata\/doterra-kremas-nuo-issutimu-kudikiams-baby-diaper-cream\/"},"modified":"2024-02-10T19:49:59","modified_gmt":"2024-02-10T18:49:59","slug":"doterra-baby-diaper-kreem","status":"publish","type":"product","link":"https:\/\/mamaterra.lt\/et\/parduotuve\/hugieen-ja-nahahooldus\/doterra-baby-diaper-kreem\/","title":{"rendered":"doTERRA Baby Diaper kreem"},"content":{"rendered":"<p>Ohutu ja t\u00f5hus doTERRA Baby Bumps Cream levib kergesti tundlikule nahale, et ravida, rahustada ja ennetada nahapurunemisi. doTERRA Baby Bumps Cream sisaldab CPTG\u2122 Lavendli, Porgandiseemne ja Teepuu eeterlikke \u00f5lisid, mis rahustavad nahka ja annavad sellele terve v\u00e4limuse. Samuti sisaldab see rikkalikult Muyao Sheav\u00f5id, mis niisutab nahka ning j\u00e4tab selle pehmeks ja siledaks. Kaitske oma pisikesi selle \u00f5rna kreemiga, mis on spetsiaalselt loodud tundlikule beebinahale).<\/p>\n<p>Peamised eelised<br \/>\nIda-Aafrika toores Muyao sheav\u00f5i v\u00f5ib aidata nahka niisutada.<br \/>\nCPTG lavendli, porgandiseemne ja teepuu eeterlikud \u00f5lid aitavad nahka rahustada ja s\u00e4ilitada terve v\u00e4ljan\u00e4gemise.<br \/>\nImendub kergesti \u00f5rnale nahale, et aidata ravida ja ennetada m\u00e4hkmel\u00f6\u00f6vet.<br \/>\nEttevaatlikult loodud beebi tundlikule nahale.<\/p>\n<ul>\n<li style=\"list-style-type: none;\">\n<ul>Kasutage p\u00e4rast beebi vannitamist enne magamaminekut tundliku naha rahustamiseks<\/ul>\n<ul>Kasutage imikutel ja vanematel lastel \u00f5rna alternatiivina teistele losjoonidele ja kreemidele<\/ul>\n<ul>Parimate tulemuste saavutamiseks kasutage koos teiste doTERRA Baby toodetega<\/ul>\n<ul>Kasutage \u00f5rna alternatiivina \u00e4rritunud naha rahustamiseks<\/ul>\n<\/li>\n<\/ul>\n<p>&nbsp;<\/p>\n<h6 style=\"text-align: left;\">Kasutusjuhend<\/h6>\n<p style=\"text-align: left;\">Vahetage m\u00e4rjad v\u00f5i m\u00e4\u00e4rdunud m\u00e4hkmed kohe, p\u00fchkige p\u00f5hja ja laske sellel kuivada. Kandke kreemi iga kord, kui vahetate m\u00e4hkmeid.<\/p>\n<h6>Ettevaatusabin\u00f5ud<\/h6>\n<p>Ainult v\u00e4lispidiseks kasutamiseks. V\u00e4ltida silma sattumist. Hoida lastele k\u00e4ttesaamatus kohas. Hoida temperatuuril 20-25 \u00b0C. \u00c4rge kasutage, kui kvaliteeditihend on kahjustatud.<\/p>\n","protected":false},"excerpt":{"rendered":"<p>60 g<\/p>\n<p>Toores Ida-Aafrika Muyao Sheav\u00f5i v\u00f5ib aidata nahka niisutada.<br \/>\nCPTG lavendli, porgandiseemne ja teepuu eeterlikud \u00f5lid aitavad rahustada ja s\u00e4ilitada naha tervislikku v\u00e4limust.<br \/>\nImendub kergesti \u00f5rnale nahale, et aidata ravida ja ennetada m\u00e4hkmel\u00f6\u00f6vet.<br \/>\nHoolikalt loodud beebi tundlikule nahale.<\/p>\n","protected":false},"featured_media":23769,"template":"","meta":{"site-sidebar-layout":"default","site-content-layout":"","ast-site-content-layout":"default","site-content-style":"default","site-sidebar-style":"default","ast-global-header-display":"","ast-banner-title-visibility":"","ast-main-header-display":"","ast-hfb-above-header-display":"","ast-hfb-below-header-display":"","ast-hfb-mobile-header-display":"","site-post-title":"","ast-breadcrumbs-content":"","ast-featured-img":"","footer-sml-layout":"","ast-disable-related-posts":"","theme-transparent-header-meta":"","adv-header-id-meta":"","stick-header-meta":"","header-above-stick-meta":"","header-main-stick-meta":"","header-below-stick-meta":"","astra-migrate-meta-layouts":"set","ast-page-background-enabled":"default","ast-page-background-meta":{"desktop":{"background-color":"","background-image":"","background-repeat":"repeat","background-position":"center center","background-size":"auto","background-attachment":"scroll","background-type":"","background-media":"","overlay-type":"","overlay-color":"","overlay-opacity":"","overlay-gradient":""},"tablet":{"background-color":"","background-image":"","background-repeat":"repeat","background-position":"center center","background-size":"auto","background-attachment":"scroll","background-type":"","background-media":"","overlay-type":"","overlay-color":"","overlay-opacity":"","overlay-gradient":""},"mobile":{"background-color":"","background-image":"","background-repeat":"repeat","background-position":"center center","background-size":"auto","background-attachment":"scroll","background-type":"","background-media":"","overlay-type":"","overlay-color":"","overlay-opacity":"","overlay-gradient":""}},"ast-content-background-meta":{"desktop":{"background-color":"var(--ast-global-color-5)","background-image":"","background-repeat":"repeat","background-position":"center center","background-size":"auto","background-attachment":"scroll","background-type":"","background-media":"","overlay-type":"","overlay-color":"","overlay-opacity":"","overlay-gradient":""},"tablet":{"background-color":"var(--ast-global-color-5)","background-image":"","background-repeat":"repeat","background-position":"center center","background-size":"auto","background-attachment":"scroll","background-type":"","background-media":"","overlay-type":"","overlay-color":"","overlay-opacity":"","overlay-gradient":""},"mobile":{"background-color":"var(--ast-global-color-5)","background-image":"","background-repeat":"repeat","background-position":"center center","background-size":"auto","background-attachment":"scroll","background-type":"","background-media":"","overlay-type":"","overlay-color":"","overlay-opacity":"","overlay-gradient":""}}},"product_brand":[],"product_cat":[1710,1756],"product_tag":[],"class_list":{"0":"post-21262","1":"product","2":"type-product","3":"status-publish","4":"has-post-thumbnail","6":"product_cat-hugieen-ja-nahahooldus","7":"product_cat-lastele","8":"desktop-align-left","9":"tablet-align-left","10":"mobile-align-left","12":"first","13":"instock","14":"taxable","15":"shipping-taxable","16":"product-type-simple"},"_links":{"self":[{"href":"https:\/\/mamaterra.lt\/et\/wp-json\/wp\/v2\/product\/21262","targetHints":{"allow":["GET"]}}],"collection":[{"href":"https:\/\/mamaterra.lt\/et\/wp-json\/wp\/v2\/product"}],"about":[{"href":"https:\/\/mamaterra.lt\/et\/wp-json\/wp\/v2\/types\/product"}],"wp:featuredmedia":[{"embeddable":true,"href":"https:\/\/mamaterra.lt\/et\/wp-json\/wp\/v2\/media\/23769"}],"wp:attachment":[{"href":"https:\/\/mamaterra.lt\/et\/wp-json\/wp\/v2\/media?parent=21262"}],"wp:term":[{"taxonomy":"product_brand","embeddable":true,"href":"https:\/\/mamaterra.lt\/et\/wp-json\/wp\/v2\/product_brand?post=21262"},{"taxonomy":"product_cat","embeddable":true,"href":"https:\/\/mamaterra.lt\/et\/wp-json\/wp\/v2\/product_cat?post=21262"},{"taxonomy":"product_tag","embeddable":true,"href":"https:\/\/mamaterra.lt\/et\/wp-json\/wp\/v2\/product_tag?post=21262"}],"curies":[{"name":"wp","href":"https:\/\/api.w.org\/{rel}","templated":true}]}}