{"id":19343,"date":"2023-12-23T18:59:49","date_gmt":"2023-12-23T17:59:49","guid":{"rendered":"https:\/\/mamaterra.lt\/parduotuve\/maaratlemata\/ravintsara-5ml\/"},"modified":"2024-01-20T21:00:45","modified_gmt":"2024-01-20T20:00:45","slug":"ravintsara-5ml","status":"publish","type":"product","link":"https:\/\/mamaterra.lt\/et\/parduotuve\/eeterlikud-olid\/puhtad-eeterlikud-olid\/ravintsara-5ml\/","title":{"rendered":"Ravintsara 5ml"},"content":{"rendered":"<h6>DoTERRA Ravintsara \u00f5li destilleeritakse Madagaskaril kasvava Cinnamomum camphora puu lehtedest.<\/h6>\n<div class=\"x11i5rnm xat24cr x1mh8g0r x1vvkbs xtlvy1s x126k92a\">\n<div dir=\"auto\">See puu on v\u00f5imas ja vastupidav, paks pagasiruum ja s\u00fcgavad juured.<\/div>\n<div dir=\"auto\"><span style=\"font-size: 16px;\">Kasvab kuni 20 &#8211; 30 m. pikk ja v\u00f5ib elada rohkem kui 1000 aastat.<\/span><\/div>\n<\/div>\n<div class=\"x11i5rnm xat24cr x1mh8g0r x1vvkbs xtlvy1s x126k92a\">\n<div dir=\"auto\">\n<div dir=\"auto\">Kamferipuud peetakse Jaapanis p\u00fchaks.<\/div>\n<div dir=\"auto\">P\u00fcha puu t\u00e4htsuse n\u00e4ide on 700-aastane kampripuu, mis kasvab keset Kajashima jaama.<\/div>\n<div dir=\"auto\">Kohalikud protesteerisid puu \u00fcmberpaigutamise vastu, kui oli vaja raudteejaama laiendada, nii et jaam ehitati selle \u00fcmber.<\/div>\n<div dir=\"auto\">\n<div class=\"x11i5rnm xat24cr x1mh8g0r x1vvkbs xtlvy1s x126k92a\">\n<div dir=\"auto\">Ravintsara aroomi v\u00f5ib kirjeldada kui kamferi ja eukal\u00fcpti kombinatsiooni, kuid rohelisemat, t\u00f5stvat ja energiat andvat.<\/div>\n<div dir=\"auto\">V\u00e4rske ja mullane Ravintsara \u00f5li on tugeva puhastava ja v\u00e4rskendava toimega.<\/div>\n<div dir=\"auto\">V\u00e4rskendav aroom, nagu eukal\u00fcpt, sobib ideaalselt k\u00fclmaks aastaajaks, s\u00e4ilitades samal ajal kerge hinge\u00f5hu.<\/div>\n<\/div>\n<div class=\"x11i5rnm xat24cr x1mh8g0r x1vvkbs xtlvy1s x126k92a\">\n<div dir=\"auto\">Energeetilises aroomiteraapias on Ravintsara \u00f5li seotud kurgut\u0161akraga Vishudha &#8211; h\u00f5lbustab verbaalset suhtlemist ja v\u00f5imet ennast kunsti ja kirjanduse kaudu v\u00e4ljendada.<\/div>\n<h6 dir=\"auto\">Kasutama:<\/h6>\n<div dir=\"auto\">\n<div dir=\"auto\">Emotsionaalse seisundi jaoks &#8211; rakendame 2-4 tilka et. P\u00e4rast \u00f5li lahjendamist baas\u00f5liga rindkere, jalad, pulsipunktid.<\/div>\n<div dir=\"auto\">Parandage tervist &#8211; rakendame 2-4 tilka et. p\u00e4rast \u00f5li lahjendamist p\u00f5hi\u00f5liga selgroole, seljale, rinnale, jalgadele.<\/div>\n<div dir=\"auto\">N\u00e4o ilusama naha jaoks &#8211; tilgutame peopesasse 1-2 tilka \u00f5li koos n\u00e4opuhastusvahendiga.<\/div>\n<div dir=\"auto\">Meelerahu tagamiseks &#8211; lisage epsoni sooladele v\u00f5i piimale ja nautige vannis rahu ja l\u00f5\u00f5gastust.<\/div>\n<div dir=\"auto\">Massaa\u017eide jaoks &#8211; tilgutame peopessa 2-4 tilka et.\u00f5li koos massaa\u017ei\u00f5liga.<\/div>\n<div dir=\"auto\">L\u00f5\u00f5gastava keskkonna loomiseks enne magamaminekut v\u00f5i maja l\u00f5hna parandamiseks tilgutame difuusorisse 4-6 tilka.<\/div>\n<\/div>\n<\/div>\n<\/div>\n<\/div>\n<\/div>\n","protected":false},"excerpt":{"rendered":"<p>Ilusama jume saamiseks tilgutage 1-2 tilka \u00f5li koos n\u00e4opuhastusvahendiga peopesale.<br \/>\nRahulikkuse saavutamiseks &#8211; lisage epsoni soolasid v\u00f5i piima ja nautige rahulikku ja l\u00f5\u00f5gastavat vanni.<br \/>\nMassaa\u017eiks &#8211; tilgutage 2-4 tilka epsoni\u00f5li peopesasse koos massaa\u017ei\u00f5liga.<br \/>\nL\u00f5\u00f5gastava keskkonna loomiseks enne magamaminekut v\u00f5i kodu l\u00f5hna parandamiseks &#8211; tilgutage 4-6 tilka difuusorisse.<\/p>\n","protected":false},"featured_media":19338,"template":"","meta":{"site-sidebar-layout":"default","site-content-layout":"","ast-site-content-layout":"default","site-content-style":"default","site-sidebar-style":"default","ast-global-header-display":"","ast-banner-title-visibility":"","ast-main-header-display":"","ast-hfb-above-header-display":"","ast-hfb-below-header-display":"","ast-hfb-mobile-header-display":"","site-post-title":"","ast-breadcrumbs-content":"","ast-featured-img":"","footer-sml-layout":"","ast-disable-related-posts":"","theme-transparent-header-meta":"default","adv-header-id-meta":"","stick-header-meta":"","header-above-stick-meta":"","header-main-stick-meta":"","header-below-stick-meta":"","astra-migrate-meta-layouts":"set","ast-page-background-enabled":"default","ast-page-background-meta":{"desktop":{"background-color":"","background-image":"","background-repeat":"repeat","background-position":"center center","background-size":"auto","background-attachment":"scroll","background-type":"","background-media":"","overlay-type":"","overlay-color":"","overlay-opacity":"","overlay-gradient":""},"tablet":{"background-color":"","background-image":"","background-repeat":"repeat","background-position":"center center","background-size":"auto","background-attachment":"scroll","background-type":"","background-media":"","overlay-type":"","overlay-color":"","overlay-opacity":"","overlay-gradient":""},"mobile":{"background-color":"","background-image":"","background-repeat":"repeat","background-position":"center center","background-size":"auto","background-attachment":"scroll","background-type":"","background-media":"","overlay-type":"","overlay-color":"","overlay-opacity":"","overlay-gradient":""}},"ast-content-background-meta":{"desktop":{"background-color":"var(--ast-global-color-5)","background-image":"","background-repeat":"repeat","background-position":"center center","background-size":"auto","background-attachment":"scroll","background-type":"","background-media":"","overlay-type":"","overlay-color":"","overlay-opacity":"","overlay-gradient":""},"tablet":{"background-color":"var(--ast-global-color-5)","background-image":"","background-repeat":"repeat","background-position":"center center","background-size":"auto","background-attachment":"scroll","background-type":"","background-media":"","overlay-type":"","overlay-color":"","overlay-opacity":"","overlay-gradient":""},"mobile":{"background-color":"var(--ast-global-color-5)","background-image":"","background-repeat":"repeat","background-position":"center center","background-size":"auto","background-attachment":"scroll","background-type":"","background-media":"","overlay-type":"","overlay-color":"","overlay-opacity":"","overlay-gradient":""}}},"product_brand":[],"product_cat":[1699,1729,1737,1749,1705,1753],"product_tag":[],"class_list":{"0":"post-19343","1":"product","2":"type-product","3":"status-publish","4":"has-post-thumbnail","6":"product_cat-eeterlikud-olid","7":"product_cat-immuunsuse-tugevdamiseks","8":"product_cat-magamiseks","9":"product_cat-ohu-puhastamine","10":"product_cat-puhtad-eeterlikud-olid","11":"product_cat-stressi-juhtimine","12":"desktop-align-left","13":"tablet-align-left","14":"mobile-align-left","16":"first","17":"instock","18":"taxable","19":"shipping-taxable","20":"purchasable","21":"product-type-simple"},"_links":{"self":[{"href":"https:\/\/mamaterra.lt\/et\/wp-json\/wp\/v2\/product\/19343","targetHints":{"allow":["GET"]}}],"collection":[{"href":"https:\/\/mamaterra.lt\/et\/wp-json\/wp\/v2\/product"}],"about":[{"href":"https:\/\/mamaterra.lt\/et\/wp-json\/wp\/v2\/types\/product"}],"wp:featuredmedia":[{"embeddable":true,"href":"https:\/\/mamaterra.lt\/et\/wp-json\/wp\/v2\/media\/19338"}],"wp:attachment":[{"href":"https:\/\/mamaterra.lt\/et\/wp-json\/wp\/v2\/media?parent=19343"}],"wp:term":[{"taxonomy":"product_brand","embeddable":true,"href":"https:\/\/mamaterra.lt\/et\/wp-json\/wp\/v2\/product_brand?post=19343"},{"taxonomy":"product_cat","embeddable":true,"href":"https:\/\/mamaterra.lt\/et\/wp-json\/wp\/v2\/product_cat?post=19343"},{"taxonomy":"product_tag","embeddable":true,"href":"https:\/\/mamaterra.lt\/et\/wp-json\/wp\/v2\/product_tag?post=19343"}],"curies":[{"name":"wp","href":"https:\/\/api.w.org\/{rel}","templated":true}]}}