{"id":19230,"date":"2023-12-02T21:16:39","date_gmt":"2023-12-02T20:16:39","guid":{"rendered":"https:\/\/mamaterra.lt\/parduotuve\/maaratlemata\/doterra-glow-diffuser-difuzorius-ir-hygge-15-ml\/"},"modified":"2024-01-20T20:33:35","modified_gmt":"2024-01-20T19:33:35","slug":"doterra-glow-diffuser-difuzorius-ir-hygge-15-ml","status":"publish","type":"product","link":"https:\/\/mamaterra.lt\/et\/parduotuve\/eeterlikud-olid\/eeterlike-olide-segud\/doterra-glow-diffuser-difuzorius-ir-hygge-15-ml\/","title":{"rendered":"d\u014dTERRA\u2122 Gl\u014dw\u2122 Diffuusor &#038; Hygge (15 ml)"},"content":{"rendered":"<h5 class=\"spotlight__head-title\">d\u014dTERRA\u2122 Gl\u014dw\u2122 Diffuusor &amp; Hygge (15 ml)<\/h5>\n<div class=\"spotlight__head-copy\">\n<p>Elage hubast elu koos eksklusiivse Hygge seguga ja Glow difuusoriga. Koos on see duo inspireeritud taani kontseptsioonist &#8220;Hygge&#8221;, mis on loodud selleks, et t\u00e4iendada k\u00f5ike hubast.<\/p>\n<h3 class=\"spotlight__foot-block-title\">Toote omadused<\/h3>\n<p class=\"spotlight__foot-block-title\">Kuni 10 tundi kestev hajumine, mis toob igasse keskkonda sooja, kaasahaarava s\u00e4ra.<br \/>\nReguleeritavad sooja valguse seaded ja v\u00e4releva k\u00fc\u00fcnlavalguse efekt<br \/>\nKaunilt kujundatud k\u00e4sitsi valmistatud klaasist \u00fclemine osa ja punutud n\u00f6\u00f6r.<br \/>\nPidev t\u00f6\u00f6: kuni 5 tundi.<br \/>\nAjutine t\u00f6\u00f6: kuni 10 tundi.<br \/>\nAutomaatne ohutusl\u00fclitus.<br \/>\nKomplektis adapteriga.<br \/>\n2-aastane garantii.<\/p>\n<div class=\"spotlight__foot-block-content\">\n<div class=\"spotlight__foot-block-icons\">\n<div class=\"body-system-list\">\n<div class=\"body-system-list__item\">\n<div class=\"body-system-list__item-img\">\n<div class=\"span icon--relaxation icon--xl\">\n<h3 class=\"product-uses__block-title\">Kasutab<\/h3>\n<div class=\"product-uses__block-list\">\n<ul class=\"custom-list\">\n<li>Kasutage puhast, toatemperatuurilist kraanivett. Veenduge, et veetase ei \u00fcletaks veem\u00e4rki.<br \/>\nLisage 5-10 tilka eeterlikke \u00f5lisid.<br \/>\n*Vaadake ettevaatusabin\u00f5usid ja juhiseid difuusori kasutusjuhendist.<\/li>\n<\/ul>\n<\/div>\n<div class=\"product-uses__cautions\">\n<h3 class=\"product-uses__block-title\">Hajuti puhastamine<\/h3>\n<div class=\"product-uses__cautions-body\">\n<p>Puhastage veepaaki ja aurutamisalus v\u00e4hemalt kaks korda n\u00e4dalas. Kasutage puhastamiseks puuvillast lappi ja neutraalset puhastusvahendit. Loputage puhta veega ja kuivatage lapiga.<\/p>\n<\/div>\n<\/div>\n<\/div>\n<\/div>\n<div class=\"body-system-list__item-label\"><\/div>\n<\/div>\n<\/div>\n<\/div>\n<\/div>\n<\/div>\n","protected":false},"excerpt":{"rendered":"<p>Muutke oma kodu rahulikuks paradiisiks koos doTERRA Glow hajutiga. Taani kultuuris kirjeldab m\u00f5iste &#8220;hygge&#8221; m\u00f5nusat ja eluga rahulolevat tunnet. See kontseptsioon on inspireerinud doTERRA Glow Diffusorit, millel on mattklaasist \u00fclemine osa ja rahulikult v\u00e4relev valgus, mis muudab iga ruumi soojusest elavaks. Mida iganes hygge teie jaoks t\u00e4hendab, see hajuti aitab teil seda luua.<\/p>\n<p>M\u00f5\u00f5dud: 15 x 15 x 12,2 cm. Puhastamisjuhiseid vt hajuti kasutusjuhendist.<\/p>\n","protected":false},"featured_media":23683,"template":"","meta":{"site-sidebar-layout":"default","site-content-layout":"","ast-site-content-layout":"default","site-content-style":"default","site-sidebar-style":"default","ast-global-header-display":"","ast-banner-title-visibility":"","ast-main-header-display":"","ast-hfb-above-header-display":"","ast-hfb-below-header-display":"","ast-hfb-mobile-header-display":"","site-post-title":"","ast-breadcrumbs-content":"","ast-featured-img":"","footer-sml-layout":"","ast-disable-related-posts":"","theme-transparent-header-meta":"default","adv-header-id-meta":"","stick-header-meta":"","header-above-stick-meta":"","header-main-stick-meta":"","header-below-stick-meta":"","astra-migrate-meta-layouts":"set","ast-page-background-enabled":"default","ast-page-background-meta":{"desktop":{"background-color":"","background-image":"","background-repeat":"repeat","background-position":"center center","background-size":"auto","background-attachment":"scroll","background-type":"","background-media":"","overlay-type":"","overlay-color":"","overlay-opacity":"","overlay-gradient":""},"tablet":{"background-color":"","background-image":"","background-repeat":"repeat","background-position":"center center","background-size":"auto","background-attachment":"scroll","background-type":"","background-media":"","overlay-type":"","overlay-color":"","overlay-opacity":"","overlay-gradient":""},"mobile":{"background-color":"","background-image":"","background-repeat":"repeat","background-position":"center center","background-size":"auto","background-attachment":"scroll","background-type":"","background-media":"","overlay-type":"","overlay-color":"","overlay-opacity":"","overlay-gradient":""}},"ast-content-background-meta":{"desktop":{"background-color":"var(--ast-global-color-5)","background-image":"","background-repeat":"repeat","background-position":"center center","background-size":"auto","background-attachment":"scroll","background-type":"","background-media":"","overlay-type":"","overlay-color":"","overlay-opacity":"","overlay-gradient":""},"tablet":{"background-color":"var(--ast-global-color-5)","background-image":"","background-repeat":"repeat","background-position":"center center","background-size":"auto","background-attachment":"scroll","background-type":"","background-media":"","overlay-type":"","overlay-color":"","overlay-opacity":"","overlay-gradient":""},"mobile":{"background-color":"var(--ast-global-color-5)","background-image":"","background-repeat":"repeat","background-position":"center center","background-size":"auto","background-attachment":"scroll","background-type":"","background-media":"","overlay-type":"","overlay-color":"","overlay-opacity":"","overlay-gradient":""}}},"product_brand":[],"product_cat":[1701,1687,1690,1696,1693,1737,1753],"product_tag":[],"class_list":{"0":"post-19230","1":"product","2":"type-product","3":"status-publish","4":"has-post-thumbnail","6":"product_cat-eeterlike-olide-segud","7":"product_cat-hajutid","8":"product_cat-kingitused","9":"product_cat-kingitused-meestele","10":"product_cat-kingitused-naistele","11":"product_cat-magamiseks","12":"product_cat-stressi-juhtimine","13":"desktop-align-left","14":"tablet-align-left","15":"mobile-align-left","17":"first","18":"outofstock","19":"sold-individually","20":"taxable","21":"shipping-taxable","22":"purchasable","23":"product-type-simple"},"_links":{"self":[{"href":"https:\/\/mamaterra.lt\/et\/wp-json\/wp\/v2\/product\/19230","targetHints":{"allow":["GET"]}}],"collection":[{"href":"https:\/\/mamaterra.lt\/et\/wp-json\/wp\/v2\/product"}],"about":[{"href":"https:\/\/mamaterra.lt\/et\/wp-json\/wp\/v2\/types\/product"}],"wp:featuredmedia":[{"embeddable":true,"href":"https:\/\/mamaterra.lt\/et\/wp-json\/wp\/v2\/media\/23683"}],"wp:attachment":[{"href":"https:\/\/mamaterra.lt\/et\/wp-json\/wp\/v2\/media?parent=19230"}],"wp:term":[{"taxonomy":"product_brand","embeddable":true,"href":"https:\/\/mamaterra.lt\/et\/wp-json\/wp\/v2\/product_brand?post=19230"},{"taxonomy":"product_cat","embeddable":true,"href":"https:\/\/mamaterra.lt\/et\/wp-json\/wp\/v2\/product_cat?post=19230"},{"taxonomy":"product_tag","embeddable":true,"href":"https:\/\/mamaterra.lt\/et\/wp-json\/wp\/v2\/product_tag?post=19230"}],"curies":[{"name":"wp","href":"https:\/\/api.w.org\/{rel}","templated":true}]}}