{"id":19191,"date":"2023-11-23T21:42:57","date_gmt":"2023-11-23T20:42:57","guid":{"rendered":"https:\/\/mamaterra.lt\/parduotuve\/maaratlemata\/doterra-niaouli-eeterlik-oli-15-ml\/"},"modified":"2026-03-10T10:49:59","modified_gmt":"2026-03-10T09:49:59","slug":"doterra-niaouli-eeterlik-oli-15-ml","status":"publish","type":"product","link":"https:\/\/mamaterra.lt\/et\/parduotuve\/eeterlikud-olid\/puhtad-eeterlikud-olid\/doterra-niaouli-eeterlik-oli-15-ml\/","title":{"rendered":"doterra Niaouli eeterlik \u00f5li 15 ml"},"content":{"rendered":"<h3 class=\"spotlight__head-title\">Niaoulise eeterlik \u00f5li (viiev\u00f5istlusm\u00fcrt)<\/h3>\n<h3 class=\"spotlight__head-latin-title\">Melaleuca quinquenervia<\/h3>\n<div class=\"spotlight__head-copy\">\n<p>Viiejalgne m\u00fcrt on suur igihaljas puu, mis on p\u00e4rit Austraaliast. Nende puude lehed kasvavad kuni 13 cm pikkuseks ja harude otstes asuvad lilled on kollakad ja sarnanevad v\u00e4ikestele karvadele. Selle puu ebatavalise v\u00e4limuse t\u00f5ttu tulid inimesed selle jaoks palju nimesid &#8211; nad nimetavad seda puuks, millel on paberikoor v\u00f5i pudelihari. Viisnurkne m\u00fcrt on teepuulaadne taim, millel on magus puitunud aroom. Eukal\u00fcptooli ja monoterpeenide kombinatsiooni t\u00f5ttu kompositsioonis on sellel eeterlikul \u00f5lil stimuleeriv toime. Niaouli eeterlik \u00f5li, mida kasutatakse laialdaselt mitmesugustes kosmeetikatoodetes, nagu vedelikud, kreemid ja seebid, aitab nahal terve ja puhas v\u00e4lja n\u00e4ha. Massaa\u017eiks kasutatav \u00f5li v\u00f5ib aidata teatud piirkondi l\u00f5dvestada.<\/p>\n<p>Vanadel aegadel hindasid Autralia kohalikud elanikud selle \u00f5li desinfitseerivaid omadusi ja kui nahahaavad ilmusid, panid \u00e4rritused lihtsalt \u00e4rrituse kohale lehed.<\/p>\n<p>Samuti avaldab see positiivset m\u00f5ju hingamisteedele, immuuns\u00fcsteemile, rakud regenereerimise protsessile<\/p>\n<h3 class=\"product-uses__block-title\">Ettevaatusabin\u00f5ud<\/h3>\n<div class=\"product-uses__cautions-body\">\n<p>V\u00f5ib nahka \u00e4rritada. Hoida lastele k\u00e4ttesaamatus kohas. Kui te ootate, imetate last v\u00f5i haige, peate konsulteerima arstiga. \u00c4rge sattuge silma, sisek\u00f5rva, n\u00e4ole ja tundlikele piirkondadele.<\/p>\n<\/div>\n<\/div>\n","protected":false},"excerpt":{"rendered":"<p>Niaouli eeterlik \u00f5li, mida kasutatakse laialdaselt mitmesugustes kosmeetikatoodetes, nagu vedelikud, kreemid ja seebid, aitab nahal terve ja puhas v\u00e4lja n\u00e4ha. Massaa\u017eiks kasutatav \u00f5li v\u00f5ib aidata teatud piirkondi l\u00f5dvestada.<\/p>\n","protected":false},"featured_media":19187,"template":"","meta":{"site-sidebar-layout":"default","site-content-layout":"","ast-site-content-layout":"default","site-content-style":"default","site-sidebar-style":"default","ast-global-header-display":"","ast-banner-title-visibility":"","ast-main-header-display":"","ast-hfb-above-header-display":"","ast-hfb-below-header-display":"","ast-hfb-mobile-header-display":"","site-post-title":"","ast-breadcrumbs-content":"","ast-featured-img":"","footer-sml-layout":"","ast-disable-related-posts":"","theme-transparent-header-meta":"default","adv-header-id-meta":"","stick-header-meta":"","header-above-stick-meta":"","header-main-stick-meta":"","header-below-stick-meta":"","astra-migrate-meta-layouts":"set","ast-page-background-enabled":"default","ast-page-background-meta":{"desktop":{"background-color":"","background-image":"","background-repeat":"repeat","background-position":"center center","background-size":"auto","background-attachment":"scroll","background-type":"","background-media":"","overlay-type":"","overlay-color":"","overlay-opacity":"","overlay-gradient":""},"tablet":{"background-color":"","background-image":"","background-repeat":"repeat","background-position":"center center","background-size":"auto","background-attachment":"scroll","background-type":"","background-media":"","overlay-type":"","overlay-color":"","overlay-opacity":"","overlay-gradient":""},"mobile":{"background-color":"","background-image":"","background-repeat":"repeat","background-position":"center center","background-size":"auto","background-attachment":"scroll","background-type":"","background-media":"","overlay-type":"","overlay-color":"","overlay-opacity":"","overlay-gradient":""}},"ast-content-background-meta":{"desktop":{"background-color":"var(--ast-global-color-5)","background-image":"","background-repeat":"repeat","background-position":"center center","background-size":"auto","background-attachment":"scroll","background-type":"","background-media":"","overlay-type":"","overlay-color":"","overlay-opacity":"","overlay-gradient":""},"tablet":{"background-color":"var(--ast-global-color-5)","background-image":"","background-repeat":"repeat","background-position":"center center","background-size":"auto","background-attachment":"scroll","background-type":"","background-media":"","overlay-type":"","overlay-color":"","overlay-opacity":"","overlay-gradient":""},"mobile":{"background-color":"var(--ast-global-color-5)","background-image":"","background-repeat":"repeat","background-position":"center center","background-size":"auto","background-attachment":"scroll","background-type":"","background-media":"","overlay-type":"","overlay-color":"","overlay-opacity":"","overlay-gradient":""}}},"product_brand":[],"product_cat":[1699,1710,1734,1749,1705],"product_tag":[],"class_list":{"0":"post-19191","1":"product","2":"type-product","3":"status-publish","4":"has-post-thumbnail","6":"product_cat-eeterlikud-olid","7":"product_cat-hugieen-ja-nahahooldus","8":"product_cat-massaaz","9":"product_cat-ohu-puhastamine","10":"product_cat-puhtad-eeterlikud-olid","11":"desktop-align-left","12":"tablet-align-left","13":"mobile-align-left","15":"first","16":"outofstock","17":"sale","18":"taxable","19":"shipping-taxable","20":"purchasable","21":"product-type-simple"},"_links":{"self":[{"href":"https:\/\/mamaterra.lt\/et\/wp-json\/wp\/v2\/product\/19191","targetHints":{"allow":["GET"]}}],"collection":[{"href":"https:\/\/mamaterra.lt\/et\/wp-json\/wp\/v2\/product"}],"about":[{"href":"https:\/\/mamaterra.lt\/et\/wp-json\/wp\/v2\/types\/product"}],"wp:featuredmedia":[{"embeddable":true,"href":"https:\/\/mamaterra.lt\/et\/wp-json\/wp\/v2\/media\/19187"}],"wp:attachment":[{"href":"https:\/\/mamaterra.lt\/et\/wp-json\/wp\/v2\/media?parent=19191"}],"wp:term":[{"taxonomy":"product_brand","embeddable":true,"href":"https:\/\/mamaterra.lt\/et\/wp-json\/wp\/v2\/product_brand?post=19191"},{"taxonomy":"product_cat","embeddable":true,"href":"https:\/\/mamaterra.lt\/et\/wp-json\/wp\/v2\/product_cat?post=19191"},{"taxonomy":"product_tag","embeddable":true,"href":"https:\/\/mamaterra.lt\/et\/wp-json\/wp\/v2\/product_tag?post=19191"}],"curies":[{"name":"wp","href":"https:\/\/api.w.org\/{rel}","templated":true}]}}