{"id":19174,"date":"2023-11-21T20:13:21","date_gmt":"2023-11-21T19:13:21","guid":{"rendered":"https:\/\/mamaterra.lt\/parduotuve\/maaratlemata\/doterra-tinted-lip-gloss\/"},"modified":"2024-09-05T16:59:17","modified_gmt":"2024-09-05T15:59:17","slug":"doterra-toonitud-huulelaige","status":"publish","type":"product","link":"https:\/\/mamaterra.lt\/et\/parduotuve\/kingitused\/kingitused-naistele\/doterra-toonitud-huulelaige\/","title":{"rendered":"doTERRA toonitud huulel\u00e4ige"},"content":{"rendered":"<p>\u00dclimalt niisutav toonitud huulel\u00e4ige, mis on t\u00e4iustatud CPTG Certified Pure Tested Grade\u00ae Jaapani piparm\u00fcndi, metsiku apelsini ja nelgi eeterlike \u00f5lidega, annab huultele kauni ingveri v\u00e4rvi ja s\u00e4ra. Rikastatud selliste looduslike pehmendavate ainete nagu jojoba estrite ja p\u00e4evalilleseemne\u00f5li seguga, annab see piparm\u00fcndi l\u00e4ige, k\u00f5rge l\u00e4ike ja kaste niiskuse.<\/p>\n<p>Viaaliga on kaasas aplikaator, mis tagab iga kord \u00fchtlase ja sujuva pealekandmise ning mida on lihtne hoida meigikotis, k\u00e4ekotis v\u00f5i taskus. See l\u00e4ige sobib ideaalselt igap\u00e4evaseks kandmiseks v\u00f5i \u00f5htuks, hoides huuled siledana ja niisutatuna.<\/p>\n<ul>\n<li>Annab huultele l\u00e4iget ja s\u00e4ra.<\/li>\n<li>Lisab sooja v\u00e4rvi.<\/li>\n<li>Niisutab ja silub.<\/li>\n<li>Pakub niisutavate pehmendavate ainete segu.<\/li>\n<\/ul>\n<p>Ainult v\u00e4liskasutuseks. Hoida lastele k\u00e4ttesaamatus kohas.<\/p>\n","protected":false},"excerpt":{"rendered":"<p>\u00dclimalt niisutav toonitud huulel\u00e4ige, mis on t\u00e4iustatud CPTG Certified Pure Tested Grade\u00ae Jaapani piparm\u00fcndi, metsiku apelsini ja nelgi eeterlike \u00f5lidega, annab huultele kauni ingveri v\u00e4rvi ja s\u00e4ra.<\/p>\n","protected":false},"featured_media":19170,"template":"","meta":{"site-sidebar-layout":"default","site-content-layout":"","ast-site-content-layout":"default","site-content-style":"default","site-sidebar-style":"default","ast-global-header-display":"","ast-banner-title-visibility":"","ast-main-header-display":"","ast-hfb-above-header-display":"","ast-hfb-below-header-display":"","ast-hfb-mobile-header-display":"","site-post-title":"","ast-breadcrumbs-content":"","ast-featured-img":"","footer-sml-layout":"","ast-disable-related-posts":"","theme-transparent-header-meta":"default","adv-header-id-meta":"","stick-header-meta":"","header-above-stick-meta":"","header-main-stick-meta":"","header-below-stick-meta":"","astra-migrate-meta-layouts":"set","ast-page-background-enabled":"default","ast-page-background-meta":{"desktop":{"background-color":"","background-image":"","background-repeat":"repeat","background-position":"center center","background-size":"auto","background-attachment":"scroll","background-type":"","background-media":"","overlay-type":"","overlay-color":"","overlay-opacity":"","overlay-gradient":""},"tablet":{"background-color":"","background-image":"","background-repeat":"repeat","background-position":"center center","background-size":"auto","background-attachment":"scroll","background-type":"","background-media":"","overlay-type":"","overlay-color":"","overlay-opacity":"","overlay-gradient":""},"mobile":{"background-color":"","background-image":"","background-repeat":"repeat","background-position":"center center","background-size":"auto","background-attachment":"scroll","background-type":"","background-media":"","overlay-type":"","overlay-color":"","overlay-opacity":"","overlay-gradient":""}},"ast-content-background-meta":{"desktop":{"background-color":"var(--ast-global-color-5)","background-image":"","background-repeat":"repeat","background-position":"center center","background-size":"auto","background-attachment":"scroll","background-type":"","background-media":"","overlay-type":"","overlay-color":"","overlay-opacity":"","overlay-gradient":""},"tablet":{"background-color":"var(--ast-global-color-5)","background-image":"","background-repeat":"repeat","background-position":"center center","background-size":"auto","background-attachment":"scroll","background-type":"","background-media":"","overlay-type":"","overlay-color":"","overlay-opacity":"","overlay-gradient":""},"mobile":{"background-color":"var(--ast-global-color-5)","background-image":"","background-repeat":"repeat","background-position":"center center","background-size":"auto","background-attachment":"scroll","background-type":"","background-media":"","overlay-type":"","overlay-color":"","overlay-opacity":"","overlay-gradient":""}}},"product_brand":[],"product_cat":[1690,1693,1741],"product_tag":[],"class_list":{"0":"post-19174","1":"product","2":"type-product","3":"status-publish","4":"has-post-thumbnail","6":"product_cat-kingitused","7":"product_cat-kingitused-naistele","8":"product_cat-naistele","9":"desktop-align-left","10":"tablet-align-left","11":"mobile-align-left","13":"first","14":"outofstock","15":"taxable","16":"shipping-taxable","17":"purchasable","18":"product-type-simple"},"_links":{"self":[{"href":"https:\/\/mamaterra.lt\/et\/wp-json\/wp\/v2\/product\/19174","targetHints":{"allow":["GET"]}}],"collection":[{"href":"https:\/\/mamaterra.lt\/et\/wp-json\/wp\/v2\/product"}],"about":[{"href":"https:\/\/mamaterra.lt\/et\/wp-json\/wp\/v2\/types\/product"}],"wp:featuredmedia":[{"embeddable":true,"href":"https:\/\/mamaterra.lt\/et\/wp-json\/wp\/v2\/media\/19170"}],"wp:attachment":[{"href":"https:\/\/mamaterra.lt\/et\/wp-json\/wp\/v2\/media?parent=19174"}],"wp:term":[{"taxonomy":"product_brand","embeddable":true,"href":"https:\/\/mamaterra.lt\/et\/wp-json\/wp\/v2\/product_brand?post=19174"},{"taxonomy":"product_cat","embeddable":true,"href":"https:\/\/mamaterra.lt\/et\/wp-json\/wp\/v2\/product_cat?post=19174"},{"taxonomy":"product_tag","embeddable":true,"href":"https:\/\/mamaterra.lt\/et\/wp-json\/wp\/v2\/product_tag?post=19174"}],"curies":[{"name":"wp","href":"https:\/\/api.w.org\/{rel}","templated":true}]}}