{"id":19159,"date":"2023-11-21T19:38:20","date_gmt":"2023-11-21T18:38:20","guid":{"rendered":"https:\/\/mamaterra.lt\/parduotuve\/maaratlemata\/malama-collection-doterra\/"},"modified":"2024-03-10T18:22:54","modified_gmt":"2024-03-10T17:22:54","slug":"malama-collection-doterra","status":"publish","type":"product","link":"https:\/\/mamaterra.lt\/et\/parduotuve\/eeterlikud-olid\/eeterlike-olide-segud\/malama-collection-doterra\/","title":{"rendered":"Malama Collection doTERRA"},"content":{"rendered":"<p>Nagu Hawaii saarte hingemattev ilu ja eluj\u00f5uline kultuur, on ka d\u014dTERRA M\u0101lama\u00ae Nurturing Blend tabanud selle maa ja selle inimeste maagiat ja energiat. \u00d5ndsalt v\u00e4rske ja soe M\u0101lama on s\u00e4delev kombinatsioon s\u00e4ravatest tsitrusviljadest, lummavatest lille\u00f5itest ja tsentreerivatest puidu aroomidest. M\u0101lama kutsuv aroom on saadaval d\u014dTERRA M\u0101lama\u00ae \u00f5lisegus, d\u014dTERRA M\u0101lama\u00ae niisutavas vannibaaris ja d\u014dTERRA M\u0101lama\u00ae taastavas k\u00e4tekreemis.<\/p>\n<p>Tooted on m\u00fc\u00fcgil d\u014dTERRA M\u0101lama\u00ae kollektsioonis. Hinnake neid tooteid, kui teile meenub d\u014dTERRA M\u0101lama\u00ae &#8211; toidate ja hoolitsete enda, oma kogukonna ja keskkonna eest. Naio Wood ja &#8216;Iliahi (Hawaii sandlipuu) d\u014dTERRA M\u0101lama\u00ae segus on p\u00e4rit Kealakekua Mountain Reserve&#8217;ist, mis on d\u014dTERRA C\u014d-Impact Sourcing\u00ae partner ja kus toimub Hawaii ajaloo suurim metsade taastamine.<\/p>\n<h3>M\u0101lama Essential Oil Blend : 15 mL<\/h3>\n<div>Hajutage M\u0101lama \u00f5lisegu kogu p\u00e4eva jooksul, et saavutada lummavalt v\u00e4rske ja eluj\u00f5uline tunne.<\/div>\n<div><\/div>\n<div><strong>Hajutamine<\/strong>: Kasutage kolm kuni neli tilka teie valitud hajutis.<\/div>\n<div><\/div>\n<ul>\n<li>Loob helge, ergutava ja kaasahaarava atmosf\u00e4\u00e4ri.<\/li>\n<li>Soodustab tervislikku vaatenurka koos ergutava aroomiga<\/li>\n<li>Parandab ja v\u00e4rskendab isiklikku ja t\u00f6\u00f6keskkonda.<\/li>\n<\/ul>\n<p>&nbsp;<\/p>\n<h3>M\u0101lama Moisturizing Bath Bar 113 g.<\/h3>\n<div>Hellalt hellitab ja rahustab nahka \u00f5rna vahu ja niisutavate pehmendavate ainetega. Need kaunid vannitangid, mis on varustatud d\u014dTERRA M\u0101lama\u00ae Nurturing Blend&#8217;i s\u00e4delevalt v\u00e4rske aroomiga, aitavad p\u00e4evastest muredest vabaneda.<\/div>\n<div><\/div>\n<div><strong>Juhised<\/strong><br \/>\nLisage vett, et vannibaar vahtu tekitada. Kasutage du\u0161i all, vannis v\u00f5i valamu juures. Et baar p\u00fcsiks kauem, hoidke seda kasutamise vahel kuivana. Hoida toatemperatuuril. V\u00e4ltida liigset kuumust.<\/div>\n<div><\/div>\n<div><strong>Esmased eelised<\/strong><br \/>\nPakub l\u00f5\u00f5gastavat, sooja ja helget aroomi.<br \/>\nTekitab \u00f5rna, rikkaliku vahu<br \/>\nNiisutab ja aitab nahal s\u00e4ilitada niiskust t\u00e4nu taimse p\u00e4ritoluga gl\u00fctseriinile<br \/>\nNiisutab ja puhastab nahka<\/div>\n<h3>M\u0101lama Taastav k\u00e4tekreem : 100.55 mL.<\/h3>\n<div>Kandke luksuslikku doTERRA M\u0101lama Restorative Hand Cream&#8217;i, et anda nahale rikkalikku niiskust ja M\u0101lama Nurturing segu lummavat aroomi. Eriti sobiv \u00e4\u00e4rmiselt kuivale nahale, kreemi v\u00f5ib kanda k\u00e4tele ja kehale p\u00e4rast du\u0161i all k\u00e4imist, enne magamaminekut v\u00f5i igal ajal, kui nahk vajab veidi lisahooldust.<\/div>\n<div><\/div>\n<div><strong>Juhised<\/strong><br \/>\nKandke kreemi k\u00e4tele hommikul ja \u00f5htul vastavalt soovile.<\/div>\n<div><strong>Esmased eelised<\/strong><br \/>\nOmandab d\u014dTERRA M\u0101lama Nurturing Blend&#8217;i k\u00fctkestavat aroomi.<br \/>\nHoolitseb nahka \u00fclimalt rikkaliku, toitva niiskusega<br \/>\nPakub intensiivset niisutust, mis imendub kiiresti<br \/>\nSaadaval reisik\u00f5lblikus purgis<\/div>\n","protected":false},"excerpt":{"rendered":"<p>Nagu Hawaii saarte hingemattev ilu ja eluj\u00f5uline kultuur, on ka d\u014dTERRA M\u0101lama\u00ae Nurturing Blend tabanud selle maa ja selle inimeste maagiat ja energiat. \u00d5ndsalt v\u00e4rske ja soe M\u0101lama on s\u00e4delev kombinatsioon s\u00e4ravatest tsitrusviljadest, lummavatest lille\u00f5itest ja tsentreerivatest puidu aroomidest. M\u0101lama kutsuv aroom on saadaval d\u014dTERRA M\u0101lama\u00ae \u00f5lisegus, d\u014dTERRA M\u0101lama\u00ae niisutavas vannibaaris ja d\u014dTERRA M\u0101lama\u00ae taastavas k\u00e4tekreemis.<\/p>\n","protected":false},"featured_media":19145,"template":"","meta":{"site-sidebar-layout":"default","site-content-layout":"","ast-site-content-layout":"default","site-content-style":"default","site-sidebar-style":"default","ast-global-header-display":"","ast-banner-title-visibility":"","ast-main-header-display":"","ast-hfb-above-header-display":"","ast-hfb-below-header-display":"","ast-hfb-mobile-header-display":"","site-post-title":"","ast-breadcrumbs-content":"","ast-featured-img":"","footer-sml-layout":"","ast-disable-related-posts":"","theme-transparent-header-meta":"default","adv-header-id-meta":"","stick-header-meta":"","header-above-stick-meta":"","header-main-stick-meta":"","header-below-stick-meta":"","astra-migrate-meta-layouts":"set","ast-page-background-enabled":"default","ast-page-background-meta":{"desktop":{"background-color":"","background-image":"","background-repeat":"repeat","background-position":"center center","background-size":"auto","background-attachment":"scroll","background-type":"","background-media":"","overlay-type":"","overlay-color":"","overlay-opacity":"","overlay-gradient":""},"tablet":{"background-color":"","background-image":"","background-repeat":"repeat","background-position":"center center","background-size":"auto","background-attachment":"scroll","background-type":"","background-media":"","overlay-type":"","overlay-color":"","overlay-opacity":"","overlay-gradient":""},"mobile":{"background-color":"","background-image":"","background-repeat":"repeat","background-position":"center center","background-size":"auto","background-attachment":"scroll","background-type":"","background-media":"","overlay-type":"","overlay-color":"","overlay-opacity":"","overlay-gradient":""}},"ast-content-background-meta":{"desktop":{"background-color":"var(--ast-global-color-5)","background-image":"","background-repeat":"repeat","background-position":"center center","background-size":"auto","background-attachment":"scroll","background-type":"","background-media":"","overlay-type":"","overlay-color":"","overlay-opacity":"","overlay-gradient":""},"tablet":{"background-color":"var(--ast-global-color-5)","background-image":"","background-repeat":"repeat","background-position":"center center","background-size":"auto","background-attachment":"scroll","background-type":"","background-media":"","overlay-type":"","overlay-color":"","overlay-opacity":"","overlay-gradient":""},"mobile":{"background-color":"var(--ast-global-color-5)","background-image":"","background-repeat":"repeat","background-position":"center center","background-size":"auto","background-attachment":"scroll","background-type":"","background-media":"","overlay-type":"","overlay-color":"","overlay-opacity":"","overlay-gradient":""}}},"product_brand":[],"product_cat":[1701,1710,1690,1696,1693,1708,1741],"product_tag":[],"class_list":{"0":"post-19159","1":"product","2":"type-product","3":"status-publish","4":"has-post-thumbnail","6":"product_cat-eeterlike-olide-segud","7":"product_cat-hugieen-ja-nahahooldus","8":"product_cat-kingitused","9":"product_cat-kingitused-meestele","10":"product_cat-kingitused-naistele","11":"product_cat-komplektid-ja-kollektsioonid","12":"product_cat-naistele","13":"desktop-align-left","14":"tablet-align-left","15":"mobile-align-left","17":"first","18":"outofstock","19":"taxable","20":"shipping-taxable","21":"purchasable","22":"product-type-simple"},"_links":{"self":[{"href":"https:\/\/mamaterra.lt\/et\/wp-json\/wp\/v2\/product\/19159","targetHints":{"allow":["GET"]}}],"collection":[{"href":"https:\/\/mamaterra.lt\/et\/wp-json\/wp\/v2\/product"}],"about":[{"href":"https:\/\/mamaterra.lt\/et\/wp-json\/wp\/v2\/types\/product"}],"wp:featuredmedia":[{"embeddable":true,"href":"https:\/\/mamaterra.lt\/et\/wp-json\/wp\/v2\/media\/19145"}],"wp:attachment":[{"href":"https:\/\/mamaterra.lt\/et\/wp-json\/wp\/v2\/media?parent=19159"}],"wp:term":[{"taxonomy":"product_brand","embeddable":true,"href":"https:\/\/mamaterra.lt\/et\/wp-json\/wp\/v2\/product_brand?post=19159"},{"taxonomy":"product_cat","embeddable":true,"href":"https:\/\/mamaterra.lt\/et\/wp-json\/wp\/v2\/product_cat?post=19159"},{"taxonomy":"product_tag","embeddable":true,"href":"https:\/\/mamaterra.lt\/et\/wp-json\/wp\/v2\/product_tag?post=19159"}],"curies":[{"name":"wp","href":"https:\/\/api.w.org\/{rel}","templated":true}]}}