{"id":19132,"date":"2023-11-20T19:33:11","date_gmt":"2023-11-20T18:33:11","guid":{"rendered":"https:\/\/mamaterra.lt\/parduotuve\/maaratlemata\/doterra-serenity-stick-valerian\/"},"modified":"2024-03-26T19:49:49","modified_gmt":"2024-03-26T18:49:49","slug":"doterra-serenity-stick-valerian","status":"publish","type":"product","link":"https:\/\/mamaterra.lt\/et\/parduotuve\/eeterlikud-olid\/eeterlike-olide-segud\/doterra-serenity-stick-valerian\/","title":{"rendered":"doTERRA Serenity Stick + Valerian"},"content":{"rendered":"<p>Voodisse minekuks valmistumine pole kunagi olnud mugavam kui doTERRA Serenity Stick + Valerian kiire imendumise ja sujuva pealekandmise abil. doTERRA Serenity Restful Blend sisaldab CPTG Certified Pure Tested Grade\u00ae Lavenderi eeterlikku \u00f5li, mis on tuntud naha rahustamise poolest, kui seda paikselt kasutada, pakkudes samas rahustavat, maandavat aroomi, mis aitab kaasa puhkeseisundile. Pulk kombineerib Restful Blend&#8217;i koos eeterliku Valerian&#8217;i \u00f5liga, et luua l\u00f5\u00f5gastav \u00f5hkkond, kui seda kasutatakse koos tervisliku uneh\u00fcgieeniga.<\/p>\n<p>Lavendel<br \/>\nCedarwood<br \/>\nValerianijuur<br \/>\nKoriander<br \/>\nYlang Ylang<br \/>\nMajoraan<br \/>\nRooma kummel<br \/>\nSandlipuu<br \/>\nVetiver<\/p>\n<p>DoTERRA Serenity Stick + Valerian ei sisalda parabeene, ftalaate ega s\u00fcnteetilisi l\u00f5hnaaineid.<\/p>\n<h6>Kasutab<\/h6>\n<p>Puhkamiseks valmistudes kandke seda vastavalt vajadusele randme sisek\u00fclgedele, kaela tagak\u00fcljele, rinnale ja jalataldadele.<\/p>\n<h6>Hoiatused<\/h6>\n<p>V\u00e4ltige pealekandmist n\u00e4ole. V\u00e4ltida kokkupuudet silmadega. Ainult v\u00e4lispidiseks kasutamiseks. \u00c4rrituse tekkimisel katkestada kasutamine.<\/p>\n<p>&nbsp;<\/p>\n","protected":false},"excerpt":{"rendered":"<ul>\n<li>Annab mugavalt Valerian eeterlikku \u00f5li ja doTERRA Serenity Restful Blend, mis annab paikselt kasutatuna rahustava ja rahustava aroomi.<\/li>\n<li>Kandub sujuvalt ja ilma rasvase j\u00e4\u00e4gita.<\/li>\n<li>Ei sisalda parabeene, ftalaate ega s\u00fcnteetilisi l\u00f5hnaaineid.<\/li>\n<\/ul>\n","protected":false},"featured_media":19123,"template":"","meta":{"site-sidebar-layout":"default","site-content-layout":"","ast-site-content-layout":"default","site-content-style":"default","site-sidebar-style":"default","ast-global-header-display":"","ast-banner-title-visibility":"","ast-main-header-display":"","ast-hfb-above-header-display":"","ast-hfb-below-header-display":"","ast-hfb-mobile-header-display":"","site-post-title":"","ast-breadcrumbs-content":"","ast-featured-img":"","footer-sml-layout":"","ast-disable-related-posts":"","theme-transparent-header-meta":"","adv-header-id-meta":"","stick-header-meta":"","header-above-stick-meta":"","header-main-stick-meta":"","header-below-stick-meta":"","astra-migrate-meta-layouts":"set","ast-page-background-enabled":"default","ast-page-background-meta":{"desktop":{"background-color":"","background-image":"","background-repeat":"repeat","background-position":"center center","background-size":"auto","background-attachment":"scroll","background-type":"","background-media":"","overlay-type":"","overlay-color":"","overlay-opacity":"","overlay-gradient":""},"tablet":{"background-color":"","background-image":"","background-repeat":"repeat","background-position":"center center","background-size":"auto","background-attachment":"scroll","background-type":"","background-media":"","overlay-type":"","overlay-color":"","overlay-opacity":"","overlay-gradient":""},"mobile":{"background-color":"","background-image":"","background-repeat":"repeat","background-position":"center center","background-size":"auto","background-attachment":"scroll","background-type":"","background-media":"","overlay-type":"","overlay-color":"","overlay-opacity":"","overlay-gradient":""}},"ast-content-background-meta":{"desktop":{"background-color":"var(--ast-global-color-5)","background-image":"","background-repeat":"repeat","background-position":"center center","background-size":"auto","background-attachment":"scroll","background-type":"","background-media":"","overlay-type":"","overlay-color":"","overlay-opacity":"","overlay-gradient":""},"tablet":{"background-color":"var(--ast-global-color-5)","background-image":"","background-repeat":"repeat","background-position":"center center","background-size":"auto","background-attachment":"scroll","background-type":"","background-media":"","overlay-type":"","overlay-color":"","overlay-opacity":"","overlay-gradient":""},"mobile":{"background-color":"var(--ast-global-color-5)","background-image":"","background-repeat":"repeat","background-position":"center center","background-size":"auto","background-attachment":"scroll","background-type":"","background-media":"","overlay-type":"","overlay-color":"","overlay-opacity":"","overlay-gradient":""}}},"product_brand":[],"product_cat":[1701,1690,1756,1737,1741,1753],"product_tag":[],"class_list":{"0":"post-19132","1":"product","2":"type-product","3":"status-publish","4":"has-post-thumbnail","6":"product_cat-eeterlike-olide-segud","7":"product_cat-kingitused","8":"product_cat-lastele","9":"product_cat-magamiseks","10":"product_cat-naistele","11":"product_cat-stressi-juhtimine","12":"desktop-align-left","13":"tablet-align-left","14":"mobile-align-left","16":"first","17":"instock","18":"taxable","19":"shipping-taxable","20":"product-type-simple"},"_links":{"self":[{"href":"https:\/\/mamaterra.lt\/et\/wp-json\/wp\/v2\/product\/19132","targetHints":{"allow":["GET"]}}],"collection":[{"href":"https:\/\/mamaterra.lt\/et\/wp-json\/wp\/v2\/product"}],"about":[{"href":"https:\/\/mamaterra.lt\/et\/wp-json\/wp\/v2\/types\/product"}],"wp:featuredmedia":[{"embeddable":true,"href":"https:\/\/mamaterra.lt\/et\/wp-json\/wp\/v2\/media\/19123"}],"wp:attachment":[{"href":"https:\/\/mamaterra.lt\/et\/wp-json\/wp\/v2\/media?parent=19132"}],"wp:term":[{"taxonomy":"product_brand","embeddable":true,"href":"https:\/\/mamaterra.lt\/et\/wp-json\/wp\/v2\/product_brand?post=19132"},{"taxonomy":"product_cat","embeddable":true,"href":"https:\/\/mamaterra.lt\/et\/wp-json\/wp\/v2\/product_cat?post=19132"},{"taxonomy":"product_tag","embeddable":true,"href":"https:\/\/mamaterra.lt\/et\/wp-json\/wp\/v2\/product_tag?post=19132"}],"curies":[{"name":"wp","href":"https:\/\/api.w.org\/{rel}","templated":true}]}}