{"id":19112,"date":"2023-11-20T18:56:02","date_gmt":"2023-11-20T17:56:02","guid":{"rendered":"https:\/\/mamaterra.lt\/parduotuve\/maaratlemata\/doterra-supermint-toothpaste-125g\/"},"modified":"2024-09-08T20:49:48","modified_gmt":"2024-09-08T19:49:48","slug":"doterra-supermint-toothpaste-125g","status":"publish","type":"product","link":"https:\/\/mamaterra.lt\/et\/parduotuve\/hugieen-ja-nahahooldus\/doterra-supermint-toothpaste-125g\/","title":{"rendered":"doTERRA SuperMint Hambapasta 125g"},"content":{"rendered":"<p>Karge ja v\u00e4rskendav doTERRA SuperMint Hambapasta aitab v\u00e4rskendada hinge\u00f5hku ja puhastada igemeid, valgendades ja remineraliseerides samal ajal hambaid. See hambapasta sisaldab doTERRA SuperMint Mentha segu CPTG Certified Pure Tested Grade\u00ae piparm\u00fcndi, Jaapani piparm\u00fcndi, Bergamoti piparm\u00fcndi ja Spearm\u00fcndi eeterlikest \u00f5lidest ning on ideaalne t\u00e4iendus looduslikule suu\u00f5\u00f5nerutiinile.<\/p>\n<p>Kaks korda p\u00e4evas doTERRA SuperMint Hambapastaga harjamine koos hea hambahoolduse harjutamisega aitab v\u00e4hendada hambakivi ja hambakivi teket. Fluoriidivaba doTERRA SuperMint Hambapasta sisaldab h\u00fcdroks\u00fcapatiiti &#8211; looduslikult esinevat kaltsiumi ja fosfori\u00fchendit. Uued uuringud n\u00e4itavad, et h\u00fcdroks\u00fcapatiit v\u00f5ib aidata remineraliseerida ja taastada emaili, muutes hambad tugevamaks, siledamaks, tervemaks ja v\u00e4hem tundlikuks kuumuse v\u00f5i k\u00fclma suhtes. doTERRA SuperMint Hambapasta sisaldab ka h\u00fcdreeritud r\u00e4nidioksiidi ja kaltsiumkarbonaati hammaste \u00f5rnaks poleerimiseks. Puhas piparm\u00fcndi maitse muudab harjamise meeldivaks ja rahuldust pakkuvaks viisiks iga p\u00e4eva alustamiseks ja l\u00f5petamiseks.<\/p>\n<p>Vegan-s\u00f5bralik &#8211; Ilma kunstlike v\u00e4rvide ja l\u00f5hna- ja maitseaineteta &#8211; Fluoriidivaba<\/p>\n<h6>Hydroxyapatite<\/h6>\n<p>Aitab eksperimentaalsete uuringute kohaselt remineraliseerida ja taastada hambaemaili. Muudab hambad tugevamaks, siledamaks, tervemaks ja v\u00e4hem tundlikuks kuuma v\u00f5i k\u00fclma suhtes.<\/p>\n<h6>doTERRA SuperMint Mentha Blend<\/h6>\n<p>Annab t\u00e4iendava puhastusimpulsi. Annab hambapastale super piparm\u00fcndi, karge maitse, mis j\u00e4tab hinge &#8211; ja hambaharja! &#8211; v\u00e4rskeks ja puhtaks kogu p\u00e4evaks.<\/p>\n<h6>Xylitol<\/h6>\n<p>Parandab \u00fcldist maitset. Aitab hoida hambaid ja igemeid puhtana.<\/p>\n<h6>Hydrated Silica and Calcium Carbonate<\/h6>\n<p>Poleerib looduslikult ja aitab eemaldada hambaplekke, olles samas piisavalt \u00f5rn, et v\u00e4ltida hambaemaili kahjustamist.<\/p>\n<p>&nbsp;<\/p>\n<p>Harjake hambaid p\u00f5hjalikult v\u00e4hemalt kaks korda p\u00e4evas v\u00f5i vastavalt hambaarsti v\u00f5i arsti juhistele. Alla kaheaastaste laste puhul pidage n\u00f5u oma perearstiga..<\/p>\n<h6>Hoiatused<\/h6>\n<p>Kasutage ainult vastavalt juhistele. Hoida lastele k\u00e4ttesaamatus kohas.<\/p>\n","protected":false},"excerpt":{"rendered":"<ul>\n<li>Pakub h\u00fcdroks\u00fcapatiiti, mis aitab s\u00e4ilitada ja taastada hambaemaili.<\/li>\n<li>Pakub doTERRA SuperMint Mentha segu piparm\u00fcndi, Jaapani piparm\u00fcndi, Bergamoti piparm\u00fcndi ja piparm\u00fcndi eeterlike \u00f5lide teravat, puhast maitset.<\/li>\n<li>Sisaldab h\u00fcdreeritud r\u00e4nidioksiidi ja kaltsiumkarbonaati, mis on looduslikud poleerimisvahendid..<br \/>\n<h2><\/h2>\n<h2><\/h2>\n<\/li>\n<\/ul>\n","protected":false},"featured_media":19107,"template":"","meta":{"site-sidebar-layout":"default","site-content-layout":"","ast-site-content-layout":"default","site-content-style":"default","site-sidebar-style":"default","ast-global-header-display":"","ast-banner-title-visibility":"","ast-main-header-display":"","ast-hfb-above-header-display":"","ast-hfb-below-header-display":"","ast-hfb-mobile-header-display":"","site-post-title":"","ast-breadcrumbs-content":"","ast-featured-img":"","footer-sml-layout":"","ast-disable-related-posts":"","theme-transparent-header-meta":"default","adv-header-id-meta":"","stick-header-meta":"","header-above-stick-meta":"","header-main-stick-meta":"","header-below-stick-meta":"","astra-migrate-meta-layouts":"set","ast-page-background-enabled":"default","ast-page-background-meta":{"desktop":{"background-color":"","background-image":"","background-repeat":"repeat","background-position":"center center","background-size":"auto","background-attachment":"scroll","background-type":"","background-media":"","overlay-type":"","overlay-color":"","overlay-opacity":"","overlay-gradient":""},"tablet":{"background-color":"","background-image":"","background-repeat":"repeat","background-position":"center center","background-size":"auto","background-attachment":"scroll","background-type":"","background-media":"","overlay-type":"","overlay-color":"","overlay-opacity":"","overlay-gradient":""},"mobile":{"background-color":"","background-image":"","background-repeat":"repeat","background-position":"center center","background-size":"auto","background-attachment":"scroll","background-type":"","background-media":"","overlay-type":"","overlay-color":"","overlay-opacity":"","overlay-gradient":""}},"ast-content-background-meta":{"desktop":{"background-color":"var(--ast-global-color-5)","background-image":"","background-repeat":"repeat","background-position":"center center","background-size":"auto","background-attachment":"scroll","background-type":"","background-media":"","overlay-type":"","overlay-color":"","overlay-opacity":"","overlay-gradient":""},"tablet":{"background-color":"var(--ast-global-color-5)","background-image":"","background-repeat":"repeat","background-position":"center center","background-size":"auto","background-attachment":"scroll","background-type":"","background-media":"","overlay-type":"","overlay-color":"","overlay-opacity":"","overlay-gradient":""},"mobile":{"background-color":"var(--ast-global-color-5)","background-image":"","background-repeat":"repeat","background-position":"center center","background-size":"auto","background-attachment":"scroll","background-type":"","background-media":"","overlay-type":"","overlay-color":"","overlay-opacity":"","overlay-gradient":""}}},"product_brand":[],"product_cat":[1710,1756,1741],"product_tag":[],"class_list":{"0":"post-19112","1":"product","2":"type-product","3":"status-publish","4":"has-post-thumbnail","6":"product_cat-hugieen-ja-nahahooldus","7":"product_cat-lastele","8":"product_cat-naistele","9":"desktop-align-left","10":"tablet-align-left","11":"mobile-align-left","13":"first","14":"instock","15":"taxable","16":"shipping-taxable","17":"purchasable","18":"product-type-simple"},"_links":{"self":[{"href":"https:\/\/mamaterra.lt\/et\/wp-json\/wp\/v2\/product\/19112","targetHints":{"allow":["GET"]}}],"collection":[{"href":"https:\/\/mamaterra.lt\/et\/wp-json\/wp\/v2\/product"}],"about":[{"href":"https:\/\/mamaterra.lt\/et\/wp-json\/wp\/v2\/types\/product"}],"wp:featuredmedia":[{"embeddable":true,"href":"https:\/\/mamaterra.lt\/et\/wp-json\/wp\/v2\/media\/19107"}],"wp:attachment":[{"href":"https:\/\/mamaterra.lt\/et\/wp-json\/wp\/v2\/media?parent=19112"}],"wp:term":[{"taxonomy":"product_brand","embeddable":true,"href":"https:\/\/mamaterra.lt\/et\/wp-json\/wp\/v2\/product_brand?post=19112"},{"taxonomy":"product_cat","embeddable":true,"href":"https:\/\/mamaterra.lt\/et\/wp-json\/wp\/v2\/product_cat?post=19112"},{"taxonomy":"product_tag","embeddable":true,"href":"https:\/\/mamaterra.lt\/et\/wp-json\/wp\/v2\/product_tag?post=19112"}],"curies":[{"name":"wp","href":"https:\/\/api.w.org\/{rel}","templated":true}]}}