{"id":19043,"date":"2023-11-17T18:48:45","date_gmt":"2023-11-17T17:48:45","guid":{"rendered":"https:\/\/mamaterra.lt\/parduotuve\/maaratlemata\/kintana-essential-oil-personal-aroma-8-ml-spray\/"},"modified":"2023-11-17T18:57:10","modified_gmt":"2023-11-17T17:57:10","slug":"kintana-essential-oil-personal-aroma-8-ml-spray","status":"publish","type":"product","link":"https:\/\/mamaterra.lt\/et\/parduotuve\/eeterlikud-olid\/eeterlike-olide-segud\/kintana-essential-oil-personal-aroma-8-ml-spray\/","title":{"rendered":"Kintana Essential Oil Personal Aroma 8 ml pihusti"},"content":{"rendered":"<p>Kintana Essential Oil Personal Aroma 8 ml pihusti<\/p>\n<p>Esmased eelised<br \/>\n+ Magus, peen aroom<br \/>\n+ Annab erakordse isikliku aroomi, kasutades CPTG\u00ae eeterlikke \u00f5lisid ja suhkrust saadud alkoholi.<br \/>\n+ Annab lummavalt rikkaliku, elava aroomi<\/p>\n<p>Varjatud ja suurejooneline Madagaskari majesteetlik saar on koduks vapustavatele maastikele, hingematvale looduse ilule ning maailma ainulaadsele taimestikule ja loomastikule.<br \/>\nmida ei leidu kusagil mujal maakeral. See id\u00fclliline saar on inspiratsiooniks Kintana Personal Aroma Spray&#8217;ile, mis on kaunis segu Ylang Ylangist, gardeeniast ja sandlipuust,<br \/>\nVetiveri, pat\u0161uli ja nelgi\u00f5ie segu. Need eeterlikud \u00f5lid annavad koos vastupandamatu ja kosutava parf\u00fc\u00fcmil\u00f5hna.<\/p>\n<p>Kasutab<br \/>\n+ pihustada paljale nahale.<br \/>\n+ Kasutage pulssipunktidele, nagu randmed, k\u00fc\u00fcnarnukid, kael v\u00f5i p\u00f5lve taga.<br \/>\n+ Pihustage peale du\u0161i all k\u00e4imist kogu nahale, et lukustada l\u00f5hn.<\/p>\n<p>Ettevaatusabin\u00f5ud<br \/>\nV\u00f5imalik naha tundlikkus. Hoida lastele k\u00e4ttesaamatus kohas. Kui olete rase, imetate v\u00f5i olete arsti j\u00e4relevalve all, pidage n\u00f5u oma arstiga. V\u00e4ltida kokkupuudet silmade, sisek\u00f5rvade ja tundlike piirkondadega.<\/p>\n<p>V\u00e4ltida p\u00e4ikest ja UV-kiirgust v\u00e4hemalt 12 tundi p\u00e4rast toote pealekandmist.<\/p>\n<p>Kuni kuivamiseni tuleohtlik. Hoida eemal tulest ja kuumusest.<\/p>\n<p>Koostisosad<\/p>\n<p>Alcohol, Water (Aqua), Cananga odorata Flower Oil, Gardenia florida Oil, Citrus aurantium bergamia (Bergamot) Fruit Oil, Santalum album (Sandalwood) Oil, Vetiveria zizanoides (Vetiver) Root Oil, Pogostemon cablin Oil, Styrax benzoin Resin Extract, Eugenia caryophyllus (Clove) Bud Oil, Evernia prunastri (Oakmoss) Extract<\/p>\n","protected":false},"excerpt":{"rendered":"<p>Esmased eelised<br \/>\n+ Magus, peen aroom<br \/>\n+ Annab erakordse isikliku aroomi, kasutades CPTG\u00ae eeterlikke \u00f5lisid ja suhkrust saadud alkoholi.<br \/>\n+ Annab lummavalt rikkaliku, elava aroomi<\/p>\n","protected":false},"featured_media":19039,"template":"","meta":{"site-sidebar-layout":"default","site-content-layout":"","ast-site-content-layout":"default","site-content-style":"default","site-sidebar-style":"default","ast-global-header-display":"","ast-banner-title-visibility":"","ast-main-header-display":"","ast-hfb-above-header-display":"","ast-hfb-below-header-display":"","ast-hfb-mobile-header-display":"","site-post-title":"","ast-breadcrumbs-content":"","ast-featured-img":"","footer-sml-layout":"","ast-disable-related-posts":"","theme-transparent-header-meta":"default","adv-header-id-meta":"","stick-header-meta":"","header-above-stick-meta":"","header-main-stick-meta":"","header-below-stick-meta":"","astra-migrate-meta-layouts":"set","ast-page-background-enabled":"default","ast-page-background-meta":{"desktop":{"background-color":"","background-image":"","background-repeat":"repeat","background-position":"center center","background-size":"auto","background-attachment":"scroll","background-type":"","background-media":"","overlay-type":"","overlay-color":"","overlay-opacity":"","overlay-gradient":""},"tablet":{"background-color":"","background-image":"","background-repeat":"repeat","background-position":"center center","background-size":"auto","background-attachment":"scroll","background-type":"","background-media":"","overlay-type":"","overlay-color":"","overlay-opacity":"","overlay-gradient":""},"mobile":{"background-color":"","background-image":"","background-repeat":"repeat","background-position":"center center","background-size":"auto","background-attachment":"scroll","background-type":"","background-media":"","overlay-type":"","overlay-color":"","overlay-opacity":"","overlay-gradient":""}},"ast-content-background-meta":{"desktop":{"background-color":"var(--ast-global-color-5)","background-image":"","background-repeat":"repeat","background-position":"center center","background-size":"auto","background-attachment":"scroll","background-type":"","background-media":"","overlay-type":"","overlay-color":"","overlay-opacity":"","overlay-gradient":""},"tablet":{"background-color":"var(--ast-global-color-5)","background-image":"","background-repeat":"repeat","background-position":"center center","background-size":"auto","background-attachment":"scroll","background-type":"","background-media":"","overlay-type":"","overlay-color":"","overlay-opacity":"","overlay-gradient":""},"mobile":{"background-color":"var(--ast-global-color-5)","background-image":"","background-repeat":"repeat","background-position":"center center","background-size":"auto","background-attachment":"scroll","background-type":"","background-media":"","overlay-type":"","overlay-color":"","overlay-opacity":"","overlay-gradient":""}}},"product_brand":[],"product_cat":[1701,1690,1693,1741],"product_tag":[1867,1868,1869,1870,1871],"class_list":{"0":"post-19043","1":"product","2":"type-product","3":"status-publish","4":"has-post-thumbnail","6":"product_cat-eeterlike-olide-segud","7":"product_cat-kingitused","8":"product_cat-kingitused-naistele","9":"product_cat-naistele","10":"product_tag-for-women-et","11":"product_tag-fragrance-et","12":"product_tag-gift-et","13":"product_tag-personal-aroma-et","14":"product_tag-personalhygiene-et","15":"desktop-align-left","16":"tablet-align-left","17":"mobile-align-left","19":"first","20":"outofstock","21":"sale","22":"taxable","23":"shipping-taxable","24":"purchasable","25":"product-type-simple"},"_links":{"self":[{"href":"https:\/\/mamaterra.lt\/et\/wp-json\/wp\/v2\/product\/19043","targetHints":{"allow":["GET"]}}],"collection":[{"href":"https:\/\/mamaterra.lt\/et\/wp-json\/wp\/v2\/product"}],"about":[{"href":"https:\/\/mamaterra.lt\/et\/wp-json\/wp\/v2\/types\/product"}],"wp:featuredmedia":[{"embeddable":true,"href":"https:\/\/mamaterra.lt\/et\/wp-json\/wp\/v2\/media\/19039"}],"wp:attachment":[{"href":"https:\/\/mamaterra.lt\/et\/wp-json\/wp\/v2\/media?parent=19043"}],"wp:term":[{"taxonomy":"product_brand","embeddable":true,"href":"https:\/\/mamaterra.lt\/et\/wp-json\/wp\/v2\/product_brand?post=19043"},{"taxonomy":"product_cat","embeddable":true,"href":"https:\/\/mamaterra.lt\/et\/wp-json\/wp\/v2\/product_cat?post=19043"},{"taxonomy":"product_tag","embeddable":true,"href":"https:\/\/mamaterra.lt\/et\/wp-json\/wp\/v2\/product_tag?post=19043"}],"curies":[{"name":"wp","href":"https:\/\/api.w.org\/{rel}","templated":true}]}}