{"id":19019,"date":"2023-11-14T18:45:09","date_gmt":"2023-11-14T17:45:09","guid":{"rendered":"https:\/\/mamaterra.lt\/?post_type=product&#038;p=19019"},"modified":"2023-11-14T19:09:37","modified_gmt":"2023-11-14T18:09:37","slug":"doterra-adaptiv-habeme-eeterlike-olide-segu-30ml-copy","status":"publish","type":"product","link":"https:\/\/mamaterra.lt\/et\/parduotuve\/eeterlikud-olid\/eeterlike-olide-segud\/doterra-adaptiv-habeme-eeterlike-olide-segu-30ml-copy\/","title":{"rendered":"doTERRA Adaptiv Habeme eeterlike \u00f5lide segu 30ml"},"content":{"rendered":"<p><strong>doTERRA Adaptiv Habeme eeterlike \u00f5lide segu <\/strong><\/p>\n<p>30ml<\/p>\n<p>&nbsp;<\/p>\n<p><strong>doTERRA Adaptiv habeme eeterlike \u00f5lide segu peamised eelised:<\/strong><\/p>\n<p>&#8211; Aitab niisutada ja hooldada nahka ning hoiab n\u00e4okarvad juhitavaks &#8211; argaania-, jojoba-, avokaado- ja p\u00e4evalille\u00f5li aitavad hoida n\u00e4okarvad pehmetena ja niisutatuna<br \/>\n&#8211; sisaldab v\u00e4rsket ja tsitruselist Adaptiv\u00ae segu.<br \/>\n&#8211; Tagab tsentreeriva ja uueneva \u00f5hkkonna<\/p>\n<p><strong>doTERRA Adaptiv Habeme eeterlike \u00f5lide segu koosneb:<\/strong><\/p>\n<p>\u00dcha enam mehi v\u00f5tab t\u00e4nap\u00e4eval kasutusele n\u00e4okarva, ja atraktiivsed, h\u00e4sti hooldatud stiilid ei l\u00e4he kunagi v\u00e4ljamoodi. Adaptiv\u2122 Beard Oil sobib suurep\u00e4raselt igat t\u00fc\u00fcpi n\u00e4okarvade jaoks.<br \/>\non valmistatud kerge ja kiiresti imenduva argaania, jojoba, Avokaado ja p\u00e4evalille\u00f5li, mis hoiab habeme pehme v\u00e4limusega<\/p>\n<p>Infundeeritud Adaptiv\u2122 eeterlike \u00f5lide seguga, mis sisaldab CPTG\u00ae eeterlikke \u00f5lisid: Lavendel, Magnoolia, Neroli, Metsapuu apelsin, piparm\u00fcnt, kopaiba ja rosmariin, habeme \u00f5lil on v\u00e4rske ja tsitruseline aroom, mis annab tsentreeriva aroomi ja uuenevat atmosf\u00e4\u00e4ri, mis muudab hoolitsemise nauditavaks.<\/p>\n","protected":false},"excerpt":{"rendered":"<ul>\n<li>Niisutab ja toidab nahka ning s\u00e4ilitab n\u00e4okarvade kuju<\/li>\n<li>Niisutab nahka ja pehmendab habet argaani-, jojoba-, avokaado- ja p\u00e4evalille\u00f5lidega<\/li>\n<li>Sisaldab v\u00e4rsket ja v\u00e4rskendavat Adaptiv segu, Tagab tsentreeriva ja uueneva atmosf\u00e4\u00e4ri.<\/li>\n<\/ul>\n","protected":false},"featured_media":19024,"template":"","meta":{"site-sidebar-layout":"default","site-content-layout":"default","ast-site-content-layout":"default","site-content-style":"default","site-sidebar-style":"default","ast-global-header-display":"","ast-banner-title-visibility":"","ast-main-header-display":"","ast-hfb-above-header-display":"","ast-hfb-below-header-display":"","ast-hfb-mobile-header-display":"","site-post-title":"","ast-breadcrumbs-content":"","ast-featured-img":"","footer-sml-layout":"","ast-disable-related-posts":"","theme-transparent-header-meta":"default","adv-header-id-meta":"","stick-header-meta":"","header-above-stick-meta":"","header-main-stick-meta":"","header-below-stick-meta":"","astra-migrate-meta-layouts":"set","ast-page-background-enabled":"default","ast-page-background-meta":{"desktop":{"background-color":"","background-image":"","background-repeat":"repeat","background-position":"center center","background-size":"auto","background-attachment":"scroll","background-type":"","background-media":"","overlay-type":"","overlay-color":"","overlay-opacity":"","overlay-gradient":""},"tablet":{"background-color":"","background-image":"","background-repeat":"repeat","background-position":"center center","background-size":"auto","background-attachment":"scroll","background-type":"","background-media":"","overlay-type":"","overlay-color":"","overlay-opacity":"","overlay-gradient":""},"mobile":{"background-color":"","background-image":"","background-repeat":"repeat","background-position":"center center","background-size":"auto","background-attachment":"scroll","background-type":"","background-media":"","overlay-type":"","overlay-color":"","overlay-opacity":"","overlay-gradient":""}},"ast-content-background-meta":{"desktop":{"background-color":"var(--ast-global-color-5)","background-image":"","background-repeat":"repeat","background-position":"center center","background-size":"auto","background-attachment":"scroll","background-type":"","background-media":"","overlay-type":"","overlay-color":"","overlay-opacity":"","overlay-gradient":""},"tablet":{"background-color":"var(--ast-global-color-5)","background-image":"","background-repeat":"repeat","background-position":"center center","background-size":"auto","background-attachment":"scroll","background-type":"","background-media":"","overlay-type":"","overlay-color":"","overlay-opacity":"","overlay-gradient":""},"mobile":{"background-color":"var(--ast-global-color-5)","background-image":"","background-repeat":"repeat","background-position":"center center","background-size":"auto","background-attachment":"scroll","background-type":"","background-media":"","overlay-type":"","overlay-color":"","overlay-opacity":"","overlay-gradient":""}}},"product_brand":[],"product_cat":[1701,1710,1690,1696],"product_tag":[740,1052],"class_list":{"0":"post-19019","1":"product","2":"type-product","3":"status-publish","4":"has-post-thumbnail","6":"product_cat-eeterlike-olide-segud","7":"product_cat-hugieen-ja-nahahooldus","8":"product_cat-kingitused","9":"product_cat-kingitused-meestele","10":"product_tag-30ml-et","11":"product_tag-northern-escape-et","12":"desktop-align-left","13":"tablet-align-left","14":"mobile-align-left","16":"first","17":"outofstock","18":"taxable","19":"shipping-taxable","20":"purchasable","21":"product-type-simple"},"_links":{"self":[{"href":"https:\/\/mamaterra.lt\/et\/wp-json\/wp\/v2\/product\/19019","targetHints":{"allow":["GET"]}}],"collection":[{"href":"https:\/\/mamaterra.lt\/et\/wp-json\/wp\/v2\/product"}],"about":[{"href":"https:\/\/mamaterra.lt\/et\/wp-json\/wp\/v2\/types\/product"}],"wp:featuredmedia":[{"embeddable":true,"href":"https:\/\/mamaterra.lt\/et\/wp-json\/wp\/v2\/media\/19024"}],"wp:attachment":[{"href":"https:\/\/mamaterra.lt\/et\/wp-json\/wp\/v2\/media?parent=19019"}],"wp:term":[{"taxonomy":"product_brand","embeddable":true,"href":"https:\/\/mamaterra.lt\/et\/wp-json\/wp\/v2\/product_brand?post=19019"},{"taxonomy":"product_cat","embeddable":true,"href":"https:\/\/mamaterra.lt\/et\/wp-json\/wp\/v2\/product_cat?post=19019"},{"taxonomy":"product_tag","embeddable":true,"href":"https:\/\/mamaterra.lt\/et\/wp-json\/wp\/v2\/product_tag?post=19019"}],"curies":[{"name":"wp","href":"https:\/\/api.w.org\/{rel}","templated":true}]}}