{"id":18852,"date":"2023-10-01T18:30:39","date_gmt":"2023-10-01T17:30:39","guid":{"rendered":"https:\/\/mamaterra.lt\/parduotuve\/maaratlemata\/holiday-joy-doterra-eteriniu-alieju-misinys-15ml\/"},"modified":"2023-10-01T18:34:59","modified_gmt":"2023-10-01T17:34:59","slug":"puhkus-room-doterra-eeterlik-oli-misinis-15ml","status":"publish","type":"product","link":"https:\/\/mamaterra.lt\/et\/parduotuve\/eeterlikud-olid\/eeterlike-olide-segud\/puhkus-room-doterra-eeterlik-oli-misinis-15ml\/","title":{"rendered":"Holiday Joy doterra eeterliku \u00f5li segu 15ml"},"content":{"rendered":"<p>T\u00e4ida oma kodu p\u00fchader\u00f5\u00f5mu eeterliku \u00f5li segu k\u00fclalislahke l\u00f5hnaga. Soe ja magus aroom loob hubase keskkonna perekondlikeks koosviibimisteks. See patenteeritud segu koosneb Wild Orange&#8217;i (Wild Orange), Nelgi (Nelk) ja Cassia (Hiina kaneel) ning Siberi kuuse (Siberi kuusk) ja ingveri (ingver) eeterlikest \u00f5lidest, mis loovad toote, mis levitab pidulikku maagiat!<\/p>\n<h6 class=\"spotlight__foot-block-title\">Peamised eelised<\/h6>\n<div class=\"spotlight__foot-block-content\">\n<ul class=\"spotlight__list-custom custom-list\">\n<li>T\u00f5stab meeleolu ja kosutab aistinguid.<\/li>\n<\/ul>\n<h6 class=\"product-whats-inside__title\">Mida sa seest leiad?<\/h6>\n<div class=\"product-whats-inside__tab-wrap\">\n<div class=\"product-whats-inside__content\">\n<div class=\"product-whats-inside__info-list\"><a class=\"active item product-whats-inside__info-list-item\" data-js-wi-tab=\"\" data-target=\"#tab1\">Metsik apelsin (metsik apelsin<\/a>)ingver (<a class=\"item product-whats-inside__info-list-item\" data-js-wi-tab=\"\" data-target=\"#tab2\">ingver<\/a>)<a class=\"item product-whats-inside__info-list-item\" data-js-wi-tab=\"\" data-target=\"#tab3\">kassia (hiina kaneel<\/a>)nelk (<a class=\"item product-whats-inside__info-list-item\" data-js-wi-tab=\"\" data-target=\"#tab4\">nelk<\/a>)<a class=\"item product-whats-inside__info-list-item\" data-js-wi-tab=\"\" data-target=\"#tab5\">siberi kuusk (siberi j\u00e4nes)<\/a><\/div>\n<div>\n<h6 class=\"product-uses__block-title\">Kasutusjuhend<\/h6>\n<div class=\"product-uses__directions-for-use\">\n<div class=\"product-uses__directions-for-use-item\">\n<div class=\"product-uses__directions-for-use-icon\">\n<div class=\"icon--topically icon--xxl\"><\/div>\n<\/div>\n<ul>\n<li class=\"product-uses__directions-for-use-copy\">Massaa\u017ei jaoks segage 5 tilka \u00f5li 10 ml baas\u00f5liga.<\/li>\n<li class=\"product-uses__directions-for-use-copy\">Vanni jaoks segage 5 tilka \u00f5li 5 ml baas\u00f5liga.<\/li>\n<li class=\"product-uses__directions-for-use-copy\">Kui kasutate seda parf\u00fc\u00fcmide jaoks, segage 1 tilk 10 tilga baas\u00f5liga.<\/li>\n<\/ul>\n<\/div>\n<\/div>\n<div class=\"product-uses__cautions\">\n<h6 class=\"product-uses__block-title\">Ettevaatusabin\u00f5ud<\/h6>\n<div class=\"product-uses__cautions-body\">\n<p>V\u00f5ib nahka \u00e4rritada. Hoida lastele k\u00e4ttesaamatus kohas. Kui olete rase v\u00f5i haige, pidage n\u00f5u oma arstiga. V\u00e4ltida kokkupuudet silmade, sisek\u00f5rva ja tundlike piirkondadega. V\u00e4ltige p\u00e4ikest ja UV-kiirgust v\u00e4hemalt 12 tundi p\u00e4rast toote kasutamist.<\/p>\n<\/div>\n<\/div>\n<\/div>\n<\/div>\n<\/div>\n<\/div>\n","protected":false},"excerpt":{"rendered":"<ul>\n<li class=\"product-uses__directions-for-use-copy\">Massaa\u017ei jaoks segage 5 tilka \u00f5li 10 ml baas\u00f5liga.<\/li>\n<li class=\"product-uses__directions-for-use-copy\">Vanni jaoks segage 5 tilka \u00f5li 5 ml baas\u00f5liga.<\/li>\n<li class=\"product-uses__directions-for-use-copy\">Kui kasutate seda parf\u00fc\u00fcmide jaoks, segage 1 tilk 10 tilga baas\u00f5liga.<\/li>\n<\/ul>\n","protected":false},"featured_media":18847,"template":"","meta":{"site-sidebar-layout":"default","site-content-layout":"","ast-site-content-layout":"default","site-content-style":"default","site-sidebar-style":"default","ast-global-header-display":"","ast-banner-title-visibility":"","ast-main-header-display":"","ast-hfb-above-header-display":"","ast-hfb-below-header-display":"","ast-hfb-mobile-header-display":"","site-post-title":"","ast-breadcrumbs-content":"","ast-featured-img":"","footer-sml-layout":"","ast-disable-related-posts":"","theme-transparent-header-meta":"default","adv-header-id-meta":"","stick-header-meta":"","header-above-stick-meta":"","header-main-stick-meta":"","header-below-stick-meta":"","astra-migrate-meta-layouts":"set","ast-page-background-enabled":"default","ast-page-background-meta":{"desktop":{"background-color":"","background-image":"","background-repeat":"repeat","background-position":"center center","background-size":"auto","background-attachment":"scroll","background-type":"","background-media":"","overlay-type":"","overlay-color":"","overlay-opacity":"","overlay-gradient":""},"tablet":{"background-color":"","background-image":"","background-repeat":"repeat","background-position":"center center","background-size":"auto","background-attachment":"scroll","background-type":"","background-media":"","overlay-type":"","overlay-color":"","overlay-opacity":"","overlay-gradient":""},"mobile":{"background-color":"","background-image":"","background-repeat":"repeat","background-position":"center center","background-size":"auto","background-attachment":"scroll","background-type":"","background-media":"","overlay-type":"","overlay-color":"","overlay-opacity":"","overlay-gradient":""}},"ast-content-background-meta":{"desktop":{"background-color":"var(--ast-global-color-5)","background-image":"","background-repeat":"repeat","background-position":"center center","background-size":"auto","background-attachment":"scroll","background-type":"","background-media":"","overlay-type":"","overlay-color":"","overlay-opacity":"","overlay-gradient":""},"tablet":{"background-color":"var(--ast-global-color-5)","background-image":"","background-repeat":"repeat","background-position":"center center","background-size":"auto","background-attachment":"scroll","background-type":"","background-media":"","overlay-type":"","overlay-color":"","overlay-opacity":"","overlay-gradient":""},"mobile":{"background-color":"var(--ast-global-color-5)","background-image":"","background-repeat":"repeat","background-position":"center center","background-size":"auto","background-attachment":"scroll","background-type":"","background-media":"","overlay-type":"","overlay-color":"","overlay-opacity":"","overlay-gradient":""}}},"product_brand":[],"product_cat":[1701,1729,1690,1749],"product_tag":[],"class_list":{"0":"post-18852","1":"product","2":"type-product","3":"status-publish","4":"has-post-thumbnail","6":"product_cat-eeterlike-olide-segud","7":"product_cat-immuunsuse-tugevdamiseks","8":"product_cat-kingitused","9":"product_cat-ohu-puhastamine","10":"desktop-align-left","11":"tablet-align-left","12":"mobile-align-left","14":"first","15":"instock","16":"taxable","17":"shipping-taxable","18":"purchasable","19":"product-type-simple"},"_links":{"self":[{"href":"https:\/\/mamaterra.lt\/et\/wp-json\/wp\/v2\/product\/18852","targetHints":{"allow":["GET"]}}],"collection":[{"href":"https:\/\/mamaterra.lt\/et\/wp-json\/wp\/v2\/product"}],"about":[{"href":"https:\/\/mamaterra.lt\/et\/wp-json\/wp\/v2\/types\/product"}],"wp:featuredmedia":[{"embeddable":true,"href":"https:\/\/mamaterra.lt\/et\/wp-json\/wp\/v2\/media\/18847"}],"wp:attachment":[{"href":"https:\/\/mamaterra.lt\/et\/wp-json\/wp\/v2\/media?parent=18852"}],"wp:term":[{"taxonomy":"product_brand","embeddable":true,"href":"https:\/\/mamaterra.lt\/et\/wp-json\/wp\/v2\/product_brand?post=18852"},{"taxonomy":"product_cat","embeddable":true,"href":"https:\/\/mamaterra.lt\/et\/wp-json\/wp\/v2\/product_cat?post=18852"},{"taxonomy":"product_tag","embeddable":true,"href":"https:\/\/mamaterra.lt\/et\/wp-json\/wp\/v2\/product_tag?post=18852"}],"curies":[{"name":"wp","href":"https:\/\/api.w.org\/{rel}","templated":true}]}}