{"id":18830,"date":"2023-10-01T17:31:28","date_gmt":"2023-10-01T16:31:28","guid":{"rendered":"https:\/\/mamaterra.lt\/?post_type=product&#038;p=18830"},"modified":"2024-03-10T17:42:40","modified_gmt":"2024-03-10T16:42:40","slug":"myrrh-touch-doterra-eeterlik-oli-10ml","status":"publish","type":"product","link":"https:\/\/mamaterra.lt\/et\/parduotuve\/eeterlikud-olid\/puhtad-eeterlikud-olid\/myrrh-touch-doterra-eeterlik-oli-10ml\/","title":{"rendered":"MYRRH touch doTERRA eeterlik \u00f5li 10ml"},"content":{"rendered":"<p>Myrrh Touch Commiphora myrrha<br \/>\ndoTERRA \u00fchendab m\u00fcrra eeterliku \u00f5li fraktsioneeritud kookos\u00f5liga, et luua suurep\u00e4raselt niisutav ja noorendav lisand igale igap\u00e4evasele nahahooldusrutiinile.<\/p>\n<p>M\u00fc\u00fcria eeterlik \u00f5li pakub nahale rahustavat tunnet ja seda kasutatakse sageli nahahoolduspalsamites ja -salvides. Myrrh Touch v\u00f5ib aidata edendada terve naha v\u00e4ljan\u00e4gemist ning parandada peente joonte ja kortsude v\u00e4limust. Myrrh Touch&#8217;i aroom on keskne ja rahustav ning sobib ideaalselt rahustava massaa\u017ei osaks. Seda v\u00f5ib ka nahale rullida osana meelerutiinist, et soodustada m\u00f5tisklust ja rahulikkust.<\/p>\n<p>Kasutused<br \/>\nKasutage igap\u00e4evase nahahoolduse osana paikselt.<br \/>\nKasutage l\u00f5\u00f5gastavas massaa\u017eis.<br \/>\nRullige peopesadele ja hingake s\u00fcgavalt sisse.<br \/>\nKasutamine<br \/>\nPaikseks kasutamiseks: Rullige soovitud piirkonnale. Vt allpool t\u00e4iendavaid ettevaatusabin\u00f5usid.<\/p>\n<p>Ettevaatusabin\u00f5ud<br \/>\nV\u00f5imalik naha tundlikkus. Hoida lastele k\u00e4ttesaamatus kohas. Kui olete rase, imetate v\u00f5i olete arsti j\u00e4relevalve all, pidage n\u00f5u oma arstiga. V\u00e4ltida kokkupuudet silmade, sisek\u00f5rvade ja tundlike piirkondadega.<\/p>\n<p>&nbsp;<\/p>\n<p>Lisateave <strong>m\u00fcrr<\/strong> <strong>doTERRA<\/strong> kohta <strong>Eeterliku \u00f5li <\/strong>leiate allolevast videost.<\/p>\n<p><iframe title=\"d\u014dTERRA Myrrh eeterlik \u00f5li\" src=\"https:\/\/www.youtube.com\/embed\/foVE7H7r_nk\" width=\"853\" height=\"480\" frameborder=\"0\" allowfullscreen=\"allowfullscreen\"><\/iframe><\/p>\n","protected":false},"excerpt":{"rendered":"<ul>\n<li>Aitab tunda emotsionaalset tasakaalu ja heaolutunnet<\/li>\n<li>Suurep\u00e4rane puhastusvahend, mis sobib eriti h\u00e4sti kurgule ja suule<\/li>\n<li>Rahustab nahka, muudab selle puhtaks ja n\u00e4eb nooruslik v\u00e4lja<\/li>\n<\/ul>\n","protected":false},"featured_media":21471,"template":"","meta":{"site-sidebar-layout":"default","site-content-layout":"default","ast-site-content-layout":"default","site-content-style":"default","site-sidebar-style":"default","ast-global-header-display":"","ast-banner-title-visibility":"","ast-main-header-display":"","ast-hfb-above-header-display":"","ast-hfb-below-header-display":"","ast-hfb-mobile-header-display":"","site-post-title":"","ast-breadcrumbs-content":"","ast-featured-img":"","footer-sml-layout":"","ast-disable-related-posts":"","theme-transparent-header-meta":"default","adv-header-id-meta":"","stick-header-meta":"","header-above-stick-meta":"","header-main-stick-meta":"","header-below-stick-meta":"","astra-migrate-meta-layouts":"set","ast-page-background-enabled":"default","ast-page-background-meta":{"desktop":{"background-color":"","background-image":"","background-repeat":"repeat","background-position":"center center","background-size":"auto","background-attachment":"scroll","background-type":"","background-media":"","overlay-type":"","overlay-color":"","overlay-opacity":"","overlay-gradient":""},"tablet":{"background-color":"","background-image":"","background-repeat":"repeat","background-position":"center center","background-size":"auto","background-attachment":"scroll","background-type":"","background-media":"","overlay-type":"","overlay-color":"","overlay-opacity":"","overlay-gradient":""},"mobile":{"background-color":"","background-image":"","background-repeat":"repeat","background-position":"center center","background-size":"auto","background-attachment":"scroll","background-type":"","background-media":"","overlay-type":"","overlay-color":"","overlay-opacity":"","overlay-gradient":""}},"ast-content-background-meta":{"desktop":{"background-color":"var(--ast-global-color-5)","background-image":"","background-repeat":"repeat","background-position":"center center","background-size":"auto","background-attachment":"scroll","background-type":"","background-media":"","overlay-type":"","overlay-color":"","overlay-opacity":"","overlay-gradient":""},"tablet":{"background-color":"var(--ast-global-color-5)","background-image":"","background-repeat":"repeat","background-position":"center center","background-size":"auto","background-attachment":"scroll","background-type":"","background-media":"","overlay-type":"","overlay-color":"","overlay-opacity":"","overlay-gradient":""},"mobile":{"background-color":"var(--ast-global-color-5)","background-image":"","background-repeat":"repeat","background-position":"center center","background-size":"auto","background-attachment":"scroll","background-type":"","background-media":"","overlay-type":"","overlay-color":"","overlay-opacity":"","overlay-gradient":""}}},"product_brand":[],"product_cat":[1699,1710,1737,1705,1753],"product_tag":[724,1532,1040],"class_list":{"0":"post-18830","1":"product","2":"type-product","3":"status-publish","4":"has-post-thumbnail","6":"product_cat-eeterlikud-olid","7":"product_cat-hugieen-ja-nahahooldus","8":"product_cat-magamiseks","9":"product_cat-puhtad-eeterlikud-olid","10":"product_cat-stressi-juhtimine","11":"product_tag-15-ml-et-2","12":"product_tag-eeterlikud-olid","13":"product_tag-myrrh-et","14":"desktop-align-left","15":"tablet-align-left","16":"mobile-align-left","18":"first","19":"outofstock","20":"taxable","21":"shipping-taxable","22":"purchasable","23":"product-type-simple"},"_links":{"self":[{"href":"https:\/\/mamaterra.lt\/et\/wp-json\/wp\/v2\/product\/18830","targetHints":{"allow":["GET"]}}],"collection":[{"href":"https:\/\/mamaterra.lt\/et\/wp-json\/wp\/v2\/product"}],"about":[{"href":"https:\/\/mamaterra.lt\/et\/wp-json\/wp\/v2\/types\/product"}],"wp:featuredmedia":[{"embeddable":true,"href":"https:\/\/mamaterra.lt\/et\/wp-json\/wp\/v2\/media\/21471"}],"wp:attachment":[{"href":"https:\/\/mamaterra.lt\/et\/wp-json\/wp\/v2\/media?parent=18830"}],"wp:term":[{"taxonomy":"product_brand","embeddable":true,"href":"https:\/\/mamaterra.lt\/et\/wp-json\/wp\/v2\/product_brand?post=18830"},{"taxonomy":"product_cat","embeddable":true,"href":"https:\/\/mamaterra.lt\/et\/wp-json\/wp\/v2\/product_cat?post=18830"},{"taxonomy":"product_tag","embeddable":true,"href":"https:\/\/mamaterra.lt\/et\/wp-json\/wp\/v2\/product_tag?post=18830"}],"curies":[{"name":"wp","href":"https:\/\/api.w.org\/{rel}","templated":true}]}}