{"id":18679,"date":"2023-09-02T20:16:20","date_gmt":"2023-09-02T19:16:20","guid":{"rendered":"https:\/\/mamaterra.lt\/parduotuve\/maaratlemata\/doterra-terrakotinis-pasyvusis-difuzorius-2vnt\/"},"modified":"2023-09-02T20:25:49","modified_gmt":"2023-09-02T19:25:49","slug":"doterra-terrakotinis-pasyvusis-difuzorius-2vnt","status":"publish","type":"product","link":"https:\/\/mamaterra.lt\/et\/parduotuve\/hajutid\/doterra-terrakotinis-pasyvusis-difuzorius-2vnt\/","title":{"rendered":"doTERRA Terrastone passiivne hajuti 2 tk."},"content":{"rendered":"<p>Nautige d\u014dTERRA CPTG\u00ae eeterlikke \u00f5lisid, kuhu iganes te ka ei l\u00e4heks, kasutades seda paari kaasaskantavat ja j\u00e4tkusuutlikku Terrastone passiivset difuusorit. Need stiilsed ja funktsionaalsed, taaskasutatavasse alumiiniumisse paigutatud hajutid on v\u00e4ikesed, korduvkasutatavad, keskkonnas\u00f5bralikud ja loodud lisama igasse ruumi aroomi, meeleolu ja stiili. Neid saab asetada mis tahes tasasele pinnale, kasutades kaasasolevat kleepuvat kummist padjakest v\u00f5i kinnitada magnetilise pinna k\u00fclge, kasutades sisseehitatud magnetit aluses. Lisage Terrastone&#8217;i pinnale m\u00f5ned tilgad eeterlikku \u00f5li, et tuua v\u00e4rskust &#8211; riiulile pesukapis, kontorilaua nurka v\u00f5i hotelli \u00f6\u00f6kapile. Et aidata s\u00e4ilitada oma lemmik aroomi, on hajutite kaasas uuesti suletav kaas. Terrastone&#8217;i passiivsed hajutid on ka suurep\u00e4rane v\u00f5imalus tutvustada kellelegi eeterlike \u00f5lide difusiooni ilu, mis on m\u00f5tlemapanev kingitus puhkusepidudele, teie vennat\u00fctre \u00fchiselamutuppa v\u00f5i teile endale.<br \/>\nKeerake kaas lahti. Lisage 5-8 tilka soovitud \u00f5li difuusori pinnale. V\u00e4rskendage vajaduse korral t\u00e4iendavate \u00f5litilkadega. Asetage mis tahes tasasele pinnale, kasutades kaasasolevat kleepuvat kummipatja v\u00f5i kinnitage magnetilise pinna k\u00fclge, kasutades alusele sisseehitatud magnetit. Hoidke difuusoreid kahjustuste v\u00e4ltimiseks eemal k\u00f5igist t\u00e4psetest seadmetest, mis v\u00f5ivad olla tundlikud magnetj\u00f5u suhtes. Kasutage ainult vastavalt juhistele.<\/p>\n","protected":false},"excerpt":{"rendered":"<p>Nautige d\u014dTERRA CPTG\u00ae eeterlikke \u00f5lisid, kuhu iganes te ka ei l\u00e4heks, kasutades seda paari kaasaskantavat ja j\u00e4tkusuutlikku Terrastone passiivset difuusorit. Need stiilsed ja funktsionaalsed, taaskasutatavasse alumiiniumisse paigutatud hajutid on v\u00e4ikesed, korduvkasutatavad, keskkonnas\u00f5bralikud ja loodud lisama igasse ruumi aroomi, meeleolu ja stiili.<\/p>\n","protected":false},"featured_media":18675,"template":"","meta":{"site-sidebar-layout":"default","site-content-layout":"","ast-site-content-layout":"default","site-content-style":"default","site-sidebar-style":"default","ast-global-header-display":"","ast-banner-title-visibility":"","ast-main-header-display":"","ast-hfb-above-header-display":"","ast-hfb-below-header-display":"","ast-hfb-mobile-header-display":"","site-post-title":"","ast-breadcrumbs-content":"","ast-featured-img":"","footer-sml-layout":"","ast-disable-related-posts":"","theme-transparent-header-meta":"default","adv-header-id-meta":"","stick-header-meta":"","header-above-stick-meta":"","header-main-stick-meta":"","header-below-stick-meta":"","astra-migrate-meta-layouts":"set","ast-page-background-enabled":"default","ast-page-background-meta":{"desktop":{"background-color":"","background-image":"","background-repeat":"repeat","background-position":"center center","background-size":"auto","background-attachment":"scroll","background-type":"","background-media":"","overlay-type":"","overlay-color":"","overlay-opacity":"","overlay-gradient":""},"tablet":{"background-color":"","background-image":"","background-repeat":"repeat","background-position":"center center","background-size":"auto","background-attachment":"scroll","background-type":"","background-media":"","overlay-type":"","overlay-color":"","overlay-opacity":"","overlay-gradient":""},"mobile":{"background-color":"","background-image":"","background-repeat":"repeat","background-position":"center center","background-size":"auto","background-attachment":"scroll","background-type":"","background-media":"","overlay-type":"","overlay-color":"","overlay-opacity":"","overlay-gradient":""}},"ast-content-background-meta":{"desktop":{"background-color":"var(--ast-global-color-5)","background-image":"","background-repeat":"repeat","background-position":"center center","background-size":"auto","background-attachment":"scroll","background-type":"","background-media":"","overlay-type":"","overlay-color":"","overlay-opacity":"","overlay-gradient":""},"tablet":{"background-color":"var(--ast-global-color-5)","background-image":"","background-repeat":"repeat","background-position":"center center","background-size":"auto","background-attachment":"scroll","background-type":"","background-media":"","overlay-type":"","overlay-color":"","overlay-opacity":"","overlay-gradient":""},"mobile":{"background-color":"var(--ast-global-color-5)","background-image":"","background-repeat":"repeat","background-position":"center center","background-size":"auto","background-attachment":"scroll","background-type":"","background-media":"","overlay-type":"","overlay-color":"","overlay-opacity":"","overlay-gradient":""}}},"product_brand":[],"product_cat":[1687,1690],"product_tag":[],"class_list":{"0":"post-18679","1":"product","2":"type-product","3":"status-publish","4":"has-post-thumbnail","6":"product_cat-hajutid","7":"product_cat-kingitused","8":"desktop-align-left","9":"tablet-align-left","10":"mobile-align-left","12":"first","13":"outofstock","14":"sale","15":"taxable","16":"shipping-taxable","17":"purchasable","18":"product-type-simple"},"_links":{"self":[{"href":"https:\/\/mamaterra.lt\/et\/wp-json\/wp\/v2\/product\/18679","targetHints":{"allow":["GET"]}}],"collection":[{"href":"https:\/\/mamaterra.lt\/et\/wp-json\/wp\/v2\/product"}],"about":[{"href":"https:\/\/mamaterra.lt\/et\/wp-json\/wp\/v2\/types\/product"}],"wp:featuredmedia":[{"embeddable":true,"href":"https:\/\/mamaterra.lt\/et\/wp-json\/wp\/v2\/media\/18675"}],"wp:attachment":[{"href":"https:\/\/mamaterra.lt\/et\/wp-json\/wp\/v2\/media?parent=18679"}],"wp:term":[{"taxonomy":"product_brand","embeddable":true,"href":"https:\/\/mamaterra.lt\/et\/wp-json\/wp\/v2\/product_brand?post=18679"},{"taxonomy":"product_cat","embeddable":true,"href":"https:\/\/mamaterra.lt\/et\/wp-json\/wp\/v2\/product_cat?post=18679"},{"taxonomy":"product_tag","embeddable":true,"href":"https:\/\/mamaterra.lt\/et\/wp-json\/wp\/v2\/product_tag?post=18679"}],"curies":[{"name":"wp","href":"https:\/\/api.w.org\/{rel}","templated":true}]}}