{"id":18608,"date":"2023-08-28T18:51:51","date_gmt":"2023-08-28T17:51:51","guid":{"rendered":"https:\/\/mamaterra.lt\/parduotuve\/maaratlemata\/doterra-ravintsara-etrinis-aliejus-5-ml\/"},"modified":"2024-03-04T20:44:12","modified_gmt":"2024-03-04T19:44:12","slug":"doterra-ravintsara-5-ml","status":"publish","type":"product","link":"https:\/\/mamaterra.lt\/et\/parduotuve\/eeterlikud-olid\/puhtad-eeterlikud-olid\/doterra-ravintsara-5-ml\/","title":{"rendered":"doTERRA Ravintsara 5 ml"},"content":{"rendered":"<h6>Ravintsara<br \/>\nCinnamomum camphora<\/h6>\n<p>Ravintsara eeterlik \u00f5li on v\u00e4rske ja mahe, millel on tugevad puhastavad ja v\u00e4rskendavad omadused. Seda v\u00f5ib levitada ruumi v\u00e4rskendamiseks v\u00f5i lisada oma lemmiknahapuhastusvahendile. Sarnaselt eukal\u00fcptile on Ravintsara \u00f5lilikum.<\/p>\n<p>Lisage tilk rahustavale Epsom-soolavannile.<br \/>\nHajutage v\u00e4rske taimse l\u00f5hna saamiseks.<br \/>\nLisage paar tilka pihustuspudelisse koos veega ja pihustage pindadele v\u00f5i k\u00e4tele.<br \/>\nLisapuhastuseks segage n\u00e4opuhastusvahendiga.<\/p>\n<p>Ravintsara eeterliku \u00f5li aroomi v\u00f5ib kirjeldada kui kampri ja eukal\u00fcpti kombinatsiooni, kuid rohelisemat &#8211; ergutavat ja energiat andvat. See sisaldab keemilist koostisosa eukal\u00fcptooli, mis annab sellele eukal\u00fcpti\u00f5liga sarnased omadused. See sobib ideaalselt puhta hingamise ja hingamisteede avamise edendamiseks.<\/p>\n<p>Ravintsara on l\u00f5\u00f5gastava aroomiga. Lisage m\u00f5ned tilgad Ravintsarat Epsom-soolale soojas vees, et saavutada rahustav aroom vannis v\u00f5i kasutage seda l\u00f5\u00f5gastavaks massaa\u017eiks p\u00e4rast pingelist treeningut.<\/p>\n<p>Aurutage \u00f5htul koos lavendli eeterliku \u00f5liga, et luua enne magamaminekut rahulikku keskkonda. Koostage oma lemmiksegusid, kombineerides Ravintsara eeterlike \u00f5lidega, nagu kopaiba, boswellia, lavendel, lavendel, piparm\u00fcnt, roos, mandariin, mandariin, vetiver v\u00f5i pohlapuu.<\/p>\n<p>&nbsp;<\/p>\n<p>Selle \u00f5li kasutamine soodustab neid positiivseid omadusi:<br \/>\nVaimset teadlikkust, tarkust, v\u00f5imet omada ja seada terveid piire suhtlemiseks, terviklikkust, heaolu, motivatsiooni ja positiivsust ning visiooni ja otsustusv\u00f5imet.<br \/>\nRavintsara \u00f5li soodustab sisemist rahu, selgust ja tarkust.<br \/>\nSee aitab aktiveerida tervenemisprotsessi, muutuda tugevamaks mitte ainult f\u00fc\u00fcsiliselt, vaid ka emotsionaalselt.<br \/>\nHoiatused<br \/>\n&#8211; Ainult v\u00e4lispidiseks kasutamiseks;<br \/>\n&#8211; mitte kanda lahjendamata kujul otse nahale;<br \/>\n&#8211; kasutada ohutult, v\u00e4ltides kokkupuudet silmadega. Kokkupuute korral puhastada taime\u00f5liga.<br \/>\n&#8211; Eeterlike \u00f5lide v\u00f5imaliku kasutamise osas peaksid rasedad, imetavad lapsed, v\u00e4ikelapsed, epileptikud, k\u00f5rge verer\u00f5hu ja mitmesuguste muude haiguste all kannatavad isikud konsulteerima oma perearstiga.<\/p>\n","protected":false},"excerpt":{"rendered":"<p>Ravintsara eeterliku \u00f5li aroomi v\u00f5ib kirjeldada kui kampri ja eukal\u00fcpti kombinatsiooni, kuid rohelisemat &#8211; ergutavat ja energiat andvat. See sisaldab keemilist koostisosa eukal\u00fcptooli, mis annab sellele eukal\u00fcpti\u00f5liga sarnased omadused. See sobib ideaalselt puhta hingamise ja hingamisteede avamise edendamiseks.<\/p>\n","protected":false},"featured_media":18604,"template":"","meta":{"site-sidebar-layout":"default","site-content-layout":"","ast-site-content-layout":"default","site-content-style":"default","site-sidebar-style":"default","ast-global-header-display":"","ast-banner-title-visibility":"","ast-main-header-display":"","ast-hfb-above-header-display":"","ast-hfb-below-header-display":"","ast-hfb-mobile-header-display":"","site-post-title":"","ast-breadcrumbs-content":"","ast-featured-img":"","footer-sml-layout":"","ast-disable-related-posts":"","theme-transparent-header-meta":"default","adv-header-id-meta":"","stick-header-meta":"","header-above-stick-meta":"","header-main-stick-meta":"","header-below-stick-meta":"","astra-migrate-meta-layouts":"set","ast-page-background-enabled":"default","ast-page-background-meta":{"desktop":{"background-color":"","background-image":"","background-repeat":"repeat","background-position":"center center","background-size":"auto","background-attachment":"scroll","background-type":"","background-media":"","overlay-type":"","overlay-color":"","overlay-opacity":"","overlay-gradient":""},"tablet":{"background-color":"","background-image":"","background-repeat":"repeat","background-position":"center center","background-size":"auto","background-attachment":"scroll","background-type":"","background-media":"","overlay-type":"","overlay-color":"","overlay-opacity":"","overlay-gradient":""},"mobile":{"background-color":"","background-image":"","background-repeat":"repeat","background-position":"center center","background-size":"auto","background-attachment":"scroll","background-type":"","background-media":"","overlay-type":"","overlay-color":"","overlay-opacity":"","overlay-gradient":""}},"ast-content-background-meta":{"desktop":{"background-color":"var(--ast-global-color-5)","background-image":"","background-repeat":"repeat","background-position":"center center","background-size":"auto","background-attachment":"scroll","background-type":"","background-media":"","overlay-type":"","overlay-color":"","overlay-opacity":"","overlay-gradient":""},"tablet":{"background-color":"var(--ast-global-color-5)","background-image":"","background-repeat":"repeat","background-position":"center center","background-size":"auto","background-attachment":"scroll","background-type":"","background-media":"","overlay-type":"","overlay-color":"","overlay-opacity":"","overlay-gradient":""},"mobile":{"background-color":"var(--ast-global-color-5)","background-image":"","background-repeat":"repeat","background-position":"center center","background-size":"auto","background-attachment":"scroll","background-type":"","background-media":"","overlay-type":"","overlay-color":"","overlay-opacity":"","overlay-gradient":""}}},"product_brand":[],"product_cat":[1699,1710,1729,1705],"product_tag":[],"class_list":{"0":"post-18608","1":"product","2":"type-product","3":"status-publish","4":"has-post-thumbnail","6":"product_cat-eeterlikud-olid","7":"product_cat-hugieen-ja-nahahooldus","8":"product_cat-immuunsuse-tugevdamiseks","9":"product_cat-puhtad-eeterlikud-olid","10":"desktop-align-left","11":"tablet-align-left","12":"mobile-align-left","14":"first","15":"instock","16":"sale","17":"taxable","18":"shipping-taxable","19":"purchasable","20":"product-type-simple"},"_links":{"self":[{"href":"https:\/\/mamaterra.lt\/et\/wp-json\/wp\/v2\/product\/18608","targetHints":{"allow":["GET"]}}],"collection":[{"href":"https:\/\/mamaterra.lt\/et\/wp-json\/wp\/v2\/product"}],"about":[{"href":"https:\/\/mamaterra.lt\/et\/wp-json\/wp\/v2\/types\/product"}],"wp:featuredmedia":[{"embeddable":true,"href":"https:\/\/mamaterra.lt\/et\/wp-json\/wp\/v2\/media\/18604"}],"wp:attachment":[{"href":"https:\/\/mamaterra.lt\/et\/wp-json\/wp\/v2\/media?parent=18608"}],"wp:term":[{"taxonomy":"product_brand","embeddable":true,"href":"https:\/\/mamaterra.lt\/et\/wp-json\/wp\/v2\/product_brand?post=18608"},{"taxonomy":"product_cat","embeddable":true,"href":"https:\/\/mamaterra.lt\/et\/wp-json\/wp\/v2\/product_cat?post=18608"},{"taxonomy":"product_tag","embeddable":true,"href":"https:\/\/mamaterra.lt\/et\/wp-json\/wp\/v2\/product_tag?post=18608"}],"curies":[{"name":"wp","href":"https:\/\/api.w.org\/{rel}","templated":true}]}}