{"id":18594,"date":"2023-08-28T18:23:57","date_gmt":"2023-08-28T17:23:57","guid":{"rendered":"https:\/\/mamaterra.lt\/parduotuve\/maaratlemata\/manuka-touch-10-ml\/"},"modified":"2023-08-28T18:29:34","modified_gmt":"2023-08-28T17:29:34","slug":"manuka-touch-10-ml","status":"publish","type":"product","link":"https:\/\/mamaterra.lt\/et\/parduotuve\/eeterlikud-olid\/puhtad-eeterlikud-olid\/manuka-touch-10-ml\/","title":{"rendered":"Manuka touch 10 ml"},"content":{"rendered":"<p>Manuka<\/p>\n<p>Kombineerituna fraktsioneeritud kookos\u00f5liga 10mL rullipudelis, on Manuka Touch mugavalt k\u00e4ep\u00e4rast, et edendada terve v\u00e4limusega naha v\u00e4limust.<\/p>\n<p>Kirjeldus<br \/>\nManukat on Uus-Meremaal kasutatud sajandeid selle rohkete tervislike eeliste t\u00f5ttu. Kogege d\u014dTERRA Uus-Meremaa Manuka eeterliku \u00f5li paljusid paikselt kasutatavaid eeliseid mugavas Touch-formaadis. Manuka Touch&#8217;il on omadused, mis v\u00f5ivad leevendada stressitunnet ja edendada l\u00f5\u00f5gastumist loomulikul viisil.<\/p>\n<p>Kasutage Manuka Touch&#8217;i, et maandada ja tsentreerida energiaid, kaitstes end samal ajal s\u00fcgavaks meditatsiooniks valmistudes. Paikselt manustatuna soodustab Manuka Touch siledat, tervet nahka ja v\u00f5ib v\u00e4hendada plekke.<\/p>\n<p>Esmane kasu<br \/>\nAitab hoida nahka puhtana ja puhtana, aidates samal ajal v\u00e4hendada plekkide ilmnemist<br \/>\nL\u00f5\u00f5gastav ja meeleolu rahustav<br \/>\nEdendab julgust ja sisemist j\u00f5udu<br \/>\nKasutab<br \/>\nRullige iga p\u00e4ev, et suurendada oma julgust.<br \/>\nKandke oma nahahooldusrutiini ajal, et edendada nooruslikku ja tervena n\u00e4gevat nahka.<br \/>\nKasutage l\u00f5\u00f5gastava, rahustava massaa\u017ei osana koormuse ajal.<br \/>\nKihitage Manuka koos piparm\u00fcndi ja bergamoti eeterlike \u00f5lidega v\u00e4rskendavaks motivatsiooniks.<\/p>\n","protected":false},"excerpt":{"rendered":"<p>Rullige iga p\u00e4ev, et suurendada oma julgust.<br \/>\nKandke oma nahahooldusrutiini ajal, et edendada nooruslikku ja tervena n\u00e4gevat nahka.<br \/>\nKasutage l\u00f5\u00f5gastava, rahustava massaa\u017ei osana koormuse ajal.<br \/>\nKihitage Manuka koos piparm\u00fcndi ja bergamoti eeterlike \u00f5lidega v\u00e4rskendavaks motivatsiooniks.<\/p>\n","protected":false},"featured_media":23676,"template":"","meta":{"site-sidebar-layout":"default","site-content-layout":"","ast-site-content-layout":"default","site-content-style":"default","site-sidebar-style":"default","ast-global-header-display":"","ast-banner-title-visibility":"","ast-main-header-display":"","ast-hfb-above-header-display":"","ast-hfb-below-header-display":"","ast-hfb-mobile-header-display":"","site-post-title":"","ast-breadcrumbs-content":"","ast-featured-img":"","footer-sml-layout":"","ast-disable-related-posts":"","theme-transparent-header-meta":"default","adv-header-id-meta":"","stick-header-meta":"","header-above-stick-meta":"","header-main-stick-meta":"","header-below-stick-meta":"","astra-migrate-meta-layouts":"set","ast-page-background-enabled":"default","ast-page-background-meta":{"desktop":{"background-color":"","background-image":"","background-repeat":"repeat","background-position":"center center","background-size":"auto","background-attachment":"scroll","background-type":"","background-media":"","overlay-type":"","overlay-color":"","overlay-opacity":"","overlay-gradient":""},"tablet":{"background-color":"","background-image":"","background-repeat":"repeat","background-position":"center center","background-size":"auto","background-attachment":"scroll","background-type":"","background-media":"","overlay-type":"","overlay-color":"","overlay-opacity":"","overlay-gradient":""},"mobile":{"background-color":"","background-image":"","background-repeat":"repeat","background-position":"center center","background-size":"auto","background-attachment":"scroll","background-type":"","background-media":"","overlay-type":"","overlay-color":"","overlay-opacity":"","overlay-gradient":""}},"ast-content-background-meta":{"desktop":{"background-color":"var(--ast-global-color-5)","background-image":"","background-repeat":"repeat","background-position":"center center","background-size":"auto","background-attachment":"scroll","background-type":"","background-media":"","overlay-type":"","overlay-color":"","overlay-opacity":"","overlay-gradient":""},"tablet":{"background-color":"var(--ast-global-color-5)","background-image":"","background-repeat":"repeat","background-position":"center center","background-size":"auto","background-attachment":"scroll","background-type":"","background-media":"","overlay-type":"","overlay-color":"","overlay-opacity":"","overlay-gradient":""},"mobile":{"background-color":"var(--ast-global-color-5)","background-image":"","background-repeat":"repeat","background-position":"center center","background-size":"auto","background-attachment":"scroll","background-type":"","background-media":"","overlay-type":"","overlay-color":"","overlay-opacity":"","overlay-gradient":""}}},"product_brand":[],"product_cat":[1699,1710,1731,1737,1705,1753],"product_tag":[],"class_list":{"0":"post-18594","1":"product","2":"type-product","3":"status-publish","4":"has-post-thumbnail","6":"product_cat-eeterlikud-olid","7":"product_cat-hugieen-ja-nahahooldus","8":"product_cat-keskendumiseks","9":"product_cat-magamiseks","10":"product_cat-puhtad-eeterlikud-olid","11":"product_cat-stressi-juhtimine","12":"desktop-align-left","13":"tablet-align-left","14":"mobile-align-left","16":"first","17":"instock","18":"sale","19":"taxable","20":"shipping-taxable","21":"purchasable","22":"product-type-simple"},"_links":{"self":[{"href":"https:\/\/mamaterra.lt\/et\/wp-json\/wp\/v2\/product\/18594","targetHints":{"allow":["GET"]}}],"collection":[{"href":"https:\/\/mamaterra.lt\/et\/wp-json\/wp\/v2\/product"}],"about":[{"href":"https:\/\/mamaterra.lt\/et\/wp-json\/wp\/v2\/types\/product"}],"wp:featuredmedia":[{"embeddable":true,"href":"https:\/\/mamaterra.lt\/et\/wp-json\/wp\/v2\/media\/23676"}],"wp:attachment":[{"href":"https:\/\/mamaterra.lt\/et\/wp-json\/wp\/v2\/media?parent=18594"}],"wp:term":[{"taxonomy":"product_brand","embeddable":true,"href":"https:\/\/mamaterra.lt\/et\/wp-json\/wp\/v2\/product_brand?post=18594"},{"taxonomy":"product_cat","embeddable":true,"href":"https:\/\/mamaterra.lt\/et\/wp-json\/wp\/v2\/product_cat?post=18594"},{"taxonomy":"product_tag","embeddable":true,"href":"https:\/\/mamaterra.lt\/et\/wp-json\/wp\/v2\/product_tag?post=18594"}],"curies":[{"name":"wp","href":"https:\/\/api.w.org\/{rel}","templated":true}]}}