{"id":18562,"date":"2023-08-28T17:49:43","date_gmt":"2023-08-28T16:49:43","guid":{"rendered":"https:\/\/mamaterra.lt\/parduotuve\/maaratlemata\/doterra-palmarosa-5ml\/"},"modified":"2023-08-28T17:59:12","modified_gmt":"2023-08-28T16:59:12","slug":"doterra-palmarosa-5ml","status":"publish","type":"product","link":"https:\/\/mamaterra.lt\/et\/parduotuve\/eeterlikud-olid\/puhtad-eeterlikud-olid\/doterra-palmarosa-5ml\/","title":{"rendered":"doTERRA Palmarosa 5ml"},"content":{"rendered":"<p>Palmarosa, bot. Cymbopogon martini, on ingveri sidrunheina eeterlik \u00f5li, mida kasutatakse toodete puhul, mis on m\u00f5eldud naha kaunistamiseks ja toitmiseks.<\/p>\n<p>Tuntud kui India geraanium. Ekstraheeritakse Nepalis.<\/p>\n<p>Palmarosa eeterlik \u00f5li sisaldab suure protsendi geraniooli, mis on \u00fcks samadest peamistest aromaatsetest koostisosadest kui roosi eeterlik \u00f5li.<\/p>\n<p>Sellel eeterlikul \u00f5lil on s\u00e4rav ja puhastav aroom kergelt magusate lilleliste nootidega.<\/p>\n<p>See eeterlik \u00f5li v\u00f5ib aidata tasakaalustada naha niiskustaset ning toimida toonikuna ja naha tervendajana.<br \/>\nPaar tilka palmaroosi baas\u00f5liga v\u00f5ib lisada rahustavale massaa\u017eile t\u00e4iesti uue m\u00f5\u00f5tme. Laske erksal lillel\u00f5hnal oma lihaseid t\u00f6\u00f6deldes oma meeli liigutada.<br \/>\nLoob aurutamisel hubase atmosf\u00e4\u00e4ri enda \u00fcmber. Levitades \u00f5hku, t\u00e4idab see iga ruumi meeldiva ja k\u00fclalislahke aroomiga. See on luksuslik lilleline l\u00f5hn, mis meenutab lemmik eeterlikke \u00f5lisid nagu Geranium ja roos, kuid omap\u00e4rase magusa noodiga.<br \/>\nPalmarosa eeterlik \u00f5li leevendab stressi, liigset erutust ja n\u00e4rvipingeid, parandab m\u00e4lu, hajutab hirmud ning soodustab julgust ja enesekindlust eluraskuste ees.<\/p>\n<p>KASUTAMINE<br \/>\nKasutage 2-3 tilka difusiooniks<br \/>\n\u00c4rge unustage nahale kandmisel lahjendada baas\u00f5liga, sest nahatundlikkus v\u00f5ib olla suur.<br \/>\nVala epsoni soolade peale ja naudi l\u00f5\u00f5gastavat vanni<br \/>\nPaar tilka oma tavalisse kreemi hoiab teie naha suurep\u00e4rases seisukorras.<br \/>\nKasutage massaa\u017eiks<\/p>\n<p>HOIATUS<br \/>\nHoida lastele k\u00e4ttesaamatus kohas<br \/>\nKui olete rase, imetate v\u00f5i l\u00e4bite ravi, pidage n\u00f5u oma arstiga.<br \/>\nV\u00e4ltida kokkupuudet silmade, sisek\u00f5rvade ja tundlike piirkondadega.<\/p>\n","protected":false},"excerpt":{"rendered":"<p>Palmaroosas on palju geraniooli, mis on tuntud oma v\u00f5imsa nahahoiu poolest. See muudab selle ideaalseks \u00f5liks, mida lisada oma nahahooldusrutiini. Lisades seda oma lemmik doTERRA nahahooldustoodete sarja, v\u00f5ib Palmarosa eeterlik \u00f5li edendada ja toetada terve ja noorusliku v\u00e4ljan\u00e4gemisega nahka.<\/p>\n","protected":false},"featured_media":18558,"template":"","meta":{"site-sidebar-layout":"default","site-content-layout":"","ast-site-content-layout":"default","site-content-style":"default","site-sidebar-style":"default","ast-global-header-display":"","ast-banner-title-visibility":"","ast-main-header-display":"","ast-hfb-above-header-display":"","ast-hfb-below-header-display":"","ast-hfb-mobile-header-display":"","site-post-title":"","ast-breadcrumbs-content":"","ast-featured-img":"","footer-sml-layout":"","ast-disable-related-posts":"","theme-transparent-header-meta":"default","adv-header-id-meta":"","stick-header-meta":"","header-above-stick-meta":"","header-main-stick-meta":"","header-below-stick-meta":"","astra-migrate-meta-layouts":"set","ast-page-background-enabled":"default","ast-page-background-meta":{"desktop":{"background-color":"","background-image":"","background-repeat":"repeat","background-position":"center center","background-size":"auto","background-attachment":"scroll","background-type":"","background-media":"","overlay-type":"","overlay-color":"","overlay-opacity":"","overlay-gradient":""},"tablet":{"background-color":"","background-image":"","background-repeat":"repeat","background-position":"center center","background-size":"auto","background-attachment":"scroll","background-type":"","background-media":"","overlay-type":"","overlay-color":"","overlay-opacity":"","overlay-gradient":""},"mobile":{"background-color":"","background-image":"","background-repeat":"repeat","background-position":"center center","background-size":"auto","background-attachment":"scroll","background-type":"","background-media":"","overlay-type":"","overlay-color":"","overlay-opacity":"","overlay-gradient":""}},"ast-content-background-meta":{"desktop":{"background-color":"var(--ast-global-color-5)","background-image":"","background-repeat":"repeat","background-position":"center center","background-size":"auto","background-attachment":"scroll","background-type":"","background-media":"","overlay-type":"","overlay-color":"","overlay-opacity":"","overlay-gradient":""},"tablet":{"background-color":"var(--ast-global-color-5)","background-image":"","background-repeat":"repeat","background-position":"center center","background-size":"auto","background-attachment":"scroll","background-type":"","background-media":"","overlay-type":"","overlay-color":"","overlay-opacity":"","overlay-gradient":""},"mobile":{"background-color":"var(--ast-global-color-5)","background-image":"","background-repeat":"repeat","background-position":"center center","background-size":"auto","background-attachment":"scroll","background-type":"","background-media":"","overlay-type":"","overlay-color":"","overlay-opacity":"","overlay-gradient":""}}},"product_brand":[],"product_cat":[1699,1710,1729,1705],"product_tag":[],"class_list":{"0":"post-18562","1":"product","2":"type-product","3":"status-publish","4":"has-post-thumbnail","6":"product_cat-eeterlikud-olid","7":"product_cat-hugieen-ja-nahahooldus","8":"product_cat-immuunsuse-tugevdamiseks","9":"product_cat-puhtad-eeterlikud-olid","10":"desktop-align-left","11":"tablet-align-left","12":"mobile-align-left","14":"first","15":"outofstock","16":"taxable","17":"shipping-taxable","18":"purchasable","19":"product-type-simple"},"_links":{"self":[{"href":"https:\/\/mamaterra.lt\/et\/wp-json\/wp\/v2\/product\/18562","targetHints":{"allow":["GET"]}}],"collection":[{"href":"https:\/\/mamaterra.lt\/et\/wp-json\/wp\/v2\/product"}],"about":[{"href":"https:\/\/mamaterra.lt\/et\/wp-json\/wp\/v2\/types\/product"}],"wp:featuredmedia":[{"embeddable":true,"href":"https:\/\/mamaterra.lt\/et\/wp-json\/wp\/v2\/media\/18558"}],"wp:attachment":[{"href":"https:\/\/mamaterra.lt\/et\/wp-json\/wp\/v2\/media?parent=18562"}],"wp:term":[{"taxonomy":"product_brand","embeddable":true,"href":"https:\/\/mamaterra.lt\/et\/wp-json\/wp\/v2\/product_brand?post=18562"},{"taxonomy":"product_cat","embeddable":true,"href":"https:\/\/mamaterra.lt\/et\/wp-json\/wp\/v2\/product_cat?post=18562"},{"taxonomy":"product_tag","embeddable":true,"href":"https:\/\/mamaterra.lt\/et\/wp-json\/wp\/v2\/product_tag?post=18562"}],"curies":[{"name":"wp","href":"https:\/\/api.w.org\/{rel}","templated":true}]}}