{"id":18536,"date":"2023-08-24T21:20:20","date_gmt":"2023-08-24T20:20:20","guid":{"rendered":"https:\/\/mamaterra.lt\/?post_type=product&#038;p=18536"},"modified":"2024-12-03T21:29:31","modified_gmt":"2024-12-03T20:29:31","slug":"doterra-litsea15-ml","status":"publish","type":"product","link":"https:\/\/mamaterra.lt\/et\/parduotuve\/eeterlikud-olid\/eeterlike-olide-segud\/doterra-litsea15-ml\/","title":{"rendered":"doTERRA Litsea15 ml"},"content":{"rendered":"<p>Litsea cubeba on v\u00e4ike igihaljas puu, millel on valged ja kollased \u00f5ied. Vaatamata oma sidrunil\u00f5hnale sarnanevale aroomile ei kuulu see taim tsitruseliste sugukonda. Kaneeli ja ravintsara sugulasena kuulub ta loorberite ehk loorberite sugukonda. Taime v\u00e4ikesed marjad, mida tuntakse ka nime all May Chang ja Mountain Pepper, meenutavad pipraterasid ja neid korjatakse juulist septembrini. Taime juured ja oksad on Aasias populaarsed ja neid kasutatakse traditsioonilises Hiina meditsiinis. Litsea eeterliku \u00f5li saamiseks destilleeritakse vilju auruga, kuid puitu kasutatakse m\u00f5nikord m\u00f6\u00f6bli- v\u00f5i ehitusmaterjalina. Magus ja rahustav, s\u00e4rav ja sidruniroheline, hingake otse pudelist sisse, et saada kiire turgutus. Kasutage seda difuusoris, et aidata luua l\u00f5\u00f5gastavat ja r\u00f5\u00f5msameelset atmosf\u00e4\u00e4ri. Lisage Lisea vanni v\u00f5i massaa\u017ei\u00f5lisse, et elavdada oma p\u00e4eva. V\u00e4rskendava t\u00f5uke saamiseks lisage seda omatehtud seebidesse ja kreemidesse. Litsea v\u00f5ib saada teie uueks lemmiktsitrusel\u00f5hnaks.<br \/>\nKasutused<br \/>\nKasutage seda hajutis, et elavdada atmosf\u00e4\u00e4ri.<br \/>\nLisage elavdavale ja elavdavale massaa\u017eile.<br \/>\nKombineerige Litsea tasakaalustava ja rahustava aroomi saamiseks t\u00e4iendavate \u00f5lidega, nagu lavendel, sandlipuu v\u00f5i palsam.<br \/>\nKasutamine<br \/>\nDiffusioon: Kasutage kolm kuni neli tilka teie valitud difuusorisse.<br \/>\nPaikseks kasutamiseks: Kandke \u00fcks kuni kaks tilka soovitud piirkonnale. Lahjendage kandva \u00f5liga, et v\u00e4hendada naha tundlikkust. Vt allpool t\u00e4iendavaid ettevaatusabin\u00f5usid.<br \/>\nEttevaatusabin\u00f5ud<\/p>\n<p>V\u00f5imalik nahatundlikkus. Hoida lastele k\u00e4ttesaamatus kohas. Kui olete rase, imetate v\u00f5i olete arsti j\u00e4relevalve all, konsulteerige oma arstiga. V\u00e4ltida kokkupuudet silmade, sisek\u00f5rvade ja tundlike piirkondadega. .<\/p>\n","protected":false},"excerpt":{"rendered":"<p>Kasutage seda difuusoris, et aidata luua l\u00f5\u00f5gastavat ja r\u00f5\u00f5msameelset atmosf\u00e4\u00e4ri. Lisage Lisea vanni v\u00f5i massaa\u017ei\u00f5lisse, et elavdada oma p\u00e4eva. V\u00e4rskendava t\u00f5uke saamiseks lisage seda omatehtud seebidesse ja kreemidesse. Litsea v\u00f5ib saada teie uueks lemmiktsitrusel\u00f5hnaks.<\/p>\n","protected":false},"featured_media":18542,"template":"","meta":{"site-sidebar-layout":"default","site-content-layout":"","ast-site-content-layout":"default","site-content-style":"default","site-sidebar-style":"default","ast-global-header-display":"","ast-banner-title-visibility":"","ast-main-header-display":"","ast-hfb-above-header-display":"","ast-hfb-below-header-display":"","ast-hfb-mobile-header-display":"","site-post-title":"","ast-breadcrumbs-content":"","ast-featured-img":"","footer-sml-layout":"","ast-disable-related-posts":"","theme-transparent-header-meta":"default","adv-header-id-meta":"","stick-header-meta":"","header-above-stick-meta":"","header-main-stick-meta":"","header-below-stick-meta":"","astra-migrate-meta-layouts":"set","ast-page-background-enabled":"default","ast-page-background-meta":{"desktop":{"background-color":"","background-image":"","background-repeat":"repeat","background-position":"center center","background-size":"auto","background-attachment":"scroll","background-type":"","background-media":"","overlay-type":"","overlay-color":"","overlay-opacity":"","overlay-gradient":""},"tablet":{"background-color":"","background-image":"","background-repeat":"repeat","background-position":"center center","background-size":"auto","background-attachment":"scroll","background-type":"","background-media":"","overlay-type":"","overlay-color":"","overlay-opacity":"","overlay-gradient":""},"mobile":{"background-color":"","background-image":"","background-repeat":"repeat","background-position":"center center","background-size":"auto","background-attachment":"scroll","background-type":"","background-media":"","overlay-type":"","overlay-color":"","overlay-opacity":"","overlay-gradient":""}},"ast-content-background-meta":{"desktop":{"background-color":"var(--ast-global-color-5)","background-image":"","background-repeat":"repeat","background-position":"center center","background-size":"auto","background-attachment":"scroll","background-type":"","background-media":"","overlay-type":"","overlay-color":"","overlay-opacity":"","overlay-gradient":""},"tablet":{"background-color":"var(--ast-global-color-5)","background-image":"","background-repeat":"repeat","background-position":"center center","background-size":"auto","background-attachment":"scroll","background-type":"","background-media":"","overlay-type":"","overlay-color":"","overlay-opacity":"","overlay-gradient":""},"mobile":{"background-color":"var(--ast-global-color-5)","background-image":"","background-repeat":"repeat","background-position":"center center","background-size":"auto","background-attachment":"scroll","background-type":"","background-media":"","overlay-type":"","overlay-color":"","overlay-opacity":"","overlay-gradient":""}}},"product_brand":[],"product_cat":[1701,1699],"product_tag":[],"class_list":{"0":"post-18536","1":"product","2":"type-product","3":"status-publish","4":"has-post-thumbnail","6":"product_cat-eeterlike-olide-segud","7":"product_cat-eeterlikud-olid","8":"desktop-align-left","9":"tablet-align-left","10":"mobile-align-left","12":"first","13":"outofstock","14":"taxable","15":"shipping-taxable","16":"purchasable","17":"product-type-simple"},"_links":{"self":[{"href":"https:\/\/mamaterra.lt\/et\/wp-json\/wp\/v2\/product\/18536","targetHints":{"allow":["GET"]}}],"collection":[{"href":"https:\/\/mamaterra.lt\/et\/wp-json\/wp\/v2\/product"}],"about":[{"href":"https:\/\/mamaterra.lt\/et\/wp-json\/wp\/v2\/types\/product"}],"wp:featuredmedia":[{"embeddable":true,"href":"https:\/\/mamaterra.lt\/et\/wp-json\/wp\/v2\/media\/18542"}],"wp:attachment":[{"href":"https:\/\/mamaterra.lt\/et\/wp-json\/wp\/v2\/media?parent=18536"}],"wp:term":[{"taxonomy":"product_brand","embeddable":true,"href":"https:\/\/mamaterra.lt\/et\/wp-json\/wp\/v2\/product_brand?post=18536"},{"taxonomy":"product_cat","embeddable":true,"href":"https:\/\/mamaterra.lt\/et\/wp-json\/wp\/v2\/product_cat?post=18536"},{"taxonomy":"product_tag","embeddable":true,"href":"https:\/\/mamaterra.lt\/et\/wp-json\/wp\/v2\/product_tag?post=18536"}],"curies":[{"name":"wp","href":"https:\/\/api.w.org\/{rel}","templated":true}]}}