{"id":18528,"date":"2023-08-24T21:00:26","date_gmt":"2023-08-24T20:00:26","guid":{"rendered":"https:\/\/mamaterra.lt\/parduotuve\/maaratlemata\/sotumo-guma-su-metapwr-metaboliniu-misiniu\/"},"modified":"2024-03-26T20:06:14","modified_gmt":"2024-03-26T19:06:14","slug":"metapwr-metabolic-blend-satiety-gum","status":"publish","type":"product","link":"https:\/\/mamaterra.lt\/et\/parduotuve\/eeterlikud-olid\/eeterlike-olide-segud\/metapwr-metabolic-blend-satiety-gum\/","title":{"rendered":"MetaPWR Metabolic Blend Satiety Gum"},"content":{"rendered":"<h6>MetaPWR Metabolic Blend Satiety Gum<\/h6>\n<p>MetaPWR Satiety Gum on kauakestva magusa, piparm\u00fcndi ja v\u00fcrtsika maitsega, mis aitab ohjeldada n\u00e4ljatunnet, soodustab t\u00e4helepanelikku s\u00f6\u00f6mist ja toetab tervislikku ainevahetust. * Koos doTERRA teadlastega v\u00e4lja t\u00f6\u00f6tatud MetaPWR Satiety Gum sisaldab kliiniliselt tasakaalustatud vahekorras CPTG\u00ae greibi, sidruni, piparm\u00fcndi, ingveri ja kaneelikoore eeterlikke \u00f5lisid, et edendada ainevahetuse tervist ja ohjeldada n\u00e4ljatunnet.* Ilma suhkru v\u00f5i kunstlike magusaineta on see n\u00e4rimiskumm nauditav viis MetaPWR Metabolic Blend&#8217;i optimeerimiseks osana igap\u00e4evasest kaalu- ja treeningukavast.*<\/p>\n<p>MetaPWR Satiety Gum &#8211; osa MetaPWR Metabolic System&#8217;ist &#8211; toetab tervislikku eluviisi, mis keskendub energia ja eluj\u00f5u suurendamisele, ainevahetuse tervisele ja kaaluj\u00e4lgimisele, et lisada tervist kogu elueale.*<\/p>\n<p>Ei sisalda GMOsid<br \/>\nEi sisalda soja<br \/>\nEi s\u00e4ilitusaineid<br \/>\nEi sisalda piimatooteid<br \/>\nEi gluteeni<br \/>\nEi mingeid kunstlikke magusaineid ega l\u00f5hna- ja maitseaineid<\/p>\n","protected":false},"excerpt":{"rendered":"<p>MetaPWR Satiety Gum on kauakestva magusa, piparm\u00fcndi ja v\u00fcrtsika maitsega, mis aitab ohjeldada n\u00e4ljatunnet, soodustab t\u00e4helepanelikku s\u00f6\u00f6mist ja toetab tervislikku ainevahetust<\/p>\n","protected":false},"featured_media":0,"template":"","meta":{"site-sidebar-layout":"default","site-content-layout":"","ast-site-content-layout":"default","site-content-style":"default","site-sidebar-style":"default","ast-global-header-display":"","ast-banner-title-visibility":"","ast-main-header-display":"","ast-hfb-above-header-display":"","ast-hfb-below-header-display":"","ast-hfb-mobile-header-display":"","site-post-title":"","ast-breadcrumbs-content":"","ast-featured-img":"","footer-sml-layout":"","ast-disable-related-posts":"","theme-transparent-header-meta":"default","adv-header-id-meta":"","stick-header-meta":"","header-above-stick-meta":"","header-main-stick-meta":"","header-below-stick-meta":"","astra-migrate-meta-layouts":"set","ast-page-background-enabled":"default","ast-page-background-meta":{"desktop":{"background-color":"","background-image":"","background-repeat":"repeat","background-position":"center center","background-size":"auto","background-attachment":"scroll","background-type":"","background-media":"","overlay-type":"","overlay-color":"","overlay-opacity":"","overlay-gradient":""},"tablet":{"background-color":"","background-image":"","background-repeat":"repeat","background-position":"center center","background-size":"auto","background-attachment":"scroll","background-type":"","background-media":"","overlay-type":"","overlay-color":"","overlay-opacity":"","overlay-gradient":""},"mobile":{"background-color":"","background-image":"","background-repeat":"repeat","background-position":"center center","background-size":"auto","background-attachment":"scroll","background-type":"","background-media":"","overlay-type":"","overlay-color":"","overlay-opacity":"","overlay-gradient":""}},"ast-content-background-meta":{"desktop":{"background-color":"var(--ast-global-color-5)","background-image":"","background-repeat":"repeat","background-position":"center center","background-size":"auto","background-attachment":"scroll","background-type":"","background-media":"","overlay-type":"","overlay-color":"","overlay-opacity":"","overlay-gradient":""},"tablet":{"background-color":"var(--ast-global-color-5)","background-image":"","background-repeat":"repeat","background-position":"center center","background-size":"auto","background-attachment":"scroll","background-type":"","background-media":"","overlay-type":"","overlay-color":"","overlay-opacity":"","overlay-gradient":""},"mobile":{"background-color":"var(--ast-global-color-5)","background-image":"","background-repeat":"repeat","background-position":"center center","background-size":"auto","background-attachment":"scroll","background-type":"","background-media":"","overlay-type":"","overlay-color":"","overlay-opacity":"","overlay-gradient":""}}},"product_brand":[],"product_cat":[1701,1759],"product_tag":[],"class_list":{"0":"post-18528","1":"product","2":"type-product","3":"status-publish","5":"product_cat-eeterlike-olide-segud","6":"product_cat-seedimine","7":"desktop-align-left","8":"tablet-align-left","9":"mobile-align-left","11":"first","12":"outofstock","13":"sale","14":"taxable","15":"shipping-taxable","16":"purchasable","17":"product-type-simple"},"_links":{"self":[{"href":"https:\/\/mamaterra.lt\/et\/wp-json\/wp\/v2\/product\/18528","targetHints":{"allow":["GET"]}}],"collection":[{"href":"https:\/\/mamaterra.lt\/et\/wp-json\/wp\/v2\/product"}],"about":[{"href":"https:\/\/mamaterra.lt\/et\/wp-json\/wp\/v2\/types\/product"}],"wp:attachment":[{"href":"https:\/\/mamaterra.lt\/et\/wp-json\/wp\/v2\/media?parent=18528"}],"wp:term":[{"taxonomy":"product_brand","embeddable":true,"href":"https:\/\/mamaterra.lt\/et\/wp-json\/wp\/v2\/product_brand?post=18528"},{"taxonomy":"product_cat","embeddable":true,"href":"https:\/\/mamaterra.lt\/et\/wp-json\/wp\/v2\/product_cat?post=18528"},{"taxonomy":"product_tag","embeddable":true,"href":"https:\/\/mamaterra.lt\/et\/wp-json\/wp\/v2\/product_tag?post=18528"}],"curies":[{"name":"wp","href":"https:\/\/api.w.org\/{rel}","templated":true}]}}