{"id":18516,"date":"2023-08-24T20:43:11","date_gmt":"2023-08-24T19:43:11","guid":{"rendered":"https:\/\/mamaterra.lt\/parduotuve\/maaratlemata\/doterra-metapwr-misinys-15ml\/"},"modified":"2024-02-10T18:39:57","modified_gmt":"2024-02-10T17:39:57","slug":"doterra-metapwr-eeterlike-olide-segu-15ml","status":"publish","type":"product","link":"https:\/\/mamaterra.lt\/et\/parduotuve\/eeterlikud-olid\/eeterlike-olide-segud\/doterra-metapwr-eeterlike-olide-segu-15ml\/","title":{"rendered":"doTERRA MetaPWR Eeterlike \u00f5lide segu 15ml"},"content":{"rendered":"<div class=\"spotlight__head\">\n<div class=\"ui container\">\n<div class=\"spotlight__wrap\">\n<div class=\"spotlight__head-item spotlight__head-item--copy\">\n<p>MetaPWR\u2122<br \/>\nEeterlike \u00f5lide segu<\/p>\n<p>MetaPWR eeterlike \u00f5lide segu on m\u00f5eldud elustiili toetamiseks, mis keskendub eluj\u00f5u suurendamisele, parematele toitumisvalikutele ja heaolu s\u00e4ilitamisele. DoTERRA kliiniliste ja meditsiiniteadlaste poolt v\u00e4lja t\u00f6\u00f6tatud MetaPWR segu on formuleeritud CPTG\u2122 greibi, sidruni, piparm\u00fcndi, ingveri ja kaneeli eeterlike \u00f5lide spetsiifiliste tasakaalustatud vahekordadega. Tsitruseliste, piparm\u00fcndi ja v\u00fcrtside \u00f5lide kombinatsioon muudab MetaPWRi v\u00f5imsaks toidumaitseks, mis aitab rahuldada teie magusat isu!<\/p>\n<p>Sobib ideaalselt jookidele lisamiseks oma tsitruselise, v\u00fcrtsika, piparm\u00fcndi ja magusa aroomiga.<br \/>\nPakub ideaalse t\u00f5uke, mida vajate enne j\u00f5ulist treeningut ja selle ajal.<br \/>\nMetaPWR v\u00f5ib retseptidele lisatuna stimuleerida meeli ja aidata meeleolu t\u00f5sta.<br \/>\nKasulik t\u00e4iendus teie tervisekavale, et t\u00e4iendada teadlikke toiduvalikuid.<\/p>\n<p>Seoses piparm\u00fcndi eeterliku \u00f5li koostisosaga:<\/p>\n<p>Kasutatakse seedimise h\u00f5lbustamiseks*<br \/>\nAitab kaasa seedeelundite tootmise stimuleerimisele*<br \/>\nToetab maksa ja sapiteede funktsiooni*<br \/>\nAitab h\u00f5lbustada rasva seedimist*<br \/>\nAitab kaasa paremale rasvade seedimisele*<br \/>\nAitab toetada seedimist*<br \/>\nAitab hoida mao tervena*.<\/p>\n<p>*Need tervisealased v\u00e4ited on veel ELi ja Euroopa Toiduohutusameti otsusel.<\/p>\n<p>T\u00e4ielik koostisosade loetelu<\/p>\n<p>Greibi\u00f5li, sidruni\u00f5li, ingveri\u00f5li, piparm\u00fcndi\u00f5li, kaneelikoore\u00f5li.<\/p>\n<\/div>\n<\/div>\n<\/div>\n<\/div>\n","protected":false},"excerpt":{"rendered":"<ul class=\"spotlight__list-custom custom-list\">\n<li>Annab vajaliku t\u00f5uke enne intensiivset treeningut ja selle ajal.<\/li>\n<li>Toidu maitsestamisel v\u00f5ib MetaPWR stimuleerida meeli ja t\u00f5sta meeleolu.<\/li>\n<li>Suurep\u00e4rane toidulisand tervist edendavaks raviskeemiks, mis aitab kaasa teadlikele toiduvalikutele<\/li>\n<\/ul>\n","protected":false},"featured_media":14096,"template":"","meta":{"site-sidebar-layout":"default","site-content-layout":"","ast-site-content-layout":"default","site-content-style":"default","site-sidebar-style":"default","ast-global-header-display":"","ast-banner-title-visibility":"","ast-main-header-display":"","ast-hfb-above-header-display":"","ast-hfb-below-header-display":"","ast-hfb-mobile-header-display":"","site-post-title":"","ast-breadcrumbs-content":"","ast-featured-img":"","footer-sml-layout":"","ast-disable-related-posts":"","theme-transparent-header-meta":"default","adv-header-id-meta":"","stick-header-meta":"","header-above-stick-meta":"","header-main-stick-meta":"","header-below-stick-meta":"","astra-migrate-meta-layouts":"set","ast-page-background-enabled":"default","ast-page-background-meta":{"desktop":{"background-color":"","background-image":"","background-repeat":"repeat","background-position":"center center","background-size":"auto","background-attachment":"scroll","background-type":"","background-media":"","overlay-type":"","overlay-color":"","overlay-opacity":"","overlay-gradient":""},"tablet":{"background-color":"","background-image":"","background-repeat":"repeat","background-position":"center center","background-size":"auto","background-attachment":"scroll","background-type":"","background-media":"","overlay-type":"","overlay-color":"","overlay-opacity":"","overlay-gradient":""},"mobile":{"background-color":"","background-image":"","background-repeat":"repeat","background-position":"center center","background-size":"auto","background-attachment":"scroll","background-type":"","background-media":"","overlay-type":"","overlay-color":"","overlay-opacity":"","overlay-gradient":""}},"ast-content-background-meta":{"desktop":{"background-color":"var(--ast-global-color-5)","background-image":"","background-repeat":"repeat","background-position":"center center","background-size":"auto","background-attachment":"scroll","background-type":"","background-media":"","overlay-type":"","overlay-color":"","overlay-opacity":"","overlay-gradient":""},"tablet":{"background-color":"var(--ast-global-color-5)","background-image":"","background-repeat":"repeat","background-position":"center center","background-size":"auto","background-attachment":"scroll","background-type":"","background-media":"","overlay-type":"","overlay-color":"","overlay-opacity":"","overlay-gradient":""},"mobile":{"background-color":"var(--ast-global-color-5)","background-image":"","background-repeat":"repeat","background-position":"center center","background-size":"auto","background-attachment":"scroll","background-type":"","background-media":"","overlay-type":"","overlay-color":"","overlay-opacity":"","overlay-gradient":""}}},"product_brand":[],"product_cat":[1701,1699,1759],"product_tag":[],"class_list":{"0":"post-18516","1":"product","2":"type-product","3":"status-publish","4":"has-post-thumbnail","6":"product_cat-eeterlike-olide-segud","7":"product_cat-eeterlikud-olid","8":"product_cat-seedimine","9":"desktop-align-left","10":"tablet-align-left","11":"mobile-align-left","13":"first","14":"instock","15":"taxable","16":"shipping-taxable","17":"purchasable","18":"product-type-simple"},"_links":{"self":[{"href":"https:\/\/mamaterra.lt\/et\/wp-json\/wp\/v2\/product\/18516","targetHints":{"allow":["GET"]}}],"collection":[{"href":"https:\/\/mamaterra.lt\/et\/wp-json\/wp\/v2\/product"}],"about":[{"href":"https:\/\/mamaterra.lt\/et\/wp-json\/wp\/v2\/types\/product"}],"wp:featuredmedia":[{"embeddable":true,"href":"https:\/\/mamaterra.lt\/et\/wp-json\/wp\/v2\/media\/14096"}],"wp:attachment":[{"href":"https:\/\/mamaterra.lt\/et\/wp-json\/wp\/v2\/media?parent=18516"}],"wp:term":[{"taxonomy":"product_brand","embeddable":true,"href":"https:\/\/mamaterra.lt\/et\/wp-json\/wp\/v2\/product_brand?post=18516"},{"taxonomy":"product_cat","embeddable":true,"href":"https:\/\/mamaterra.lt\/et\/wp-json\/wp\/v2\/product_cat?post=18516"},{"taxonomy":"product_tag","embeddable":true,"href":"https:\/\/mamaterra.lt\/et\/wp-json\/wp\/v2\/product_tag?post=18516"}],"curies":[{"name":"wp","href":"https:\/\/api.w.org\/{rel}","templated":true}]}}