{"id":18448,"date":"2023-08-09T15:53:20","date_gmt":"2023-08-09T14:53:20","guid":{"rendered":"https:\/\/mamaterra.lt\/parduotuve\/maaratlemata\/doterra-gardenia-touch-gardenija-10-ml\/"},"modified":"2024-03-10T19:03:00","modified_gmt":"2024-03-10T18:03:00","slug":"doterra-gardenia-touch-10-ml","status":"publish","type":"product","link":"https:\/\/mamaterra.lt\/et\/parduotuve\/kingitused\/kingitused-naistele\/doterra-gardenia-touch-10-ml\/","title":{"rendered":"doTERRA Gardenia touch 10 ml"},"content":{"rendered":"<p>Gardenia jasminoides<\/p>\n<p>Kagu-Aasias kasvatatud Gardenia jasminoides on Hiinas igihaljas \u00f5itsev puu, mida nimetatakse &#8220;Zhi Zi&#8221;. See on p\u00e4rit Hiinast ja Jaapanist. Tumeroheliste elliptiliste lehtedega kaetud \u00f5itsevate gardeniate l\u00e4bitungiv ja joovastav l\u00f5hn on \u00e4\u00e4rmiselt lopsakas. Kui puu \u00f5itseb, on kroonlehed paigutatud nagu spiraalid, luues suurep\u00e4rase s\u00fcmmeetrilise pildi. Nende taimede eeterlik \u00f5li, mis sarnaneb jasmiiniga, destilleeritakse taime lilledest auruga ja v\u00e4ikese koguse ekstraheerimiseks on vaja suurt hulka neist. Selle fraktsioneeritud kookos\u00f5li (fraktsioneeritud kookos\u00f5li) lahjendamine loob \u00f5rna ja \u00f5rna l\u00f5hna, mida serveeritakse mugavas pudelis koos kuulaplikaatoriga.<\/p>\n<p>Kasutama<\/p>\n<p>Enne n\u00e4ohooldustoodete kasutamist masseerige \u00f5rnalt v\u00e4ike kogus nahka, et parandada naha seisundit ja s\u00e4ilitada niiskust.<\/p>\n<p>P\u00e4rast juuste pesemist kandke peopesadele v\u00e4ike kogus ja kandke juustele ja peanahale, et neid toita ja niisutada.<\/p>\n<p>Kandke pulsipunkte, kasutage parf\u00fc\u00fcmina, mis soodustab positiivsust.<\/p>\n<p>Massaa\u017ei ajal v\u00e4rskendab aistinguid.<\/p>\n<p>Soovitused kasutamiseks<br \/>\nAinult v\u00e4liseks kasutamiseks. H\u00f5\u00f5ruge nahka, kui soovite hingata, hoolitsege naha eest v\u00f5i masseerige.<\/p>\n<p>Hoiatused<br \/>\nV\u00f5imalik naha tundlikkus. Hoida lastele k\u00e4ttesaamatus kohas. Kui olete rase v\u00f5i arsti j\u00e4relevalve all, pidage n\u00f5u oma arstiga. V\u00e4ltida kokkupuudet silmade, sisek\u00f5rvade ja tundlike piirkondadega.<\/p>\n","protected":false},"excerpt":{"rendered":"<ul>\n<li>Rahustab ja l\u00f5dvestab, julgustab olema sallivam enda ja teiste suhtes, unustab kaebused, lihtsustab s\u00f5prussuhete ja suhete loomist.<\/li>\n<li>Kandke doterra gardenia Touch pulseerivatele aladele ja nautige imelist isiklikku parf\u00fc\u00fcmi.<\/li>\n<li>Kandke nahale, et s\u00e4ilitada selle tervislik v\u00e4limus.<\/li>\n<li>Kasutage l\u00f5\u00f5gastavaks massaa\u017eiks rahustava ja niisutava lisandina.<\/li>\n<\/ul>\n","protected":false},"featured_media":18444,"template":"","meta":{"site-sidebar-layout":"default","site-content-layout":"default","ast-site-content-layout":"default","site-content-style":"default","site-sidebar-style":"default","ast-global-header-display":"","ast-banner-title-visibility":"","ast-main-header-display":"","ast-hfb-above-header-display":"","ast-hfb-below-header-display":"","ast-hfb-mobile-header-display":"","site-post-title":"","ast-breadcrumbs-content":"","ast-featured-img":"","footer-sml-layout":"","ast-disable-related-posts":"","theme-transparent-header-meta":"default","adv-header-id-meta":"","stick-header-meta":"","header-above-stick-meta":"","header-main-stick-meta":"","header-below-stick-meta":"","astra-migrate-meta-layouts":"set","ast-page-background-enabled":"default","ast-page-background-meta":{"desktop":{"background-color":"","background-image":"","background-repeat":"repeat","background-position":"center center","background-size":"auto","background-attachment":"scroll","background-type":"","background-media":"","overlay-type":"","overlay-color":"","overlay-opacity":"","overlay-gradient":""},"tablet":{"background-color":"","background-image":"","background-repeat":"repeat","background-position":"center center","background-size":"auto","background-attachment":"scroll","background-type":"","background-media":"","overlay-type":"","overlay-color":"","overlay-opacity":"","overlay-gradient":""},"mobile":{"background-color":"","background-image":"","background-repeat":"repeat","background-position":"center center","background-size":"auto","background-attachment":"scroll","background-type":"","background-media":"","overlay-type":"","overlay-color":"","overlay-opacity":"","overlay-gradient":""}},"ast-content-background-meta":{"desktop":{"background-color":"var(--ast-global-color-5)","background-image":"","background-repeat":"repeat","background-position":"center center","background-size":"auto","background-attachment":"scroll","background-type":"","background-media":"","overlay-type":"","overlay-color":"","overlay-opacity":"","overlay-gradient":""},"tablet":{"background-color":"var(--ast-global-color-5)","background-image":"","background-repeat":"repeat","background-position":"center center","background-size":"auto","background-attachment":"scroll","background-type":"","background-media":"","overlay-type":"","overlay-color":"","overlay-opacity":"","overlay-gradient":""},"mobile":{"background-color":"var(--ast-global-color-5)","background-image":"","background-repeat":"repeat","background-position":"center center","background-size":"auto","background-attachment":"scroll","background-type":"","background-media":"","overlay-type":"","overlay-color":"","overlay-opacity":"","overlay-gradient":""}}},"product_brand":[],"product_cat":[1699,1710,1690,1693,1741,1753],"product_tag":[],"class_list":{"0":"post-18448","1":"product","2":"type-product","3":"status-publish","4":"has-post-thumbnail","6":"product_cat-eeterlikud-olid","7":"product_cat-hugieen-ja-nahahooldus","8":"product_cat-kingitused","9":"product_cat-kingitused-naistele","10":"product_cat-naistele","11":"product_cat-stressi-juhtimine","12":"desktop-align-left","13":"tablet-align-left","14":"mobile-align-left","16":"first","17":"instock","18":"sale","19":"taxable","20":"shipping-taxable","21":"purchasable","22":"product-type-simple"},"_links":{"self":[{"href":"https:\/\/mamaterra.lt\/et\/wp-json\/wp\/v2\/product\/18448","targetHints":{"allow":["GET"]}}],"collection":[{"href":"https:\/\/mamaterra.lt\/et\/wp-json\/wp\/v2\/product"}],"about":[{"href":"https:\/\/mamaterra.lt\/et\/wp-json\/wp\/v2\/types\/product"}],"wp:featuredmedia":[{"embeddable":true,"href":"https:\/\/mamaterra.lt\/et\/wp-json\/wp\/v2\/media\/18444"}],"wp:attachment":[{"href":"https:\/\/mamaterra.lt\/et\/wp-json\/wp\/v2\/media?parent=18448"}],"wp:term":[{"taxonomy":"product_brand","embeddable":true,"href":"https:\/\/mamaterra.lt\/et\/wp-json\/wp\/v2\/product_brand?post=18448"},{"taxonomy":"product_cat","embeddable":true,"href":"https:\/\/mamaterra.lt\/et\/wp-json\/wp\/v2\/product_cat?post=18448"},{"taxonomy":"product_tag","embeddable":true,"href":"https:\/\/mamaterra.lt\/et\/wp-json\/wp\/v2\/product_tag?post=18448"}],"curies":[{"name":"wp","href":"https:\/\/api.w.org\/{rel}","templated":true}]}}