{"id":18306,"date":"2023-07-01T12:17:32","date_gmt":"2023-07-01T11:17:32","guid":{"rendered":"https:\/\/mamaterra.lt\/parduotuve\/maaratlemata\/doterra-sun-body-mineral-sunscreen-spray-mineralinis-purskiklis-nuo-saules-kunui\/"},"modified":"2024-03-10T16:09:20","modified_gmt":"2024-03-10T15:09:20","slug":"doterra-sun-body-mineral-sunscreen-spray-mineraalne-paikesekaitsesprei","status":"publish","type":"product","link":"https:\/\/mamaterra.lt\/et\/parduotuve\/hugieen-ja-nahahooldus\/doterra-sun-et\/doterra-sun-body-mineral-sunscreen-spray-mineraalne-paikesekaitsesprei\/","title":{"rendered":"d\u014dTERRA sun Body Mineral Sunscreen Spray mineraalne p\u00e4ikesekaitsesprei"},"content":{"rendered":"<h6 class=\"spotlight__head-title\">d\u014dTERRA\u2122 sun Body mineraalne p\u00e4ikesekaitsesprei<\/h6>\n<p>170 g<\/p>\n<p>Meie Body Mineral Sunscreen Spray on vaid \u00fche pritsimise kaugusel kogu keha kaitsest. Magnoolia, Ylang Ylangi ja Helichrysumi lillelised aroomid \u00fchinevad punase mandariini, sidrunheina, porgandiseemne ja palsamiga, mis annavad kerge ja ergutava aroomi. See on pakendatud alumiiniumist aerosoolita pihustuspudelisse, mis annab pidevat pihustust, mis tagab h\u00f5lpsa, k\u00f5ikjale ulatuva katvuse kuni 80 minutiks.<\/p>\n<ul class=\"spotlight__list-custom custom-list\">\n<li>Pakub SPF 30+ laia spektriga (UVA\/UVB) kaitset kerge, niisutava mineraalspreiga.<\/li>\n<li>Sisaldab mitte-nano tsinkoksiidi, avokaado\u00f5li, aloe verat, vaarikaseemne\u00f5li ja E-vitamiini.<\/li>\n<li>Ei sisalda ftalaate, oks\u00fcbensooni ega s\u00fcnteetilisi l\u00f5hnaaineid.<\/li>\n<li>Toitev, intensiivselt niisutav koostis on dermatoloogiliselt testitud ja veekindel kuni 80 minutit.<\/li>\n<li>Vegan-s\u00f5bralik ja riiulivaba.<\/li>\n<\/ul>\n","protected":false},"excerpt":{"rendered":"<ul class=\"spotlight__list-custom custom-list\">\n<li>Pakub SPF 30+ laia spektriga (UVA\/UVB) kaitset kerge, niisutava mineraalspreiga.<\/li>\n<li>Sisaldab mitte-nano tsinkoksiidi, avokaado\u00f5li, aloe verat, vaarikaseemne\u00f5li ja E-vitamiini.<\/li>\n<li>Ei sisalda ftalaate, oks\u00fcbensooni ega s\u00fcnteetilisi l\u00f5hnaaineid.<\/li>\n<li>Toitev, intensiivselt niisutav koostis on dermatoloogiliselt testitud ja veekindel kuni 80 minutit.<\/li>\n<li>Vegan-s\u00f5bralik ja riiulivaba.<\/li>\n<li><\/li>\n<\/ul>\n","protected":false},"featured_media":18302,"template":"","meta":{"site-sidebar-layout":"default","site-content-layout":"default","ast-site-content-layout":"default","site-content-style":"default","site-sidebar-style":"default","ast-global-header-display":"","ast-banner-title-visibility":"","ast-main-header-display":"","ast-hfb-above-header-display":"","ast-hfb-below-header-display":"","ast-hfb-mobile-header-display":"","site-post-title":"","ast-breadcrumbs-content":"","ast-featured-img":"","footer-sml-layout":"","ast-disable-related-posts":"","theme-transparent-header-meta":"default","adv-header-id-meta":"","stick-header-meta":"","header-above-stick-meta":"","header-main-stick-meta":"","header-below-stick-meta":"","astra-migrate-meta-layouts":"set","ast-page-background-enabled":"default","ast-page-background-meta":{"desktop":{"background-color":"","background-image":"","background-repeat":"repeat","background-position":"center center","background-size":"auto","background-attachment":"scroll","background-type":"","background-media":"","overlay-type":"","overlay-color":"","overlay-opacity":"","overlay-gradient":""},"tablet":{"background-color":"","background-image":"","background-repeat":"repeat","background-position":"center center","background-size":"auto","background-attachment":"scroll","background-type":"","background-media":"","overlay-type":"","overlay-color":"","overlay-opacity":"","overlay-gradient":""},"mobile":{"background-color":"","background-image":"","background-repeat":"repeat","background-position":"center center","background-size":"auto","background-attachment":"scroll","background-type":"","background-media":"","overlay-type":"","overlay-color":"","overlay-opacity":"","overlay-gradient":""}},"ast-content-background-meta":{"desktop":{"background-color":"var(--ast-global-color-5)","background-image":"","background-repeat":"repeat","background-position":"center center","background-size":"auto","background-attachment":"scroll","background-type":"","background-media":"","overlay-type":"","overlay-color":"","overlay-opacity":"","overlay-gradient":""},"tablet":{"background-color":"var(--ast-global-color-5)","background-image":"","background-repeat":"repeat","background-position":"center center","background-size":"auto","background-attachment":"scroll","background-type":"","background-media":"","overlay-type":"","overlay-color":"","overlay-opacity":"","overlay-gradient":""},"mobile":{"background-color":"var(--ast-global-color-5)","background-image":"","background-repeat":"repeat","background-position":"center center","background-size":"auto","background-attachment":"scroll","background-type":"","background-media":"","overlay-type":"","overlay-color":"","overlay-opacity":"","overlay-gradient":""}}},"product_brand":[],"product_cat":[3577,1710,1756],"product_tag":[],"class_list":{"0":"post-18306","1":"product","2":"type-product","3":"status-publish","4":"has-post-thumbnail","6":"product_cat-doterra-sun-et","7":"product_cat-hugieen-ja-nahahooldus","8":"product_cat-lastele","9":"desktop-align-left","10":"tablet-align-left","11":"mobile-align-left","13":"first","14":"instock","15":"sale","16":"taxable","17":"shipping-taxable","18":"purchasable","19":"product-type-simple"},"_links":{"self":[{"href":"https:\/\/mamaterra.lt\/et\/wp-json\/wp\/v2\/product\/18306","targetHints":{"allow":["GET"]}}],"collection":[{"href":"https:\/\/mamaterra.lt\/et\/wp-json\/wp\/v2\/product"}],"about":[{"href":"https:\/\/mamaterra.lt\/et\/wp-json\/wp\/v2\/types\/product"}],"wp:featuredmedia":[{"embeddable":true,"href":"https:\/\/mamaterra.lt\/et\/wp-json\/wp\/v2\/media\/18302"}],"wp:attachment":[{"href":"https:\/\/mamaterra.lt\/et\/wp-json\/wp\/v2\/media?parent=18306"}],"wp:term":[{"taxonomy":"product_brand","embeddable":true,"href":"https:\/\/mamaterra.lt\/et\/wp-json\/wp\/v2\/product_brand?post=18306"},{"taxonomy":"product_cat","embeddable":true,"href":"https:\/\/mamaterra.lt\/et\/wp-json\/wp\/v2\/product_cat?post=18306"},{"taxonomy":"product_tag","embeddable":true,"href":"https:\/\/mamaterra.lt\/et\/wp-json\/wp\/v2\/product_tag?post=18306"}],"curies":[{"name":"wp","href":"https:\/\/api.w.org\/{rel}","templated":true}]}}