{"id":18291,"date":"2023-07-01T11:58:49","date_gmt":"2023-07-01T10:58:49","guid":{"rendered":"https:\/\/mamaterra.lt\/parduotuve\/maaratlemata\/doterra-sun-after-sun-body-spray-purskiklis-kunui-po-deginimosi-2\/"},"modified":"2024-03-10T16:38:36","modified_gmt":"2024-03-10T15:38:36","slug":"doterra-sun-after-sun-body-spray-doterra-sun-after-sun-kehasprei","status":"publish","type":"product","link":"https:\/\/mamaterra.lt\/et\/parduotuve\/hugieen-ja-nahahooldus\/doterra-sun-et\/doterra-sun-after-sun-body-spray-doterra-sun-after-sun-kehasprei\/","title":{"rendered":"d\u014dTERRA\u2122 sun After Sun Body Spray d\u014dTERRA\u2122 sun After Sun kehasprei"},"content":{"rendered":"<h6>d\u014dTERRA\u2122 sun After Sun kehasprei<\/h6>\n<p>170 g<\/p>\n<p>d\u014dTERRA\u2122 sun After Sun kehasprei<br \/>\nAndke oma nahale armastavat lisahooldust p\u00e4rast pikalt soojade kiirtega veedetud tunde After Sun Body Spray&#8217;ga. H\u00fcaluroonhappe niisutavad omadused ja aloe vera rahustavad omadused koos arnica montana lilleekstraktiga moodustavad s\u00fcgavalt niisutava koostisega. Kopaiba, lavendli, sidrunheina, piparm\u00fcndi, jaapani piparm\u00fcndi, helichrysumi, sandlipuu, sinise taansi, frangiini ja koriandri eeterlike \u00f5lide lisamine annab v\u00e4rske ja s\u00e4rava, kuid samas maandava ja peene aroomi. Toode on pakendatud alumiiniumist aerosoolita pihustuspudelisse, mis eraldab pidevat udu, mis tagab h\u00f5lpsa, k\u00f5ikjale ulatuva katvuse. Armastage ja hoolitsege oma naha eest doTERRA After Suniga.<\/p>\n<ul class=\"spotlight__list-custom custom-list\">\n<li>Pakub nahka rahustavat, jahutavat leevendust.<\/li>\n<li>Sisaldab aloe verat, h\u00fcaluroonhapet, rohelist teed ja E-vitamiini.<\/li>\n<li>Ei sisalda ftalaate, oks\u00fcbensooni ega s\u00fcnteetilisi l\u00f5hnaaineid.<\/li>\n<li>Toitev, intensiivselt niisutav koostis on dermatoloogiliselt testitud ja veekindel.<\/li>\n<li>Vegan-s\u00f5bralik ja riiulivaba.<\/li>\n<\/ul>\n","protected":false},"excerpt":{"rendered":"<ul class=\"spotlight__list-custom custom-list\">\n<li>Pakub nahka rahustavat, jahutavat leevendust.<\/li>\n<li>Sisaldab aloe verat, h\u00fcaluroonhapet, rohelist teed ja E-vitamiini.<\/li>\n<li>Ei sisalda ftalaate, oks\u00fcbensooni ega s\u00fcnteetilisi l\u00f5hnaaineid.<\/li>\n<li>Toitev, intensiivselt niisutav koostis on dermatoloogiliselt testitud ja veekindel.<\/li>\n<li>Vegan-s\u00f5bralik ja riiulivaba.<\/li>\n<li><\/li>\n<\/ul>\n","protected":false},"featured_media":18286,"template":"","meta":{"site-sidebar-layout":"default","site-content-layout":"default","ast-site-content-layout":"default","site-content-style":"default","site-sidebar-style":"default","ast-global-header-display":"","ast-banner-title-visibility":"","ast-main-header-display":"","ast-hfb-above-header-display":"","ast-hfb-below-header-display":"","ast-hfb-mobile-header-display":"","site-post-title":"","ast-breadcrumbs-content":"","ast-featured-img":"","footer-sml-layout":"","ast-disable-related-posts":"","theme-transparent-header-meta":"default","adv-header-id-meta":"","stick-header-meta":"","header-above-stick-meta":"","header-main-stick-meta":"","header-below-stick-meta":"","astra-migrate-meta-layouts":"set","ast-page-background-enabled":"default","ast-page-background-meta":{"desktop":{"background-color":"","background-image":"","background-repeat":"repeat","background-position":"center center","background-size":"auto","background-attachment":"scroll","background-type":"","background-media":"","overlay-type":"","overlay-color":"","overlay-opacity":"","overlay-gradient":""},"tablet":{"background-color":"","background-image":"","background-repeat":"repeat","background-position":"center center","background-size":"auto","background-attachment":"scroll","background-type":"","background-media":"","overlay-type":"","overlay-color":"","overlay-opacity":"","overlay-gradient":""},"mobile":{"background-color":"","background-image":"","background-repeat":"repeat","background-position":"center center","background-size":"auto","background-attachment":"scroll","background-type":"","background-media":"","overlay-type":"","overlay-color":"","overlay-opacity":"","overlay-gradient":""}},"ast-content-background-meta":{"desktop":{"background-color":"var(--ast-global-color-5)","background-image":"","background-repeat":"repeat","background-position":"center center","background-size":"auto","background-attachment":"scroll","background-type":"","background-media":"","overlay-type":"","overlay-color":"","overlay-opacity":"","overlay-gradient":""},"tablet":{"background-color":"var(--ast-global-color-5)","background-image":"","background-repeat":"repeat","background-position":"center center","background-size":"auto","background-attachment":"scroll","background-type":"","background-media":"","overlay-type":"","overlay-color":"","overlay-opacity":"","overlay-gradient":""},"mobile":{"background-color":"var(--ast-global-color-5)","background-image":"","background-repeat":"repeat","background-position":"center center","background-size":"auto","background-attachment":"scroll","background-type":"","background-media":"","overlay-type":"","overlay-color":"","overlay-opacity":"","overlay-gradient":""}}},"product_brand":[],"product_cat":[3577,1710,1756],"product_tag":[],"class_list":{"0":"post-18291","1":"product","2":"type-product","3":"status-publish","4":"has-post-thumbnail","6":"product_cat-doterra-sun-et","7":"product_cat-hugieen-ja-nahahooldus","8":"product_cat-lastele","9":"desktop-align-left","10":"tablet-align-left","11":"mobile-align-left","13":"first","14":"instock","15":"taxable","16":"shipping-taxable","17":"purchasable","18":"product-type-simple"},"_links":{"self":[{"href":"https:\/\/mamaterra.lt\/et\/wp-json\/wp\/v2\/product\/18291","targetHints":{"allow":["GET"]}}],"collection":[{"href":"https:\/\/mamaterra.lt\/et\/wp-json\/wp\/v2\/product"}],"about":[{"href":"https:\/\/mamaterra.lt\/et\/wp-json\/wp\/v2\/types\/product"}],"wp:featuredmedia":[{"embeddable":true,"href":"https:\/\/mamaterra.lt\/et\/wp-json\/wp\/v2\/media\/18286"}],"wp:attachment":[{"href":"https:\/\/mamaterra.lt\/et\/wp-json\/wp\/v2\/media?parent=18291"}],"wp:term":[{"taxonomy":"product_brand","embeddable":true,"href":"https:\/\/mamaterra.lt\/et\/wp-json\/wp\/v2\/product_brand?post=18291"},{"taxonomy":"product_cat","embeddable":true,"href":"https:\/\/mamaterra.lt\/et\/wp-json\/wp\/v2\/product_cat?post=18291"},{"taxonomy":"product_tag","embeddable":true,"href":"https:\/\/mamaterra.lt\/et\/wp-json\/wp\/v2\/product_tag?post=18291"}],"curies":[{"name":"wp","href":"https:\/\/api.w.org\/{rel}","templated":true}]}}