{"id":18270,"date":"2023-07-01T11:41:35","date_gmt":"2023-07-01T10:41:35","guid":{"rendered":"https:\/\/mamaterra.lt\/parduotuve\/maaratlemata\/mineralinis-piestukas-nuo-saules-veidui-ir-kunui-doterra-sun-face-body-mineral-sunscreen-stick\/"},"modified":"2024-03-10T16:21:00","modified_gmt":"2024-03-10T15:21:00","slug":"doterra-sun-face-body-mineral-sunscreem-stick-paikesekaitsestik","status":"publish","type":"product","link":"https:\/\/mamaterra.lt\/et\/parduotuve\/hugieen-ja-nahahooldus\/doterra-sun-et\/doterra-sun-face-body-mineral-sunscreem-stick-paikesekaitsestik\/","title":{"rendered":"doTERRA\u2122 sun Face + Body Mineral Sunscreem Stick p\u00e4ikesekaitsestik"},"content":{"rendered":"<p>d\u014dTERRA\u2122 sun Face + Body mineraalne p\u00e4ikesekaitsestik<\/p>\n<p>Tervitage meie Body Mineral Sunscreem Stick&#8217;i \u00fclimat, r\u00e4pastusvaba p\u00e4ikesekaitset. Paks keeratav tuub libiseb \u00fcle naha, et seda oleks lihtne ja vaevata peale kanda, ning t\u00e4nu kompaktsele suurusele on seda lihtne kaasas kanda, kuhu iganes sa ka ei l\u00e4heks. Punase mandariini, magnoolia, sidrunheina, ylang-ilangi, porgandiseemne, frankincensi ja helikrysumi eeterlikke \u00f5lisid sisaldav p\u00e4ikesekaitsestik pakub niisutavaid ja kaitsvaid omadusi. Sobib ideaalselt teile ja teie perele, motiveerige oma lapsi oma nahka armastama, kasutades mugavat aplikaatorit enne \u00f5ues seiklusi.<\/p>\n<ul class=\"spotlight__list-custom custom-list\">\n<li>Pakub SPF 30+ laia spektriga (UVA\/UVB) kaitset kergesti kasutatavas pulgas<\/li>\n<li>Ei sisalda ftalaate, oks\u00fcbensooni ega s\u00fcnteetilisi l\u00f5hnaaineid.<\/li>\n<li>Toitev, intensiivselt niisutav koostis on dermatoloogiliselt testitud ja veekindel kuni 80 minutit.<\/li>\n<li>Vegan-s\u00f5bralik ja riiulivaba.<\/li>\n<\/ul>\n","protected":false},"excerpt":{"rendered":"<ul class=\"spotlight__list-custom custom-list\">\n<li>Pakub SPF 30+ laia spektriga (UVA\/UVB) kaitset kergesti kasutatavas pulgas.<\/li>\n<li>Ei sisalda ftalaate, oks\u00fcbensooni ega s\u00fcnteetilisi l\u00f5hnaaineid.<\/li>\n<li>Toitev, intensiivselt niisutav koostis on dermatoloogiliselt testitud ja veekindel kuni 80 minutit.<\/li>\n<li>Vegan-s\u00f5bralik ja riiulivaba.<\/li>\n<\/ul>\n","protected":false},"featured_media":18266,"template":"","meta":{"site-sidebar-layout":"default","site-content-layout":"default","ast-site-content-layout":"default","site-content-style":"default","site-sidebar-style":"default","ast-global-header-display":"","ast-banner-title-visibility":"","ast-main-header-display":"","ast-hfb-above-header-display":"","ast-hfb-below-header-display":"","ast-hfb-mobile-header-display":"","site-post-title":"","ast-breadcrumbs-content":"","ast-featured-img":"","footer-sml-layout":"","ast-disable-related-posts":"","theme-transparent-header-meta":"default","adv-header-id-meta":"","stick-header-meta":"","header-above-stick-meta":"","header-main-stick-meta":"","header-below-stick-meta":"","astra-migrate-meta-layouts":"set","ast-page-background-enabled":"default","ast-page-background-meta":{"desktop":{"background-color":"","background-image":"","background-repeat":"repeat","background-position":"center center","background-size":"auto","background-attachment":"scroll","background-type":"","background-media":"","overlay-type":"","overlay-color":"","overlay-opacity":"","overlay-gradient":""},"tablet":{"background-color":"","background-image":"","background-repeat":"repeat","background-position":"center center","background-size":"auto","background-attachment":"scroll","background-type":"","background-media":"","overlay-type":"","overlay-color":"","overlay-opacity":"","overlay-gradient":""},"mobile":{"background-color":"","background-image":"","background-repeat":"repeat","background-position":"center center","background-size":"auto","background-attachment":"scroll","background-type":"","background-media":"","overlay-type":"","overlay-color":"","overlay-opacity":"","overlay-gradient":""}},"ast-content-background-meta":{"desktop":{"background-color":"var(--ast-global-color-5)","background-image":"","background-repeat":"repeat","background-position":"center center","background-size":"auto","background-attachment":"scroll","background-type":"","background-media":"","overlay-type":"","overlay-color":"","overlay-opacity":"","overlay-gradient":""},"tablet":{"background-color":"var(--ast-global-color-5)","background-image":"","background-repeat":"repeat","background-position":"center center","background-size":"auto","background-attachment":"scroll","background-type":"","background-media":"","overlay-type":"","overlay-color":"","overlay-opacity":"","overlay-gradient":""},"mobile":{"background-color":"var(--ast-global-color-5)","background-image":"","background-repeat":"repeat","background-position":"center center","background-size":"auto","background-attachment":"scroll","background-type":"","background-media":"","overlay-type":"","overlay-color":"","overlay-opacity":"","overlay-gradient":""}}},"product_brand":[],"product_cat":[3577,1710],"product_tag":[],"class_list":{"0":"post-18270","1":"product","2":"type-product","3":"status-publish","4":"has-post-thumbnail","6":"product_cat-doterra-sun-et","7":"product_cat-hugieen-ja-nahahooldus","8":"desktop-align-left","9":"tablet-align-left","10":"mobile-align-left","12":"first","13":"instock","14":"taxable","15":"shipping-taxable","16":"purchasable","17":"product-type-simple"},"_links":{"self":[{"href":"https:\/\/mamaterra.lt\/et\/wp-json\/wp\/v2\/product\/18270","targetHints":{"allow":["GET"]}}],"collection":[{"href":"https:\/\/mamaterra.lt\/et\/wp-json\/wp\/v2\/product"}],"about":[{"href":"https:\/\/mamaterra.lt\/et\/wp-json\/wp\/v2\/types\/product"}],"wp:featuredmedia":[{"embeddable":true,"href":"https:\/\/mamaterra.lt\/et\/wp-json\/wp\/v2\/media\/18266"}],"wp:attachment":[{"href":"https:\/\/mamaterra.lt\/et\/wp-json\/wp\/v2\/media?parent=18270"}],"wp:term":[{"taxonomy":"product_brand","embeddable":true,"href":"https:\/\/mamaterra.lt\/et\/wp-json\/wp\/v2\/product_brand?post=18270"},{"taxonomy":"product_cat","embeddable":true,"href":"https:\/\/mamaterra.lt\/et\/wp-json\/wp\/v2\/product_cat?post=18270"},{"taxonomy":"product_tag","embeddable":true,"href":"https:\/\/mamaterra.lt\/et\/wp-json\/wp\/v2\/product_tag?post=18270"}],"curies":[{"name":"wp","href":"https:\/\/api.w.org\/{rel}","templated":true}]}}