{"id":18203,"date":"2023-04-03T19:59:48","date_gmt":"2023-04-03T18:59:48","guid":{"rendered":"https:\/\/mamaterra.lt\/parduotuve\/maaratlemata\/baziniu-alieju-misinys-kunui-115-ml\/"},"modified":"2023-06-26T20:55:52","modified_gmt":"2023-06-26T19:55:52","slug":"baziniu-alieju-misinys-kunui-115-ml","status":"publish","type":"product","link":"https:\/\/mamaterra.lt\/et\/parduotuve\/hugieen-ja-nahahooldus\/doterra-spa-et\/baziniu-alieju-misinys-kunui-115-ml\/","title":{"rendered":"doTERRA keha\u00f5li 115 ml"},"content":{"rendered":"<p>L\u00f5hnatu ja v\u00e4rvitu doTERRA keha\u00f5li on m\u00f5eldud segamiseks teie lemmik eeterlike \u00f5lidega, et luua teile sobivad segud. Koostatud unikaalsete \u00f5lidega, nagu kannatuslille, jojoba, baobabi, moringa ja p\u00e4evalille\u00f5li, aitab doTERRA keha\u00f5li hoida teie nahka siledana ja niisutatuna. See toitev ja taastav \u00f5li on kerge, kuid tungib nahka, mist\u00f5ttu sobib see ideaalselt professionaalseks v\u00f5i enesemassaa\u017eiks. Kasutage vannis, p\u00e4rast du\u0161i all k\u00e4imist v\u00f5i kandke kuivale alale.<\/p>\n<p>Koostisosad: Passiflora Edulis seemne\u00f5li, Simmondsia Chinensis (jojoba) seemne\u00f5li, Adansonia Digitata seemne\u00f5li, Moringa Oleifera seemne\u00f5li, tokoferool, Helianthus Annuus (p\u00e4evalille) seemne\u00f5li.<\/p>\n<p>Passioni\u00f5li<\/p>\n<p>Saadud Loode-Rwandast.<br \/>\nPassioni viljad \u00f5itsevad aastaringselt, seega korjatakse neid siis, kui viljad on k\u00fcpsed.<br \/>\n\u00d5li pressitakse mehaaniliselt kuivatatud seemnetest Athi Riveris, Keenias.<\/p>\n<p>Baobabi\u00f5li<\/p>\n<p>Ekstraheeritakse Kenya rannikualadelt ja idaosas asuvatest alamatest piirkondadest.<br \/>\nLooduslikud puud korjatakse juunist novembrini.<br \/>\n\u00d5li pressitakse mehaaniliselt seemnetest Athi Riveris, Keenias.<\/p>\n<p>Moringa\u00f5li<\/p>\n<p>Kaevandatakse Kasese piirkonnas Ugandas ja Taita Taveta ringkonnas Kwale ja Kilifi maakondades Keenias.<br \/>\nMoringa on p\u00f5uakindel ja v\u00e4ga toitev\u00e4\u00e4rtuslik.<br \/>\n\u00d5li pressitakse mehaaniliselt kruvipressiga kuivatatud seemnetest Athi Riveris, Keenias.<\/p>\n<p>Kasutamine<\/p>\n<p>Kasutage kerge baas\u00f5lana, et kanda CPTG\u2122 eeterlikke \u00f5lisid massaa\u017ei ajal nahale v\u00f5i igap\u00e4evase niisutajana kogu kehale. Lahjendage \u00fcks osa eeterlikku \u00f5li viie v\u00f5i enama osa baas\u00f5liseguga (s\u00f5ltuvalt tundlikkusest) v\u00f5i vastavalt eeterliku \u00f5li etiketil toodud juhistele.<\/p>\n<p>Koostage oma isiklik massaa\u017ei\u00f5li.<br \/>\nLisage paar tilka oma vannivette.<br \/>\nKasutage p\u00e4rast vanni v\u00f5i du\u0161\u0161i.<br \/>\nKandke kuivadele piirkondadele, n\u00e4iteks k\u00fc\u00fcnarnukkidele v\u00f5i p\u00f5lvedele.<\/p>\n","protected":false},"excerpt":{"rendered":"<p>Koostisosad: Passiflora Edulis seemne\u00f5li, Simmondsia Chinensis (Jojoba) seemne\u00f5li, Adansonia Digitata seemne\u00f5li, Moringa Oleifera seemne\u00f5li, Tocopherol, Helianthus Annuus (P\u00e4evalille) seemne\u00f5li.<\/p>\n<p>Kasutage kerge baas\u00f5lana CPTG\u2122 eeterlike \u00f5lide pealekandmiseks nahale massaa\u017ei ajal v\u00f5i igap\u00e4evase niisutajana kogu kehale. Lahjendage \u00fcks osa eeterlikku \u00f5li viie v\u00f5i enama osa baas\u00f5liseguga (s\u00f5ltuvalt tundlikkusest) v\u00f5i vastavalt eeterliku \u00f5li etiketil toodud juhistele.<\/p>\n","protected":false},"featured_media":17315,"template":"","meta":{"site-sidebar-layout":"default","site-content-layout":"default","ast-site-content-layout":"default","site-content-style":"default","site-sidebar-style":"default","ast-global-header-display":"","ast-banner-title-visibility":"","ast-main-header-display":"","ast-hfb-above-header-display":"","ast-hfb-below-header-display":"","ast-hfb-mobile-header-display":"","site-post-title":"","ast-breadcrumbs-content":"","ast-featured-img":"","footer-sml-layout":"","ast-disable-related-posts":"","theme-transparent-header-meta":"default","adv-header-id-meta":"","stick-header-meta":"","header-above-stick-meta":"","header-main-stick-meta":"","header-below-stick-meta":"","astra-migrate-meta-layouts":"default","ast-page-background-enabled":"default","ast-page-background-meta":{"desktop":{"background-color":"","background-image":"","background-repeat":"repeat","background-position":"center center","background-size":"auto","background-attachment":"scroll","background-type":"","background-media":"","overlay-type":"","overlay-color":"","overlay-opacity":"","overlay-gradient":""},"tablet":{"background-color":"","background-image":"","background-repeat":"repeat","background-position":"center center","background-size":"auto","background-attachment":"scroll","background-type":"","background-media":"","overlay-type":"","overlay-color":"","overlay-opacity":"","overlay-gradient":""},"mobile":{"background-color":"","background-image":"","background-repeat":"repeat","background-position":"center center","background-size":"auto","background-attachment":"scroll","background-type":"","background-media":"","overlay-type":"","overlay-color":"","overlay-opacity":"","overlay-gradient":""}},"ast-content-background-meta":{"desktop":{"background-color":"var(--ast-global-color-5)","background-image":"","background-repeat":"repeat","background-position":"center center","background-size":"auto","background-attachment":"scroll","background-type":"","background-media":"","overlay-type":"","overlay-color":"","overlay-opacity":"","overlay-gradient":""},"tablet":{"background-color":"var(--ast-global-color-5)","background-image":"","background-repeat":"repeat","background-position":"center center","background-size":"auto","background-attachment":"scroll","background-type":"","background-media":"","overlay-type":"","overlay-color":"","overlay-opacity":"","overlay-gradient":""},"mobile":{"background-color":"var(--ast-global-color-5)","background-image":"","background-repeat":"repeat","background-position":"center center","background-size":"auto","background-attachment":"scroll","background-type":"","background-media":"","overlay-type":"","overlay-color":"","overlay-opacity":"","overlay-gradient":""}}},"product_brand":[],"product_cat":[1725,1710,1734],"product_tag":[],"class_list":{"0":"post-18203","1":"product","2":"type-product","3":"status-publish","4":"has-post-thumbnail","6":"product_cat-doterra-spa-et","7":"product_cat-hugieen-ja-nahahooldus","8":"product_cat-massaaz","9":"desktop-align-left","10":"tablet-align-left","11":"mobile-align-left","13":"first","14":"outofstock","15":"taxable","16":"shipping-taxable","17":"purchasable","18":"product-type-simple"},"_links":{"self":[{"href":"https:\/\/mamaterra.lt\/et\/wp-json\/wp\/v2\/product\/18203","targetHints":{"allow":["GET"]}}],"collection":[{"href":"https:\/\/mamaterra.lt\/et\/wp-json\/wp\/v2\/product"}],"about":[{"href":"https:\/\/mamaterra.lt\/et\/wp-json\/wp\/v2\/types\/product"}],"wp:featuredmedia":[{"embeddable":true,"href":"https:\/\/mamaterra.lt\/et\/wp-json\/wp\/v2\/media\/17315"}],"wp:attachment":[{"href":"https:\/\/mamaterra.lt\/et\/wp-json\/wp\/v2\/media?parent=18203"}],"wp:term":[{"taxonomy":"product_brand","embeddable":true,"href":"https:\/\/mamaterra.lt\/et\/wp-json\/wp\/v2\/product_brand?post=18203"},{"taxonomy":"product_cat","embeddable":true,"href":"https:\/\/mamaterra.lt\/et\/wp-json\/wp\/v2\/product_cat?post=18203"},{"taxonomy":"product_tag","embeddable":true,"href":"https:\/\/mamaterra.lt\/et\/wp-json\/wp\/v2\/product_tag?post=18203"}],"curies":[{"name":"wp","href":"https:\/\/api.w.org\/{rel}","templated":true}]}}