{"id":18198,"date":"2023-04-30T16:21:27","date_gmt":"2023-04-30T15:21:27","guid":{"rendered":"https:\/\/mamaterra.lt\/parduotuve\/maaratlemata\/doterra-valerijonu-eterinis-aliejus-valerian-15-ml\/"},"modified":"2024-03-11T20:05:41","modified_gmt":"2024-03-11T19:05:41","slug":"doterra-valerian-eeterlik-oli-valerian-15-ml","status":"publish","type":"product","link":"https:\/\/mamaterra.lt\/et\/parduotuve\/eeterlikud-olid\/puhtad-eeterlikud-olid\/doterra-valerian-eeterlik-oli-valerian-15-ml\/","title":{"rendered":"doTERRA Valerian eeterlik \u00f5li (VALERIAN) 15 ml"},"content":{"rendered":"<p>doTERRA Valerian eeterlik \u00f5li (VALERIAN) 15 ml<\/p>\n<p>Valeriana officinalis<\/p>\n<p>Valerian, mille nimi tuleneb ladinakeelsest s\u00f5nast &#8220;valere&#8221;, mis t\u00e4hendab &#8220;heaolu&#8221;, on mitmeaastane roosade \u00f5itega taim, mis \u00f5itseb kevadel, kui nende juured on kaevatud. \u00dcks vanimaid teadaolevaid ja k\u00f5ige paremini uuritud valeriana eeterliku \u00f5li omadusi on selle l\u00f5\u00f5gastav toime, mida on hinnatud juba antiik-Kreeka ja Rooma ajast alates. \u00d5li destilleeritakse auru abil valerianijuurtest ja see sisaldab rohkesti seskviterpeene ja seskviterpenoole, mis on tuntud oma l\u00f5\u00f5gastava toime poolest. Eeterlikule eeterlikule valerianale v\u00f5ib aidata rahustada ja l\u00f5\u00f5gastuda stressirohketel aegadel ning kui seda kasutatakse retseptides ja kodustes ravimites, on sellel maheda ja maandava aroomiga.<\/p>\n<p>&nbsp;<\/p>\n<p>Peamised eelised<br \/>\nMaandav mahe aroom.<br \/>\nSobib ideaalselt kasutamiseks l\u00f5\u00f5gastava \u00f5htuse rutiini osana.<br \/>\nAinulaadne aroom, mis aitab teil kogeda meeldivaid rahuhetki.<\/p>\n","protected":false},"excerpt":{"rendered":"<p>Eeterlikule eeterlikule valerianale v\u00f5ib aidata rahustada ja l\u00f5\u00f5gastuda stressirohketel aegadel ning kui seda kasutatakse retseptides ja kodustes ravimites, on sellel maheda ja maandava aroomiga.<\/p>\n","protected":false},"featured_media":23691,"template":"","meta":{"site-sidebar-layout":"default","site-content-layout":"default","ast-site-content-layout":"default","site-content-style":"default","site-sidebar-style":"default","ast-global-header-display":"","ast-banner-title-visibility":"","ast-main-header-display":"","ast-hfb-above-header-display":"","ast-hfb-below-header-display":"","ast-hfb-mobile-header-display":"","site-post-title":"","ast-breadcrumbs-content":"","ast-featured-img":"","footer-sml-layout":"","ast-disable-related-posts":"","theme-transparent-header-meta":"default","adv-header-id-meta":"","stick-header-meta":"","header-above-stick-meta":"","header-main-stick-meta":"","header-below-stick-meta":"","astra-migrate-meta-layouts":"set","ast-page-background-enabled":"default","ast-page-background-meta":{"desktop":{"background-color":"","background-image":"","background-repeat":"repeat","background-position":"center center","background-size":"auto","background-attachment":"scroll","background-type":"","background-media":"","overlay-type":"","overlay-color":"","overlay-opacity":"","overlay-gradient":""},"tablet":{"background-color":"","background-image":"","background-repeat":"repeat","background-position":"center center","background-size":"auto","background-attachment":"scroll","background-type":"","background-media":"","overlay-type":"","overlay-color":"","overlay-opacity":"","overlay-gradient":""},"mobile":{"background-color":"","background-image":"","background-repeat":"repeat","background-position":"center center","background-size":"auto","background-attachment":"scroll","background-type":"","background-media":"","overlay-type":"","overlay-color":"","overlay-opacity":"","overlay-gradient":""}},"ast-content-background-meta":{"desktop":{"background-color":"var(--ast-global-color-5)","background-image":"","background-repeat":"repeat","background-position":"center center","background-size":"auto","background-attachment":"scroll","background-type":"","background-media":"","overlay-type":"","overlay-color":"","overlay-opacity":"","overlay-gradient":""},"tablet":{"background-color":"var(--ast-global-color-5)","background-image":"","background-repeat":"repeat","background-position":"center center","background-size":"auto","background-attachment":"scroll","background-type":"","background-media":"","overlay-type":"","overlay-color":"","overlay-opacity":"","overlay-gradient":""},"mobile":{"background-color":"var(--ast-global-color-5)","background-image":"","background-repeat":"repeat","background-position":"center center","background-size":"auto","background-attachment":"scroll","background-type":"","background-media":"","overlay-type":"","overlay-color":"","overlay-opacity":"","overlay-gradient":""}}},"product_brand":[],"product_cat":[1699,1737,1705,1759,1753],"product_tag":[],"class_list":{"0":"post-18198","1":"product","2":"type-product","3":"status-publish","4":"has-post-thumbnail","6":"product_cat-eeterlikud-olid","7":"product_cat-magamiseks","8":"product_cat-puhtad-eeterlikud-olid","9":"product_cat-seedimine","10":"product_cat-stressi-juhtimine","11":"desktop-align-left","12":"tablet-align-left","13":"mobile-align-left","15":"first","16":"instock","17":"taxable","18":"shipping-taxable","19":"purchasable","20":"product-type-simple"},"_links":{"self":[{"href":"https:\/\/mamaterra.lt\/et\/wp-json\/wp\/v2\/product\/18198","targetHints":{"allow":["GET"]}}],"collection":[{"href":"https:\/\/mamaterra.lt\/et\/wp-json\/wp\/v2\/product"}],"about":[{"href":"https:\/\/mamaterra.lt\/et\/wp-json\/wp\/v2\/types\/product"}],"wp:featuredmedia":[{"embeddable":true,"href":"https:\/\/mamaterra.lt\/et\/wp-json\/wp\/v2\/media\/23691"}],"wp:attachment":[{"href":"https:\/\/mamaterra.lt\/et\/wp-json\/wp\/v2\/media?parent=18198"}],"wp:term":[{"taxonomy":"product_brand","embeddable":true,"href":"https:\/\/mamaterra.lt\/et\/wp-json\/wp\/v2\/product_brand?post=18198"},{"taxonomy":"product_cat","embeddable":true,"href":"https:\/\/mamaterra.lt\/et\/wp-json\/wp\/v2\/product_cat?post=18198"},{"taxonomy":"product_tag","embeddable":true,"href":"https:\/\/mamaterra.lt\/et\/wp-json\/wp\/v2\/product_tag?post=18198"}],"curies":[{"name":"wp","href":"https:\/\/api.w.org\/{rel}","templated":true}]}}