{"id":18194,"date":"2023-04-30T17:17:28","date_gmt":"2023-04-30T16:17:28","guid":{"rendered":"https:\/\/mamaterra.lt\/parduotuve\/maaratlemata\/doterra-blue-lotus-touch-10ml\/"},"modified":"2024-02-10T21:36:18","modified_gmt":"2024-02-10T20:36:18","slug":"doterra-blue-lotus-touch-10ml","status":"publish","type":"product","link":"https:\/\/mamaterra.lt\/et\/parduotuve\/eeterlikud-olid\/puhtad-eeterlikud-olid\/doterra-blue-lotus-touch-10ml\/","title":{"rendered":"doTERRA Blue Lotus Touch 10ml"},"content":{"rendered":"<h6 class=\"spotlight__head-latin-title\">Nymphaea caerulea<\/h6>\n<div class=\"spotlight__head-copy\">\n<p>Sinine Lootos, mis on tuntud oma salap\u00e4ra ja m\u00fcstilisuse poolest, lummab teid kindlasti. doTERRA Blue Lotus Touch \u00fchendab fraktsioneeritud kookos\u00f5li ja sinist lootost, imelist ekstrakti, mida Egiptuse kultuuris ja kunstis k\u00f5rgelt hinnatakse. See ekstrakt on ekstraheeritud Nymphaea caerulea &#8211; tuntud ka kui Egiptuse lootos v\u00f5i sinine vesiroos &#8211; \u00f5itest. \u00c4\u00e4rmiselt haruldasel, populaarsel ja hinnatud sinisel lootusel on iseloomulik magus ja ahvatlev lillel\u00f5hn.<\/p>\n<p>Kasutatakse sageli massaa\u017ei\u00f5lides ja meditatsioonis.<br \/>\nV\u00f5ib aidata s\u00e4ilitada naha optimaalset niiskust.<br \/>\nKasutatakse sageli lummava isikliku parf\u00fc\u00fcmina.<br \/>\nValmis kasutamiseks &#8211; lahjendatud fraktsioneeritud kookos\u00f5liga.<\/p>\n<ul>\n<li>Kandke pulseerivatele piirkondadele tasakaalustava ja l\u00f5\u00f5gastava l\u00f5hna saavutamiseks kogu p\u00e4eva jooksul.<\/li>\n<li>Kasutage osana oma igap\u00e4evasest nahahooldusrutiinist, et aidata s\u00e4ilitada naha loomulikku niiskusbarj\u00e4\u00e4ri.<\/li>\n<li>Kandke kaelale ja randmetele lummava ja v\u00f5rgutava isikliku parf\u00fc\u00fcmina.<\/li>\n<\/ul>\n<p>Kasutusjuhend<\/p>\n<p>Ainult v\u00e4lispidiseks kasutamiseks. Massaa\u017e naha sisse l\u00f5hnastamiseks, nahahoolduseks v\u00f5i massaa\u017eiks.<\/p>\n<\/div>\n","protected":false},"excerpt":{"rendered":"<p>Kandke pulseerivatele piirkondadele tasakaalustava ja l\u00f5\u00f5gastava l\u00f5hna saavutamiseks kogu p\u00e4eva jooksul.<br \/>\nKasutage osana oma igap\u00e4evasest nahahooldusrutiinist, et aidata s\u00e4ilitada naha loomulikku niiskusbarj\u00e4\u00e4ri.<br \/>\nKandke kaelale ja randmetele lummava ja v\u00f5rgutava isikliku parf\u00fc\u00fcmina.<\/p>\n","protected":false},"featured_media":0,"template":"","meta":{"site-sidebar-layout":"default","site-content-layout":"default","ast-site-content-layout":"default","site-content-style":"default","site-sidebar-style":"default","ast-global-header-display":"","ast-banner-title-visibility":"","ast-main-header-display":"","ast-hfb-above-header-display":"","ast-hfb-below-header-display":"","ast-hfb-mobile-header-display":"","site-post-title":"","ast-breadcrumbs-content":"","ast-featured-img":"","footer-sml-layout":"","ast-disable-related-posts":"","theme-transparent-header-meta":"default","adv-header-id-meta":"","stick-header-meta":"","header-above-stick-meta":"","header-main-stick-meta":"","header-below-stick-meta":"","astra-migrate-meta-layouts":"set","ast-page-background-enabled":"default","ast-page-background-meta":{"desktop":{"background-color":"","background-image":"","background-repeat":"repeat","background-position":"center center","background-size":"auto","background-attachment":"scroll","background-type":"","background-media":"","overlay-type":"","overlay-color":"","overlay-opacity":"","overlay-gradient":""},"tablet":{"background-color":"","background-image":"","background-repeat":"repeat","background-position":"center center","background-size":"auto","background-attachment":"scroll","background-type":"","background-media":"","overlay-type":"","overlay-color":"","overlay-opacity":"","overlay-gradient":""},"mobile":{"background-color":"","background-image":"","background-repeat":"repeat","background-position":"center center","background-size":"auto","background-attachment":"scroll","background-type":"","background-media":"","overlay-type":"","overlay-color":"","overlay-opacity":"","overlay-gradient":""}},"ast-content-background-meta":{"desktop":{"background-color":"var(--ast-global-color-5)","background-image":"","background-repeat":"repeat","background-position":"center center","background-size":"auto","background-attachment":"scroll","background-type":"","background-media":"","overlay-type":"","overlay-color":"","overlay-opacity":"","overlay-gradient":""},"tablet":{"background-color":"var(--ast-global-color-5)","background-image":"","background-repeat":"repeat","background-position":"center center","background-size":"auto","background-attachment":"scroll","background-type":"","background-media":"","overlay-type":"","overlay-color":"","overlay-opacity":"","overlay-gradient":""},"mobile":{"background-color":"var(--ast-global-color-5)","background-image":"","background-repeat":"repeat","background-position":"center center","background-size":"auto","background-attachment":"scroll","background-type":"","background-media":"","overlay-type":"","overlay-color":"","overlay-opacity":"","overlay-gradient":""}}},"product_brand":[],"product_cat":[1699,1710,1705,1753],"product_tag":[],"class_list":{"0":"post-18194","1":"product","2":"type-product","3":"status-publish","5":"product_cat-eeterlikud-olid","6":"product_cat-hugieen-ja-nahahooldus","7":"product_cat-puhtad-eeterlikud-olid","8":"product_cat-stressi-juhtimine","9":"desktop-align-left","10":"tablet-align-left","11":"mobile-align-left","13":"first","14":"instock","15":"sale","16":"taxable","17":"shipping-taxable","18":"purchasable","19":"product-type-simple"},"_links":{"self":[{"href":"https:\/\/mamaterra.lt\/et\/wp-json\/wp\/v2\/product\/18194","targetHints":{"allow":["GET"]}}],"collection":[{"href":"https:\/\/mamaterra.lt\/et\/wp-json\/wp\/v2\/product"}],"about":[{"href":"https:\/\/mamaterra.lt\/et\/wp-json\/wp\/v2\/types\/product"}],"wp:attachment":[{"href":"https:\/\/mamaterra.lt\/et\/wp-json\/wp\/v2\/media?parent=18194"}],"wp:term":[{"taxonomy":"product_brand","embeddable":true,"href":"https:\/\/mamaterra.lt\/et\/wp-json\/wp\/v2\/product_brand?post=18194"},{"taxonomy":"product_cat","embeddable":true,"href":"https:\/\/mamaterra.lt\/et\/wp-json\/wp\/v2\/product_cat?post=18194"},{"taxonomy":"product_tag","embeddable":true,"href":"https:\/\/mamaterra.lt\/et\/wp-json\/wp\/v2\/product_tag?post=18194"}],"curies":[{"name":"wp","href":"https:\/\/api.w.org\/{rel}","templated":true}]}}