{"id":18190,"date":"2023-04-30T17:35:00","date_gmt":"2023-04-30T16:35:00","guid":{"rendered":"https:\/\/mamaterra.lt\/parduotuve\/maaratlemata\/doterra-bergamot-mint-15-ml\/"},"modified":"2023-06-26T20:41:32","modified_gmt":"2023-06-26T19:41:32","slug":"doterra-bergamot-mint-15-ml","status":"publish","type":"product","link":"https:\/\/mamaterra.lt\/et\/parduotuve\/eeterlikud-olid\/puhtad-eeterlikud-olid\/doterra-bergamot-mint-15-ml\/","title":{"rendered":"doTERRA Bergamot Mint 15 ml"},"content":{"rendered":"<h6 class=\"spotlight__head-latin-title\">Mentha citrata<\/h6>\n<div class=\"spotlight__head-copy\">\n<p>Bergamoti piparm\u00fcndi eeterlik \u00f5li on ekstraheeritud lillade \u00f5itega ja s\u00fcdamekujuliste lehtedega mitmeaastasest taimest. Vaatamata oma nimele ei ole Bergamot Mint kuidagi seotud bergamoti viljadega. Piparm\u00fcndi sidruni alamliigi eeterliku \u00f5li peamised koostisosad, mis sarnanevad lavendli\u00f5liga, on linalool ja linal\u00fc\u00fclatsetaat. See \u00f5li on suurep\u00e4rane t\u00e4iendus fraktsioneeritud kookos\u00f5lile, kui seda kasutatakse rahustavaks ja l\u00f5\u00f5gastavaks massaa\u017eiks p\u00e4rast treeningut. Bergamoti piparm\u00fcndi (Peppermint Lemon) eeterliku \u00f5li lavendlile sarnanev piparm\u00fcndi aroom on ideaalne t\u00e4iendus soojale, l\u00f5\u00f5gastavale vannile.<\/p>\n<p>See sobib h\u00e4sti kokku tsitruse, geraaniumi, lavendli, roosi ja Ylang Ylangi eeterlike \u00f5lidega.<br \/>\nSee Indiast p\u00e4rit eeterlik \u00f5li on aurudestilleeritud Mentha citrata taime lehtedest ja vartest.<br \/>\nAroom v\u00f5ib aidata teil l\u00f5\u00f5gastuda.<br \/>\nSobib ideaalselt paaridele<br \/>\nLihtne ja lihtne viis Bergamoti piparm\u00fcndi eeterliku \u00f5li kasutamiseks on segada seda l\u00f5hnatu doTERRA Spa Lotioniga. Lisage lihtsalt \u00fcks v\u00f5i kaks tilka Bergamoti piparm\u00fcndi eeterlikku \u00f5li oma peopessa, lisage veidi kreemi ja nautige! See kasutusviis sobib eriti h\u00e4sti rahustavaks massaa\u017eiks enne magamaminekut v\u00f5i p\u00e4rast treeningut.<br \/>\nKasutamine<br \/>\nLisage baas\u00f5lile v\u00f5i l\u00f5hnatamata kreemile ja nautige l\u00f5\u00f5gastavat massaa\u017ei.<br \/>\nKasutage l\u00f5\u00f5gastavaks vanniks.<br \/>\nSeguneb h\u00e4sti tsitruse, geraaniumi, lavendli, roosi ja Ylang Ylangi eeterlike \u00f5lidega.<br \/>\nKasutamine<\/p>\n<p>Segage 5 tilka \u00f5li umbes 10 ml baas\u00f5liga massaa\u017eiks. Vanni jaoks segage 5 tilka \u00f5li umbes 5 ml baas\u00f5liga. Parf\u00fc\u00fcmiks kasutamisel segage 1 tilk 10 tilga baas\u00f5liga. Ainult v\u00e4lispidiseks kasutamiseks.<br \/>\nEttevaatusabin\u00f5ud<\/p>\n<p>V\u00f5ib p\u00f5hjustada naha\u00e4rritust. Hoida lastele k\u00e4ttesaamatus kohas. Kui te ootate last v\u00f5i olete ravil, konsulteerige oma arstiga. V\u00e4ltida kokkupuudet silmade, sisek\u00f5rva ja tundlike piirkondadega.<\/p>\n<\/div>\n","protected":false},"excerpt":{"rendered":"<p>Mentha citrata Bergamoti piparm\u00fcndi eeterlik \u00f5li on ekstraheeritud lillade \u00f5itega ja s\u00fcdamekujuliste lehtedega mitmeaastasest taimest. Vaatamata oma nimele ei ole Bergamot Mint kuidagi seotud bergamoti viljadega. Piparm\u00fcndi sidruni alamliigi eeterliku \u00f5li peamised koostisosad, mis sarnanevad lavendli\u00f5liga, on linalool ja linal\u00fc\u00fclatsetaat. See \u00f5li on suurep\u00e4rane t\u00e4iendus fraktsioneeritud kookos\u00f5lile, kui seda kasutatakse rahustavaks ja l\u00f5\u00f5gastavaks massaa\u017eiks p\u00e4rast [&hellip;]<\/p>\n","protected":false},"featured_media":0,"template":"","meta":{"site-sidebar-layout":"default","site-content-layout":"default","ast-site-content-layout":"default","site-content-style":"default","site-sidebar-style":"default","ast-global-header-display":"","ast-banner-title-visibility":"","ast-main-header-display":"","ast-hfb-above-header-display":"","ast-hfb-below-header-display":"","ast-hfb-mobile-header-display":"","site-post-title":"","ast-breadcrumbs-content":"","ast-featured-img":"","footer-sml-layout":"","ast-disable-related-posts":"","theme-transparent-header-meta":"default","adv-header-id-meta":"","stick-header-meta":"","header-above-stick-meta":"","header-main-stick-meta":"","header-below-stick-meta":"","astra-migrate-meta-layouts":"default","ast-page-background-enabled":"default","ast-page-background-meta":{"desktop":{"background-color":"","background-image":"","background-repeat":"repeat","background-position":"center center","background-size":"auto","background-attachment":"scroll","background-type":"","background-media":"","overlay-type":"","overlay-color":"","overlay-opacity":"","overlay-gradient":""},"tablet":{"background-color":"","background-image":"","background-repeat":"repeat","background-position":"center center","background-size":"auto","background-attachment":"scroll","background-type":"","background-media":"","overlay-type":"","overlay-color":"","overlay-opacity":"","overlay-gradient":""},"mobile":{"background-color":"","background-image":"","background-repeat":"repeat","background-position":"center center","background-size":"auto","background-attachment":"scroll","background-type":"","background-media":"","overlay-type":"","overlay-color":"","overlay-opacity":"","overlay-gradient":""}},"ast-content-background-meta":{"desktop":{"background-color":"var(--ast-global-color-5)","background-image":"","background-repeat":"repeat","background-position":"center center","background-size":"auto","background-attachment":"scroll","background-type":"","background-media":"","overlay-type":"","overlay-color":"","overlay-opacity":"","overlay-gradient":""},"tablet":{"background-color":"var(--ast-global-color-5)","background-image":"","background-repeat":"repeat","background-position":"center center","background-size":"auto","background-attachment":"scroll","background-type":"","background-media":"","overlay-type":"","overlay-color":"","overlay-opacity":"","overlay-gradient":""},"mobile":{"background-color":"var(--ast-global-color-5)","background-image":"","background-repeat":"repeat","background-position":"center center","background-size":"auto","background-attachment":"scroll","background-type":"","background-media":"","overlay-type":"","overlay-color":"","overlay-opacity":"","overlay-gradient":""}}},"product_brand":[],"product_cat":[1699,1734,1705,1753],"product_tag":[],"class_list":{"0":"post-18190","1":"product","2":"type-product","3":"status-publish","5":"product_cat-eeterlikud-olid","6":"product_cat-massaaz","7":"product_cat-puhtad-eeterlikud-olid","8":"product_cat-stressi-juhtimine","9":"desktop-align-left","10":"tablet-align-left","11":"mobile-align-left","13":"first","14":"instock","15":"taxable","16":"shipping-taxable","17":"purchasable","18":"product-type-simple"},"_links":{"self":[{"href":"https:\/\/mamaterra.lt\/et\/wp-json\/wp\/v2\/product\/18190","targetHints":{"allow":["GET"]}}],"collection":[{"href":"https:\/\/mamaterra.lt\/et\/wp-json\/wp\/v2\/product"}],"about":[{"href":"https:\/\/mamaterra.lt\/et\/wp-json\/wp\/v2\/types\/product"}],"wp:attachment":[{"href":"https:\/\/mamaterra.lt\/et\/wp-json\/wp\/v2\/media?parent=18190"}],"wp:term":[{"taxonomy":"product_brand","embeddable":true,"href":"https:\/\/mamaterra.lt\/et\/wp-json\/wp\/v2\/product_brand?post=18190"},{"taxonomy":"product_cat","embeddable":true,"href":"https:\/\/mamaterra.lt\/et\/wp-json\/wp\/v2\/product_cat?post=18190"},{"taxonomy":"product_tag","embeddable":true,"href":"https:\/\/mamaterra.lt\/et\/wp-json\/wp\/v2\/product_tag?post=18190"}],"curies":[{"name":"wp","href":"https:\/\/api.w.org\/{rel}","templated":true}]}}