{"id":18184,"date":"2023-05-10T20:52:19","date_gmt":"2023-05-10T19:52:19","guid":{"rendered":"https:\/\/mamaterra.lt\/parduotuve\/maaratlemata\/metapwr-advantage\/"},"modified":"2024-02-10T19:35:15","modified_gmt":"2024-02-10T18:35:15","slug":"doterra-metapwr-advantage-kollageen","status":"publish","type":"product","link":"https:\/\/mamaterra.lt\/et\/parduotuve\/eeterlikud-olid\/doterra-metapwr-advantage-kollageen\/","title":{"rendered":"doTERRA MetaPWR Advantage kollageen"},"content":{"rendered":"<h6>doTERRA MetaPWR Advantage kollageen<br \/>\nKollageeni, taimseid aineid, eeterlikke \u00f5lisid, vitamiine, suhkruid ja magusaineid sisaldav toidulisand.<\/h6>\n<p>Aja jooksul v\u00e4heneb meie kehas NAD+\/NADH (nikotiinamiid-adeniindinukleotiidi) ja kollageeni loomulik tootmine, mis takistab meie keha funktsioonide t\u00e4ielikku toimimist. Siinkohal tulevad m\u00e4ngu MetaPWR\u2122 Advantage&#8217;i eelised. Valemis sisalduvad \u00fcheksa t\u00fc\u00fcpi merest saadud kollageeni tripeptiidid ja NMN (nikotiinamiidmononukleotiid) v\u00f5ivad aidata kaasa NADH ja NAD+ tootmisele. T\u00e4ielikult parandage oma \u00fcldist kehakoostist, v\u00f5ttes maitsvat MetaPWR Advantage pulbrit.<\/p>\n<p>Ei sisalda GMOsid, piimatooteid, soja, gluteeni, s\u00e4ilitusaineid, kunstlikke magusaineid ega l\u00f5hna- ja maitseaineid.<br \/>\nKollageen v\u00f5ib aidata parandada naha v\u00e4limust, edendades naha tihedust, aidates suurendada tugevust ja parandada niisutust.<br \/>\nSisaldab viinamarja (Vitis vinifera) seemneekstrakti:<br \/>\nToetab ainevahetust, aitab s\u00e4ilitada tervet s\u00fcdant ja avaldab positiivset m\u00f5ju verer\u00f5hule*.<br \/>\nSisaldab looduslikult esinevaid antioks\u00fcdante, mis kaitsevad rakke, aitab kaitsta rakke vabade radikaalide kahjuliku m\u00f5ju eest*.<br \/>\nAntioks\u00fcdandid suurendavad organismi \u00fcldist antioks\u00fcdantide v\u00f5imekust ja v\u00f5ivad aidata tugevdada organismi kaitsev\u00f5imet*.<br \/>\nKliiniliselt ja teaduslikult t\u00f5estatud, et kaitseb rakke ja kudesid vabade radikaalide p\u00f5hjustatud oks\u00fcdatiivsete kahjustuste eest*.<br \/>\nSisaldab L-askorbiinhapet:<br \/>\nAeglustab vananemisprotsessi*.<br \/>\nKaitseb nahka keskkonnaagressioonide eest*.<br \/>\nTeaduslikult t\u00f5estatud, et aitab kaitsta nahka enneaegse vananemise eest, v\u00e4hendab er\u00fcteemi ja kahjulike vabade radikaalide p\u00f5hjustatud stressi*.<br \/>\nToetab s\u00fcdame-veresoonkonna tervist.*<br \/>\n*Need tervisealased v\u00e4ited on veel ELi ja Euroopa Toiduohutusameti (EFSA) poolt kaalumisel.<\/p>\n<div class=\"spotlight__head-copy\">\n<p>T\u00e4ielik koosseis<\/p>\n<p>Kalakollageen, kandja (resistentne dekstriin\/lahustuv tapiokakiud), emulgaator (kummiaraabik), happesuse regulaator (sidrunhape), \u00f5llep\u00e4rm (Saccharomyces cerevisiae), kaltsiumkarbonaat, l\u00f5hna- ja maitsetugevdaja (naatriumgl\u00fckonaat), maltodekstriin, L-askorbiinhape, astelpaju (Hippophae rhamnoides) puuviljaekstrakt, Looduslik l\u00f5hna- ja maitseaine, magusaine (stevia-stevioolgl\u00fckosiid), punase viinamarjamahla kontsentraat, viinamarja (Vitis vinifera) seemneekstrakt, stabilisaatorid (fosfolipiidid, rasvhapped), punase apelsini (Citrus sinensis) ekstrakt, naatriumh\u00fcaluronaat, \u00f5una (Malus pumila) puuviljaekstrakt, Taimsed rasvad, keskmise ahelaga trigl\u00fctseriidid, ts\u00fcklodekstriin, sahharoos, greibi (Citrus paradisi) koore eeterlik \u00f5li, riisi (Oryza sativa) kliide ja idude ekstrakt, sidruni (Citrus limon) koore eeterlik \u00f5li, v\u00e4rvaine (klorof\u00fclliin), nikotiinamiid-adeniindinukleotiid, tsitrusviljade bioflavonoidid, Piparm\u00fcndi (Mentha Piperita) varre ja lehtede eeterlik \u00f5li, Ingveri (Zingiber officinale) juurte eeterlik \u00f5li, v\u00e4rvaine (beetakaroteen), antioks\u00fcdant (naatriumaskorbaat), kaneeli (Cinnamomum Zeylanicum) koore eeterlik \u00f5li, adhesiiv (r\u00e4nidioksiid), antioks\u00fcdant (DL-alfa-tokoferool), D-biotiin.<\/p>\n<\/div>\n","protected":false},"excerpt":{"rendered":"<p>Ei sisalda GMOsid, piimatooteid, soja, gluteeni, s\u00e4ilitusaineid, kunstlikke magusaineid ega l\u00f5hna- ja maitseaineid.<br \/>\nKollageen v\u00f5ib aidata parandada naha v\u00e4limust, edendades naha tihedust, aidates suurendada tugevust ja parandada niisutust.<\/p>\n","protected":false},"featured_media":17609,"template":"","meta":{"site-sidebar-layout":"default","site-content-layout":"default","ast-site-content-layout":"default","site-content-style":"default","site-sidebar-style":"default","ast-global-header-display":"","ast-banner-title-visibility":"","ast-main-header-display":"","ast-hfb-above-header-display":"","ast-hfb-below-header-display":"","ast-hfb-mobile-header-display":"","site-post-title":"","ast-breadcrumbs-content":"","ast-featured-img":"","footer-sml-layout":"","ast-disable-related-posts":"","theme-transparent-header-meta":"default","adv-header-id-meta":"","stick-header-meta":"","header-above-stick-meta":"","header-main-stick-meta":"","header-below-stick-meta":"","astra-migrate-meta-layouts":"set","ast-page-background-enabled":"default","ast-page-background-meta":{"desktop":{"background-color":"","background-image":"","background-repeat":"repeat","background-position":"center center","background-size":"auto","background-attachment":"scroll","background-type":"","background-media":"","overlay-type":"","overlay-color":"","overlay-opacity":"","overlay-gradient":""},"tablet":{"background-color":"","background-image":"","background-repeat":"repeat","background-position":"center center","background-size":"auto","background-attachment":"scroll","background-type":"","background-media":"","overlay-type":"","overlay-color":"","overlay-opacity":"","overlay-gradient":""},"mobile":{"background-color":"","background-image":"","background-repeat":"repeat","background-position":"center center","background-size":"auto","background-attachment":"scroll","background-type":"","background-media":"","overlay-type":"","overlay-color":"","overlay-opacity":"","overlay-gradient":""}},"ast-content-background-meta":{"desktop":{"background-color":"var(--ast-global-color-5)","background-image":"","background-repeat":"repeat","background-position":"center center","background-size":"auto","background-attachment":"scroll","background-type":"","background-media":"","overlay-type":"","overlay-color":"","overlay-opacity":"","overlay-gradient":""},"tablet":{"background-color":"var(--ast-global-color-5)","background-image":"","background-repeat":"repeat","background-position":"center center","background-size":"auto","background-attachment":"scroll","background-type":"","background-media":"","overlay-type":"","overlay-color":"","overlay-opacity":"","overlay-gradient":""},"mobile":{"background-color":"var(--ast-global-color-5)","background-image":"","background-repeat":"repeat","background-position":"center center","background-size":"auto","background-attachment":"scroll","background-type":"","background-media":"","overlay-type":"","overlay-color":"","overlay-opacity":"","overlay-gradient":""}}},"product_brand":[],"product_cat":[1699],"product_tag":[],"class_list":{"0":"post-18184","1":"product","2":"type-product","3":"status-publish","4":"has-post-thumbnail","6":"product_cat-eeterlikud-olid","7":"desktop-align-left","8":"tablet-align-left","9":"mobile-align-left","11":"first","12":"instock","13":"sale","14":"taxable","15":"shipping-taxable","16":"purchasable","17":"product-type-simple"},"_links":{"self":[{"href":"https:\/\/mamaterra.lt\/et\/wp-json\/wp\/v2\/product\/18184","targetHints":{"allow":["GET"]}}],"collection":[{"href":"https:\/\/mamaterra.lt\/et\/wp-json\/wp\/v2\/product"}],"about":[{"href":"https:\/\/mamaterra.lt\/et\/wp-json\/wp\/v2\/types\/product"}],"wp:featuredmedia":[{"embeddable":true,"href":"https:\/\/mamaterra.lt\/et\/wp-json\/wp\/v2\/media\/17609"}],"wp:attachment":[{"href":"https:\/\/mamaterra.lt\/et\/wp-json\/wp\/v2\/media?parent=18184"}],"wp:term":[{"taxonomy":"product_brand","embeddable":true,"href":"https:\/\/mamaterra.lt\/et\/wp-json\/wp\/v2\/product_brand?post=18184"},{"taxonomy":"product_cat","embeddable":true,"href":"https:\/\/mamaterra.lt\/et\/wp-json\/wp\/v2\/product_cat?post=18184"},{"taxonomy":"product_tag","embeddable":true,"href":"https:\/\/mamaterra.lt\/et\/wp-json\/wp\/v2\/product_tag?post=18184"}],"curies":[{"name":"wp","href":"https:\/\/api.w.org\/{rel}","templated":true}]}}