{"id":18180,"date":"2023-05-30T20:27:56","date_gmt":"2023-05-30T19:27:56","guid":{"rendered":"https:\/\/mamaterra.lt\/parduotuve\/maaratlemata\/mineralinis-losjonas-nuo-saules-veidui-ir-kunui-sunscreen-150-ml\/"},"modified":"2024-03-10T19:36:21","modified_gmt":"2024-03-10T18:36:21","slug":"mineraalne-paikesekreem-naole-ja-kehale-sunscreen-150-ml","status":"publish","type":"product","link":"https:\/\/mamaterra.lt\/et\/parduotuve\/hugieen-ja-nahahooldus\/doterra-sun-et\/mineraalne-paikesekreem-naole-ja-kehale-sunscreen-150-ml\/","title":{"rendered":"Mineraalne p\u00e4ikesekreem n\u00e4ole ja kehale (SUNSCREEN) 150 ml"},"content":{"rendered":"<p>P\u00e4ikesek\u00fcllane nahk on kaitstud nahk, kui kasutate meie mineraalset p\u00e4ikesekaitselotsiooni n\u00e4ole ja kehale. See sisaldab punase mandariini, magnoolia, sidrunheina, Ylang Ylangi, porgandiseemne, frankincensi ja helichrysumi eeterlikke \u00f5lisid, mis annavad imeliselt kerge ja meeldiva l\u00f5hna. Toitev, niisutav ja rahustav kreem libiseb nahale ja pakub veekindlat kaitset kuni 80 minutiks. Kandke seda enne p\u00e4ikese k\u00e4es viibimist ohtralt nahale ja nautige kaitset pealaest kuni varvasteni.<\/p>\n<p>Paks niisutav kreem pakub SPF 30 kaitset.<br \/>\nSisaldab nanovaba tsinkoksiidi, avokaado\u00f5li, aloe verat, vaarikaseemne\u00f5li ja E-vitamiini.<br \/>\nIlma ftalaatide, oks\u00fcbensooni ja s\u00fcnteetiliste l\u00f5hnaaineteta.<br \/>\nToitev ja \u00fclimalt niisutav koostis on dermatoloogiliselt testitud ja veekindel kuni 80 minutit.<br \/>\nSobib veganitele ja on korallis\u00f5bralik.<br \/>\nKasutusjuhend<\/p>\n<p>Kanda 15 minutit enne p\u00e4ikese k\u00e4es viibimist. Kandke kogu katmata nahale. Kanna uuesti v\u00e4hemalt iga kahe tunni tagant.<br \/>\nEttevaatusabin\u00f5ud<\/p>\n<p>Ainult v\u00e4lispidiseks kasutamiseks. Mitte kasutada kahjustatud v\u00f5i l\u00f5henenud nahale. Mitte kanda silmadele. Loputada veega. L\u00f6\u00f6be tekkimise korral katkestada kasutamine ja p\u00f6\u00f6rduda arsti poole. \u00c4rge viibige liiga kaua p\u00e4ikese k\u00e4es, isegi kui kasutate p\u00e4ikesekaitsekreemi. Hoidke imikuid ja v\u00e4ikelapsi otsese p\u00e4ikesevalguse eest. Liigne kokkupuude p\u00e4ikesega v\u00f5ib p\u00f5hjustada t\u00f5siseid tervisekahjustusi. V\u00f5ib p\u00f5hjustada naha\u00e4rritust. Hoida lastele k\u00e4ttesaamatus kohas. Kui te ootate last v\u00f5i olete ravil, konsulteerige oma arstiga. V\u00e4ltida kokkupuudet silmade, sisek\u00f5rva ja tundlike piirkondadega. Alla 6 kuu vanused lapsed: konsulteerige arstiga.<\/p>\n","protected":false},"excerpt":{"rendered":"<p>Paks niisutav kreem pakub SPF 30 kaitset.<br \/>\nSisaldab mitte-nano tsinkoksiidi, avokaado\u00f5li, aloe verat, vaarikaseemne\u00f5li ja E-vitamiini.<br \/>\nIlma ftalaatide, oks\u00fcbensooni ja s\u00fcnteetiliste l\u00f5hnaaineteta.<br \/>\nToitev ja \u00fclimalt niisutav koostis on dermatoloogiliselt testitud ja veekindel kuni 80 minutit.<br \/>\nSobib veganitele ja on korallis\u00f5bralik.<\/p>\n","protected":false},"featured_media":23263,"template":"","meta":{"site-sidebar-layout":"default","site-content-layout":"default","ast-site-content-layout":"default","site-content-style":"default","site-sidebar-style":"default","ast-global-header-display":"","ast-banner-title-visibility":"","ast-main-header-display":"","ast-hfb-above-header-display":"","ast-hfb-below-header-display":"","ast-hfb-mobile-header-display":"","site-post-title":"","ast-breadcrumbs-content":"","ast-featured-img":"","footer-sml-layout":"","ast-disable-related-posts":"","theme-transparent-header-meta":"default","adv-header-id-meta":"","stick-header-meta":"","header-above-stick-meta":"","header-main-stick-meta":"","header-below-stick-meta":"","astra-migrate-meta-layouts":"set","ast-page-background-enabled":"default","ast-page-background-meta":{"desktop":{"background-color":"","background-image":"","background-repeat":"repeat","background-position":"center center","background-size":"auto","background-attachment":"scroll","background-type":"","background-media":"","overlay-type":"","overlay-color":"","overlay-opacity":"","overlay-gradient":""},"tablet":{"background-color":"","background-image":"","background-repeat":"repeat","background-position":"center center","background-size":"auto","background-attachment":"scroll","background-type":"","background-media":"","overlay-type":"","overlay-color":"","overlay-opacity":"","overlay-gradient":""},"mobile":{"background-color":"","background-image":"","background-repeat":"repeat","background-position":"center center","background-size":"auto","background-attachment":"scroll","background-type":"","background-media":"","overlay-type":"","overlay-color":"","overlay-opacity":"","overlay-gradient":""}},"ast-content-background-meta":{"desktop":{"background-color":"var(--ast-global-color-5)","background-image":"","background-repeat":"repeat","background-position":"center center","background-size":"auto","background-attachment":"scroll","background-type":"","background-media":"","overlay-type":"","overlay-color":"","overlay-opacity":"","overlay-gradient":""},"tablet":{"background-color":"var(--ast-global-color-5)","background-image":"","background-repeat":"repeat","background-position":"center center","background-size":"auto","background-attachment":"scroll","background-type":"","background-media":"","overlay-type":"","overlay-color":"","overlay-opacity":"","overlay-gradient":""},"mobile":{"background-color":"var(--ast-global-color-5)","background-image":"","background-repeat":"repeat","background-position":"center center","background-size":"auto","background-attachment":"scroll","background-type":"","background-media":"","overlay-type":"","overlay-color":"","overlay-opacity":"","overlay-gradient":""}}},"product_brand":[],"product_cat":[3577,1710],"product_tag":[],"class_list":{"0":"post-18180","1":"product","2":"type-product","3":"status-publish","4":"has-post-thumbnail","6":"product_cat-doterra-sun-et","7":"product_cat-hugieen-ja-nahahooldus","8":"desktop-align-left","9":"tablet-align-left","10":"mobile-align-left","12":"first","13":"instock","14":"sale","15":"taxable","16":"shipping-taxable","17":"purchasable","18":"product-type-simple"},"_links":{"self":[{"href":"https:\/\/mamaterra.lt\/et\/wp-json\/wp\/v2\/product\/18180","targetHints":{"allow":["GET"]}}],"collection":[{"href":"https:\/\/mamaterra.lt\/et\/wp-json\/wp\/v2\/product"}],"about":[{"href":"https:\/\/mamaterra.lt\/et\/wp-json\/wp\/v2\/types\/product"}],"wp:featuredmedia":[{"embeddable":true,"href":"https:\/\/mamaterra.lt\/et\/wp-json\/wp\/v2\/media\/23263"}],"wp:attachment":[{"href":"https:\/\/mamaterra.lt\/et\/wp-json\/wp\/v2\/media?parent=18180"}],"wp:term":[{"taxonomy":"product_brand","embeddable":true,"href":"https:\/\/mamaterra.lt\/et\/wp-json\/wp\/v2\/product_brand?post=18180"},{"taxonomy":"product_cat","embeddable":true,"href":"https:\/\/mamaterra.lt\/et\/wp-json\/wp\/v2\/product_cat?post=18180"},{"taxonomy":"product_tag","embeddable":true,"href":"https:\/\/mamaterra.lt\/et\/wp-json\/wp\/v2\/product_tag?post=18180"}],"curies":[{"name":"wp","href":"https:\/\/api.w.org\/{rel}","templated":true}]}}