{"id":18156,"date":"2023-06-05T19:40:14","date_gmt":"2023-06-05T18:40:14","guid":{"rendered":"https:\/\/mamaterra.lt\/parduotuve\/maaratlemata\/retro-levanda-tualetinis-vanduo-60ml\/"},"modified":"2023-06-26T19:46:49","modified_gmt":"2023-06-26T18:46:49","slug":"retro-levanda-tualetinis-vanduo-60ml","status":"publish","type":"product","link":"https:\/\/mamaterra.lt\/et\/parduotuve\/kingitused\/kingitused-naistele\/retro-levanda-tualetinis-vanduo-60ml\/","title":{"rendered":"Retro Levanda Eau de Toilette 60ml"},"content":{"rendered":"<p>Lavendli eeterliku \u00f5liga rikastatud Eau de Toilette, mida on Provence&#8217;is toodetud juba sajandeid ja mis on tuntud oma tervise, ilu ja heaolu poolest. Rahustav, l\u00f5\u00f5gastav, antiseptiline ja terapeutiline, on see t\u00f5eline liitlane meie igap\u00e4evases ilurutiinis.<\/p>\n<p>Lavendli luksuslik l\u00f5hn annab teile raskustunde ja viib teid \u00f5rnasse lillel\u00f5hnasse keerisesse. Retroh\u00f5nguline pudel kaunistab teie kosmeetikalaua.<\/p>\n<p>Vaid paar pihustust kaelale ja randmetele ning k\u00f5iki liigutusi saadavad Provence&#8217;i lavendli noodid.<\/p>\n<p>Ja kui eau de toilette on valmis, saate h\u00f5lpsasti teha uue toote doTERRA lavendli v\u00f5i teiste eeterlike \u00f5lide ja parf\u00fcmeeriva et\u00fc\u00fclalkoholiga.<\/p>\n<p>Parf\u00fc\u00fcm &#8211; 20-30% l\u00f5hnaaine (selle pudeli jaoks 12-18 ml eeterlikku \u00f5li).<br \/>\nEau de parfum (eau de parfumi jaoks) &#8211; 10-20% l\u00f5hnast (6-12 ml eeterlikku \u00f5li)<br \/>\nEau de toilette (eau de toilette&#8217;i puhul) &#8211; 5-15% l\u00f5hnaainet (3-9 ml)<br \/>\nEau de cologne (K\u00f6lni puhul) &#8211; 2-4% l\u00f5hnaainest (1,2-3 ml).<\/p>\n","protected":false},"excerpt":{"rendered":"<p>Lavendli luksuslik l\u00f5hn annab teile raskustunde ja viib teid \u00f5rnasse lillel\u00f5hnasse keerisesse. Retroh\u00f5nguline pudel kaunistab teie kosmeetikalaua.<\/p>\n<p>Vaid paar pihustust kaelale ja randmetele ning k\u00f5iki liigutusi saadavad Provence&#8217;i lavendli noodid.<\/p>\n","protected":false},"featured_media":17847,"template":"","meta":{"site-sidebar-layout":"default","site-content-layout":"default","ast-site-content-layout":"default","site-content-style":"default","site-sidebar-style":"default","ast-global-header-display":"","ast-banner-title-visibility":"","ast-main-header-display":"","ast-hfb-above-header-display":"","ast-hfb-below-header-display":"","ast-hfb-mobile-header-display":"","site-post-title":"","ast-breadcrumbs-content":"","ast-featured-img":"","footer-sml-layout":"","ast-disable-related-posts":"","theme-transparent-header-meta":"default","adv-header-id-meta":"","stick-header-meta":"","header-above-stick-meta":"","header-main-stick-meta":"","header-below-stick-meta":"","astra-migrate-meta-layouts":"default","ast-page-background-enabled":"default","ast-page-background-meta":{"desktop":{"background-color":"","background-image":"","background-repeat":"repeat","background-position":"center center","background-size":"auto","background-attachment":"scroll","background-type":"","background-media":"","overlay-type":"","overlay-color":"","overlay-opacity":"","overlay-gradient":""},"tablet":{"background-color":"","background-image":"","background-repeat":"repeat","background-position":"center center","background-size":"auto","background-attachment":"scroll","background-type":"","background-media":"","overlay-type":"","overlay-color":"","overlay-opacity":"","overlay-gradient":""},"mobile":{"background-color":"","background-image":"","background-repeat":"repeat","background-position":"center center","background-size":"auto","background-attachment":"scroll","background-type":"","background-media":"","overlay-type":"","overlay-color":"","overlay-opacity":"","overlay-gradient":""}},"ast-content-background-meta":{"desktop":{"background-color":"var(--ast-global-color-5)","background-image":"","background-repeat":"repeat","background-position":"center center","background-size":"auto","background-attachment":"scroll","background-type":"","background-media":"","overlay-type":"","overlay-color":"","overlay-opacity":"","overlay-gradient":""},"tablet":{"background-color":"var(--ast-global-color-5)","background-image":"","background-repeat":"repeat","background-position":"center center","background-size":"auto","background-attachment":"scroll","background-type":"","background-media":"","overlay-type":"","overlay-color":"","overlay-opacity":"","overlay-gradient":""},"mobile":{"background-color":"var(--ast-global-color-5)","background-image":"","background-repeat":"repeat","background-position":"center center","background-size":"auto","background-attachment":"scroll","background-type":"","background-media":"","overlay-type":"","overlay-color":"","overlay-opacity":"","overlay-gradient":""}}},"product_brand":[],"product_cat":[1690,1693,1854,1853],"product_tag":[],"class_list":{"0":"post-18156","1":"product","2":"type-product","3":"status-publish","4":"has-post-thumbnail","6":"product_cat-kingitused","7":"product_cat-kingitused-naistele","8":"product_cat-lisandid","9":"product_cat-provencei-tooted","10":"desktop-align-left","11":"tablet-align-left","12":"mobile-align-left","14":"first","15":"instock","16":"taxable","17":"shipping-taxable","18":"purchasable","19":"product-type-simple"},"_links":{"self":[{"href":"https:\/\/mamaterra.lt\/et\/wp-json\/wp\/v2\/product\/18156","targetHints":{"allow":["GET"]}}],"collection":[{"href":"https:\/\/mamaterra.lt\/et\/wp-json\/wp\/v2\/product"}],"about":[{"href":"https:\/\/mamaterra.lt\/et\/wp-json\/wp\/v2\/types\/product"}],"wp:featuredmedia":[{"embeddable":true,"href":"https:\/\/mamaterra.lt\/et\/wp-json\/wp\/v2\/media\/17847"}],"wp:attachment":[{"href":"https:\/\/mamaterra.lt\/et\/wp-json\/wp\/v2\/media?parent=18156"}],"wp:term":[{"taxonomy":"product_brand","embeddable":true,"href":"https:\/\/mamaterra.lt\/et\/wp-json\/wp\/v2\/product_brand?post=18156"},{"taxonomy":"product_cat","embeddable":true,"href":"https:\/\/mamaterra.lt\/et\/wp-json\/wp\/v2\/product_cat?post=18156"},{"taxonomy":"product_tag","embeddable":true,"href":"https:\/\/mamaterra.lt\/et\/wp-json\/wp\/v2\/product_tag?post=18156"}],"curies":[{"name":"wp","href":"https:\/\/api.w.org\/{rel}","templated":true}]}}