{"id":18151,"date":"2023-06-22T19:28:00","date_gmt":"2023-06-22T18:28:00","guid":{"rendered":"https:\/\/mamaterra.lt\/parduotuve\/maaratlemata\/doterra-neshama-soulful-blend\/"},"modified":"2023-06-26T19:40:28","modified_gmt":"2023-06-26T18:40:28","slug":"doterra-neshama-soulful-blend","status":"publish","type":"product","link":"https:\/\/mamaterra.lt\/et\/parduotuve\/eeterlikud-olid\/eeterlike-olide-segud\/doterra-neshama-soulful-blend\/","title":{"rendered":"doTERRA Neshama Soulful Blend"},"content":{"rendered":"<h6>Neshama\u00a0 10 ml<\/h6>\n<p>&nbsp;<\/p>\n<div dir=\"auto\">\n<p>Neshama tuleneb heebrea s\u00f5nast &#8220;hing&#8221; ja see loodi selleks, et aidata meile meelde tuletada, kes me tegelikult oleme ja kuidas me k\u00f5ik oleme \u00fcksteisega ja meid \u00fcmbritseva maailmaga seotud.<\/p>\n<p>Ajalooliselt on nii taimi kui ka eeterlikke \u00f5lisid hinnatud nende kasulikkuse ja kasutusv\u00f5imaluste poolest, mis n\u00e4itab inimese ja looduse vahelist seost.<\/p>\n<p>Paljusid Neshama Soulful Blend&#8217;i jaoks valitud eeterlikke \u00f5lisid on peetud p\u00fchaks ja neid on mainitud iidsetes p\u00fchakirjades, mida on kasutatud siis ja praegu, et aidata meil saada \u00fchendust k\u00f5rgema enesetundega. \u00c4\u00e4rmiselt rasketel aegadel v\u00f5ib Neshama kasutamine tuletada teile meelde, et teie hingel on s\u00fcgav side teid \u00fcmbritseva maailmaga ja et tervenemine saabub aja jooksul.<\/p>\n<p>See inspireeriv segu sisaldab m\u00f5ningaid CPTG k\u00f5ige hinnatumate ja kallimate eeterlike \u00f5lide hulka: palavik, lavendel, seedripuu, k\u00fcpress, m\u00fcrra, spikenard, metsapelsin, kassia ja kaneel. \u00c4\u00e4rmiselt rasketel aegadel v\u00f5ib Neshama kasutamine tuletada teile meelde, et teie hingel on s\u00fcgav side \u00fcmbritseva maailmaga ja et on aeg aidata.<\/p>\n<\/div>\n","protected":false},"excerpt":{"rendered":"<p>T\u00f5stev ja energiat andev<br \/>\nToetab meeleolu<br \/>\n\u00dchendab<br \/>\nKasutage p\u00e4evasel ajal isikliku l\u00f5hnana, et luua \u00fchendus maaga.<br \/>\nTundke end kogu p\u00e4eva jooksul eluj\u00f5ulisena ja t\u00e4nulikuna, kuna teile tuletatakse meelde, kes te olete<br \/>\nKai kartais jau\u010diat\u0117s neramiai, u\u017etepkite ant pulso ta\u0161k\u0173, kad atsipalaiduotum\u0117te ir prisijaukintum\u0117te nuotaik\u0105.<\/p>\n","protected":false},"featured_media":18023,"template":"","meta":{"site-sidebar-layout":"default","site-content-layout":"default","ast-site-content-layout":"default","site-content-style":"default","site-sidebar-style":"default","ast-global-header-display":"","ast-banner-title-visibility":"","ast-main-header-display":"","ast-hfb-above-header-display":"","ast-hfb-below-header-display":"","ast-hfb-mobile-header-display":"","site-post-title":"","ast-breadcrumbs-content":"","ast-featured-img":"","footer-sml-layout":"","ast-disable-related-posts":"","theme-transparent-header-meta":"default","adv-header-id-meta":"","stick-header-meta":"","header-above-stick-meta":"","header-main-stick-meta":"","header-below-stick-meta":"","astra-migrate-meta-layouts":"default","ast-page-background-enabled":"default","ast-page-background-meta":{"desktop":{"background-color":"","background-image":"","background-repeat":"repeat","background-position":"center center","background-size":"auto","background-attachment":"scroll","background-type":"","background-media":"","overlay-type":"","overlay-color":"","overlay-opacity":"","overlay-gradient":""},"tablet":{"background-color":"","background-image":"","background-repeat":"repeat","background-position":"center center","background-size":"auto","background-attachment":"scroll","background-type":"","background-media":"","overlay-type":"","overlay-color":"","overlay-opacity":"","overlay-gradient":""},"mobile":{"background-color":"","background-image":"","background-repeat":"repeat","background-position":"center center","background-size":"auto","background-attachment":"scroll","background-type":"","background-media":"","overlay-type":"","overlay-color":"","overlay-opacity":"","overlay-gradient":""}},"ast-content-background-meta":{"desktop":{"background-color":"var(--ast-global-color-5)","background-image":"","background-repeat":"repeat","background-position":"center center","background-size":"auto","background-attachment":"scroll","background-type":"","background-media":"","overlay-type":"","overlay-color":"","overlay-opacity":"","overlay-gradient":""},"tablet":{"background-color":"var(--ast-global-color-5)","background-image":"","background-repeat":"repeat","background-position":"center center","background-size":"auto","background-attachment":"scroll","background-type":"","background-media":"","overlay-type":"","overlay-color":"","overlay-opacity":"","overlay-gradient":""},"mobile":{"background-color":"var(--ast-global-color-5)","background-image":"","background-repeat":"repeat","background-position":"center center","background-size":"auto","background-attachment":"scroll","background-type":"","background-media":"","overlay-type":"","overlay-color":"","overlay-opacity":"","overlay-gradient":""}}},"product_brand":[],"product_cat":[1701,1753],"product_tag":[],"class_list":{"0":"post-18151","1":"product","2":"type-product","3":"status-publish","4":"has-post-thumbnail","6":"product_cat-eeterlike-olide-segud","7":"product_cat-stressi-juhtimine","8":"desktop-align-left","9":"tablet-align-left","10":"mobile-align-left","12":"first","13":"instock","14":"taxable","15":"shipping-taxable","16":"purchasable","17":"product-type-simple"},"_links":{"self":[{"href":"https:\/\/mamaterra.lt\/et\/wp-json\/wp\/v2\/product\/18151","targetHints":{"allow":["GET"]}}],"collection":[{"href":"https:\/\/mamaterra.lt\/et\/wp-json\/wp\/v2\/product"}],"about":[{"href":"https:\/\/mamaterra.lt\/et\/wp-json\/wp\/v2\/types\/product"}],"wp:featuredmedia":[{"embeddable":true,"href":"https:\/\/mamaterra.lt\/et\/wp-json\/wp\/v2\/media\/18023"}],"wp:attachment":[{"href":"https:\/\/mamaterra.lt\/et\/wp-json\/wp\/v2\/media?parent=18151"}],"wp:term":[{"taxonomy":"product_brand","embeddable":true,"href":"https:\/\/mamaterra.lt\/et\/wp-json\/wp\/v2\/product_brand?post=18151"},{"taxonomy":"product_cat","embeddable":true,"href":"https:\/\/mamaterra.lt\/et\/wp-json\/wp\/v2\/product_cat?post=18151"},{"taxonomy":"product_tag","embeddable":true,"href":"https:\/\/mamaterra.lt\/et\/wp-json\/wp\/v2\/product_tag?post=18151"}],"curies":[{"name":"wp","href":"https:\/\/api.w.org\/{rel}","templated":true}]}}