{"id":18145,"date":"2023-06-22T19:41:08","date_gmt":"2023-06-22T18:41:08","guid":{"rendered":"https:\/\/mamaterra.lt\/parduotuve\/maaratlemata\/serenity-touch\/"},"modified":"2023-11-22T19:55:42","modified_gmt":"2023-11-22T18:55:42","slug":"serenity-touch","status":"publish","type":"product","link":"https:\/\/mamaterra.lt\/et\/parduotuve\/eeterlikud-olid\/eeterlike-olide-segud\/serenity-touch\/","title":{"rendered":"Serenity Touch"},"content":{"rendered":"<p>Serenity Touch, 10 ml<\/p>\n<p>R\u00f6stitud fraktsioneeritud kookos\u00f5liga<\/p>\n<p>doTERRA SERENITY\u2122 rahustav eeterlike \u00f5lide segu Kirjeldus:<\/p>\n<p>doTERRA Serenity on rahustavate eeterlike \u00f5lide segu, mis aitab teil unustada mured ja l\u00f5\u00f5gastuda. See rahustav segu paneb teid koheselt \u00f5ndsasse l\u00f5\u00f5gastusseisundisse.<\/p>\n<p>Rahustab meeli<br \/>\nAitab leevendada pingeid<br \/>\nAitab luua l\u00f5\u00f5gastavat atmosf\u00e4\u00e4ri<\/p>\n<p>doTERRA SERENITY\u2122 rahustav eeterlike \u00f5lide segu Koostisained:<\/p>\n<p>Lavendel, seederpuu, ylang-ilang, majoraan, Rooma kummel, vetiver, vanilje absoluut, Havai sandlipuu, fraktsioneeritud kookos\u00f5li.<\/p>\n<p>doTERRA SERENITY\u2122 rahustav eeterlike \u00f5lide segu \u00dcldised omadused ja kasutusalad:<\/p>\n<p>&#8220;doTERRA Serenity Restful Blend&#8221; on rahustava ja l\u00f5\u00f5gastava aroomiga, mis pakub kasutajale ainulaadset elamust. See t\u00e4iuslikult tasakaalustatud, rahustav segu on kohe tuntav ja paneb kasutaja \u00f5ndsasse seisundisse. &#8220;doTERRA Serenity&#8221; \u00fchendab eeterlikke \u00f5lisid, mis on tuntud oma v\u00f5ime poolest luua rahulikku keskkonda enne magamaminekut. Seedripuu, Ho puidu ja vetiveri eeterlikud \u00f5lid annavad doTERRA Serenity&#8217;le maandava aroomi, mis soodustab rahulikku \u00f5hkkonda, kui on aeg rahuneda.<\/p>\n<p>Kandke randmete peale ja hingake mitu korda p\u00e4evas sisse, et leevendada igap\u00e4evast stressi.<\/p>\n<p>Stosuj na podeszwy st\u00f3p przed p\u00f3j\u015bciem spa\u0107, aby si\u0119 zrelaksowa\u0107.<br \/>\nStosuj w po\u0142\u0105czeniu z doTERRA Serenity Restful Complex Softgels, aby wzmocni\u0107 efekt.<br \/>\nStosuj na kark lub okolice serca, aby poczu\u0107 spok\u00f3j.<\/p>\n","protected":false},"excerpt":{"rendered":"<p>Kandke oma randmetele ja hingake mitu korda p\u00e4evas sisse, et leevendada igap\u00e4evast stressi.<br \/>\nEnne magamaminekut kandke seda jalap\u00f5hjadele, et aidata teil l\u00f5\u00f5gastuda.<br \/>\nKasutage koos doTERRA Serenity Restful Complex Softgels&#8217;iga, et suurendada m\u00f5ju.<br \/>\nKandke kaela- v\u00f5i s\u00fcdamepiirkonnale, et tunda rahulikkust.<\/p>\n<p>&nbsp;<\/p>\n","protected":false},"featured_media":18071,"template":"","meta":{"site-sidebar-layout":"default","site-content-layout":"default","ast-site-content-layout":"default","site-content-style":"default","site-sidebar-style":"default","ast-global-header-display":"","ast-banner-title-visibility":"","ast-main-header-display":"","ast-hfb-above-header-display":"","ast-hfb-below-header-display":"","ast-hfb-mobile-header-display":"","site-post-title":"","ast-breadcrumbs-content":"","ast-featured-img":"","footer-sml-layout":"","ast-disable-related-posts":"","theme-transparent-header-meta":"default","adv-header-id-meta":"","stick-header-meta":"","header-above-stick-meta":"","header-main-stick-meta":"","header-below-stick-meta":"","astra-migrate-meta-layouts":"default","ast-page-background-enabled":"default","ast-page-background-meta":{"desktop":{"background-color":"","background-image":"","background-repeat":"repeat","background-position":"center center","background-size":"auto","background-attachment":"scroll","background-type":"","background-media":"","overlay-type":"","overlay-color":"","overlay-opacity":"","overlay-gradient":""},"tablet":{"background-color":"","background-image":"","background-repeat":"repeat","background-position":"center center","background-size":"auto","background-attachment":"scroll","background-type":"","background-media":"","overlay-type":"","overlay-color":"","overlay-opacity":"","overlay-gradient":""},"mobile":{"background-color":"","background-image":"","background-repeat":"repeat","background-position":"center center","background-size":"auto","background-attachment":"scroll","background-type":"","background-media":"","overlay-type":"","overlay-color":"","overlay-opacity":"","overlay-gradient":""}},"ast-content-background-meta":{"desktop":{"background-color":"var(--ast-global-color-5)","background-image":"","background-repeat":"repeat","background-position":"center center","background-size":"auto","background-attachment":"scroll","background-type":"","background-media":"","overlay-type":"","overlay-color":"","overlay-opacity":"","overlay-gradient":""},"tablet":{"background-color":"var(--ast-global-color-5)","background-image":"","background-repeat":"repeat","background-position":"center center","background-size":"auto","background-attachment":"scroll","background-type":"","background-media":"","overlay-type":"","overlay-color":"","overlay-opacity":"","overlay-gradient":""},"mobile":{"background-color":"var(--ast-global-color-5)","background-image":"","background-repeat":"repeat","background-position":"center center","background-size":"auto","background-attachment":"scroll","background-type":"","background-media":"","overlay-type":"","overlay-color":"","overlay-opacity":"","overlay-gradient":""}}},"product_brand":[],"product_cat":[1701,1756,1737],"product_tag":[],"class_list":{"0":"post-18145","1":"product","2":"type-product","3":"status-publish","4":"has-post-thumbnail","6":"product_cat-eeterlike-olide-segud","7":"product_cat-lastele","8":"product_cat-magamiseks","9":"desktop-align-left","10":"tablet-align-left","11":"mobile-align-left","13":"first","14":"outofstock","15":"taxable","16":"shipping-taxable","17":"purchasable","18":"product-type-simple"},"_links":{"self":[{"href":"https:\/\/mamaterra.lt\/et\/wp-json\/wp\/v2\/product\/18145","targetHints":{"allow":["GET"]}}],"collection":[{"href":"https:\/\/mamaterra.lt\/et\/wp-json\/wp\/v2\/product"}],"about":[{"href":"https:\/\/mamaterra.lt\/et\/wp-json\/wp\/v2\/types\/product"}],"wp:featuredmedia":[{"embeddable":true,"href":"https:\/\/mamaterra.lt\/et\/wp-json\/wp\/v2\/media\/18071"}],"wp:attachment":[{"href":"https:\/\/mamaterra.lt\/et\/wp-json\/wp\/v2\/media?parent=18145"}],"wp:term":[{"taxonomy":"product_brand","embeddable":true,"href":"https:\/\/mamaterra.lt\/et\/wp-json\/wp\/v2\/product_brand?post=18145"},{"taxonomy":"product_cat","embeddable":true,"href":"https:\/\/mamaterra.lt\/et\/wp-json\/wp\/v2\/product_cat?post=18145"},{"taxonomy":"product_tag","embeddable":true,"href":"https:\/\/mamaterra.lt\/et\/wp-json\/wp\/v2\/product_tag?post=18145"}],"curies":[{"name":"wp","href":"https:\/\/api.w.org\/{rel}","templated":true}]}}