{"id":18139,"date":"2023-06-22T21:00:13","date_gmt":"2023-06-22T20:00:13","guid":{"rendered":"https:\/\/mamaterra.lt\/parduotuve\/maaratlemata\/doterra-beautiful-blend\/"},"modified":"2023-06-26T19:26:00","modified_gmt":"2023-06-26T18:26:00","slug":"doterra-beautiful-blend","status":"publish","type":"product","link":"https:\/\/mamaterra.lt\/et\/parduotuve\/eeterlikud-olid\/eeterlike-olide-segud\/doterra-beautiful-blend\/","title":{"rendered":"doTERRA Beautiful Blend"},"content":{"rendered":"<p>doTERRA Beautiful Blend, 10ml<\/p>\n<p>Beautiful &#8211; ilus, imeline, eriline, ahvatlev, enesest lugupidav ja enesekindel. K\u00f5ike seda soodustab see segu, mis on k\u00f5ige imelisem ja 100% looduslik parf\u00fc\u00fcm naisele, kes tunneb end masendatuna, ahastatuna, enesekriitiliselt, enesehaletsusv\u00e4\u00e4rsena ja v\u00e4\u00e4rtusetuna&#8230;<\/p>\n<p>Kaunis l\u00f5hn avab s\u00fcdame armastusele ja enesearmastusele, julgustab teid tunnustama ilu iseendas ja hindama neid andeid armu ja t\u00e4nulikkusega.<\/p>\n<p>Sisaldab:<\/p>\n<p>Bergamot &#8211; enesearusaamise l\u00f5hn, mis vabastab meeleheite, enesehinnangu ja usaldamatuse tunded. Kui me peame end liiga k\u00f5rgete standardite j\u00e4rgi, tunneme, et me ei ole armastuse v\u00e4\u00e4rilised, ei ole piisavalt head ja kardame v\u00e4ljendada oma t\u00f5elisi m\u00f5tteid ja tundeid. Bergamot on vabastav, aitab meil ennast armastada, muuta kangekaelseid uskumusi, puhastada oma keha ja meelt ning anda meile lootust ja usku.<\/p>\n<p>Osmanthus on leedu keeles tuntud kui hingamine. V\u00e4rskendava, lummava, v\u00f5rgutava ja m\u00e4ngulise aroomiga \u00f5li on parf\u00fcmeerias v\u00e4ga populaarne. Osmanthus leevendab \u00e4revust, v\u00e4simust, stressi, kurnatust, l\u00f5\u00f5gastab ja omab afrodisiaatilisi omadusi.<\/p>\n<p>Lime &#8211; laim on roheline sidrun ehk laim, millel on tugev puhastav toime, aidates inimestel lasta lahti emotsionaalsetest kurbustest ja teha ruumi r\u00f5\u00f5mu, valguse ja usu jaoks s\u00fcdames. See soodustab emotsionaalset \u00f5iglust, taastab elutahte, annab turvatunnet ning aitab vabaneda apaatiast ja lootusetusest.<\/p>\n<p>Lohel\u00e4\u00e4ts &#8211; tuntud kui t\u00f5e ja tugevuse \u00f5li, on lohel\u00e4\u00e4ts kilp, mis kaitseb keha ja vaimu negatiivsete m\u00f5jutuste eest. See annab turvatunnet, jumaliku armastuse tunnet ja tunnet, et te ei ole \u00fcksi ja h\u00fcljatud.<\/p>\n","protected":false},"excerpt":{"rendered":"<p>Kaunis l\u00f5hn avab s\u00fcdame armastusele ja enesearusaamisele, julgustab teid tunnustama ilu iseendas ja v\u00e4\u00e4rtustama neid kingitusi armu ja t\u00e4nulikkusega.<\/p>\n","protected":false},"featured_media":18078,"template":"","meta":{"site-sidebar-layout":"default","site-content-layout":"default","ast-site-content-layout":"default","site-content-style":"default","site-sidebar-style":"default","ast-global-header-display":"","ast-banner-title-visibility":"","ast-main-header-display":"","ast-hfb-above-header-display":"","ast-hfb-below-header-display":"","ast-hfb-mobile-header-display":"","site-post-title":"","ast-breadcrumbs-content":"","ast-featured-img":"","footer-sml-layout":"","ast-disable-related-posts":"","theme-transparent-header-meta":"default","adv-header-id-meta":"","stick-header-meta":"","header-above-stick-meta":"","header-main-stick-meta":"","header-below-stick-meta":"","astra-migrate-meta-layouts":"default","ast-page-background-enabled":"default","ast-page-background-meta":{"desktop":{"background-color":"","background-image":"","background-repeat":"repeat","background-position":"center center","background-size":"auto","background-attachment":"scroll","background-type":"","background-media":"","overlay-type":"","overlay-color":"","overlay-opacity":"","overlay-gradient":""},"tablet":{"background-color":"","background-image":"","background-repeat":"repeat","background-position":"center center","background-size":"auto","background-attachment":"scroll","background-type":"","background-media":"","overlay-type":"","overlay-color":"","overlay-opacity":"","overlay-gradient":""},"mobile":{"background-color":"","background-image":"","background-repeat":"repeat","background-position":"center center","background-size":"auto","background-attachment":"scroll","background-type":"","background-media":"","overlay-type":"","overlay-color":"","overlay-opacity":"","overlay-gradient":""}},"ast-content-background-meta":{"desktop":{"background-color":"var(--ast-global-color-5)","background-image":"","background-repeat":"repeat","background-position":"center center","background-size":"auto","background-attachment":"scroll","background-type":"","background-media":"","overlay-type":"","overlay-color":"","overlay-opacity":"","overlay-gradient":""},"tablet":{"background-color":"var(--ast-global-color-5)","background-image":"","background-repeat":"repeat","background-position":"center center","background-size":"auto","background-attachment":"scroll","background-type":"","background-media":"","overlay-type":"","overlay-color":"","overlay-opacity":"","overlay-gradient":""},"mobile":{"background-color":"var(--ast-global-color-5)","background-image":"","background-repeat":"repeat","background-position":"center center","background-size":"auto","background-attachment":"scroll","background-type":"","background-media":"","overlay-type":"","overlay-color":"","overlay-opacity":"","overlay-gradient":""}}},"product_brand":[],"product_cat":[1701,1693,1741],"product_tag":[],"class_list":{"0":"post-18139","1":"product","2":"type-product","3":"status-publish","4":"has-post-thumbnail","6":"product_cat-eeterlike-olide-segud","7":"product_cat-kingitused-naistele","8":"product_cat-naistele","9":"desktop-align-left","10":"tablet-align-left","11":"mobile-align-left","13":"first","14":"outofstock","15":"taxable","16":"shipping-taxable","17":"purchasable","18":"product-type-simple"},"_links":{"self":[{"href":"https:\/\/mamaterra.lt\/et\/wp-json\/wp\/v2\/product\/18139","targetHints":{"allow":["GET"]}}],"collection":[{"href":"https:\/\/mamaterra.lt\/et\/wp-json\/wp\/v2\/product"}],"about":[{"href":"https:\/\/mamaterra.lt\/et\/wp-json\/wp\/v2\/types\/product"}],"wp:featuredmedia":[{"embeddable":true,"href":"https:\/\/mamaterra.lt\/et\/wp-json\/wp\/v2\/media\/18078"}],"wp:attachment":[{"href":"https:\/\/mamaterra.lt\/et\/wp-json\/wp\/v2\/media?parent=18139"}],"wp:term":[{"taxonomy":"product_brand","embeddable":true,"href":"https:\/\/mamaterra.lt\/et\/wp-json\/wp\/v2\/product_brand?post=18139"},{"taxonomy":"product_cat","embeddable":true,"href":"https:\/\/mamaterra.lt\/et\/wp-json\/wp\/v2\/product_cat?post=18139"},{"taxonomy":"product_tag","embeddable":true,"href":"https:\/\/mamaterra.lt\/et\/wp-json\/wp\/v2\/product_tag?post=18139"}],"curies":[{"name":"wp","href":"https:\/\/api.w.org\/{rel}","templated":true}]}}