{"id":18132,"date":"2023-06-22T20:42:45","date_gmt":"2023-06-22T19:42:45","guid":{"rendered":"https:\/\/mamaterra.lt\/parduotuve\/maaratlemata\/doterra-melissa-touch-10ml\/"},"modified":"2024-03-12T19:55:26","modified_gmt":"2024-03-12T18:55:26","slug":"doterra-melissa-touch-10ml","status":"publish","type":"product","link":"https:\/\/mamaterra.lt\/et\/parduotuve\/eeterlikud-olid\/puhtad-eeterlikud-olid\/doterra-melissa-touch-10ml\/","title":{"rendered":"doTERRA Melissa touch 10ml"},"content":{"rendered":"<p>Melisa 10 ml<\/p>\n<p>Sidrunmeliss, tuntud ka kui sidrunmeliss, kuulub piparm\u00fcndi perekonda (Lamiaceae). See on kiiresti kasvav mitmeaastane taim. V\u00e4ikesed, valged, nektaririkkad \u00f5ied on eriti atraktiivsed mesilastele &#8211; kreekakeelne s\u00f5na Melissa t\u00e4hendab mesilasi.<\/p>\n<p>Palju kasu toov kallis \u00f5li, melissil on magus, v\u00e4rske ja tsitruseline l\u00f5hn.<\/p>\n<p>Seda \u00f5li on juba ammu kasutatud l\u00f5\u00f5gastava ja rahustava keskkonna loomiseks. d\u014dTERRA<br \/>\nsegab fraktsioneeritud kookos\u00f5li Melissa \u00f5ie \u00f5liga, et luua Melissa Touch. Kasutage, et t\u00e4ita oma meeled selle imeliselt intrigeeriva l\u00f5hnaga.<\/p>\n<p>See \u00f5li soodustab tarkust ja vaimset teadlikkust. Sobib ideaalselt 6. ja 7. t\u0161akrale.<br \/>\nMelissal on suur j\u00f5ud t\u00e4nu oma k\u00f5rgele vibratsioonile. Kui kasutate seda sageli, ei saa te teisiti, kui lasta lahti pimedusest, mis iganes see ka ei oleks, ja v\u00f5tta vastu Valgus! Meis k\u00f5igis on selline jumaliku valguse s\u00e4de. Melissa julgustab meid selle valgusega \u00fchenduma ja seda kasvatama, kuni see muutub tugevamaks ja heledamaks.<\/p>\n<p>DoTERRA CPTG MELISSA eeterlik \u00f5li on ekstraheeritud Bulgaarias. See on \u00fcks kallimaid eeterlikke \u00f5lisid, nagu roos, jasmiin v\u00f5i neroli (apelsini\u00f5ie), sest Melissas endas on v\u00e4ga v\u00e4he eeterlikku \u00f5li &#8211; 5 ml pudelisse kulub peaaegu 10 kg toorainet!<\/p>\n","protected":false},"excerpt":{"rendered":"<p>Sidrunmeliss, tuntud ka kui sidrunmeliss, kuulub piparm\u00fcndi perekonda (Lamiaceae). See on kiiresti kasvav mitmeaastane taim. V\u00e4ikesed, valged, nektaririkkad \u00f5ied on eriti atraktiivsed mesilastele &#8211; kreekakeelne s\u00f5na Melissa t\u00e4hendab mesilasi.<\/p>\n","protected":false},"featured_media":18061,"template":"","meta":{"site-sidebar-layout":"default","site-content-layout":"default","ast-site-content-layout":"default","site-content-style":"default","site-sidebar-style":"default","ast-global-header-display":"","ast-banner-title-visibility":"","ast-main-header-display":"","ast-hfb-above-header-display":"","ast-hfb-below-header-display":"","ast-hfb-mobile-header-display":"","site-post-title":"","ast-breadcrumbs-content":"","ast-featured-img":"","footer-sml-layout":"","ast-disable-related-posts":"","theme-transparent-header-meta":"default","adv-header-id-meta":"","stick-header-meta":"","header-above-stick-meta":"","header-main-stick-meta":"","header-below-stick-meta":"","astra-migrate-meta-layouts":"set","ast-page-background-enabled":"default","ast-page-background-meta":{"desktop":{"background-color":"","background-image":"","background-repeat":"repeat","background-position":"center center","background-size":"auto","background-attachment":"scroll","background-type":"","background-media":"","overlay-type":"","overlay-color":"","overlay-opacity":"","overlay-gradient":""},"tablet":{"background-color":"","background-image":"","background-repeat":"repeat","background-position":"center center","background-size":"auto","background-attachment":"scroll","background-type":"","background-media":"","overlay-type":"","overlay-color":"","overlay-opacity":"","overlay-gradient":""},"mobile":{"background-color":"","background-image":"","background-repeat":"repeat","background-position":"center center","background-size":"auto","background-attachment":"scroll","background-type":"","background-media":"","overlay-type":"","overlay-color":"","overlay-opacity":"","overlay-gradient":""}},"ast-content-background-meta":{"desktop":{"background-color":"var(--ast-global-color-5)","background-image":"","background-repeat":"repeat","background-position":"center center","background-size":"auto","background-attachment":"scroll","background-type":"","background-media":"","overlay-type":"","overlay-color":"","overlay-opacity":"","overlay-gradient":""},"tablet":{"background-color":"var(--ast-global-color-5)","background-image":"","background-repeat":"repeat","background-position":"center center","background-size":"auto","background-attachment":"scroll","background-type":"","background-media":"","overlay-type":"","overlay-color":"","overlay-opacity":"","overlay-gradient":""},"mobile":{"background-color":"var(--ast-global-color-5)","background-image":"","background-repeat":"repeat","background-position":"center center","background-size":"auto","background-attachment":"scroll","background-type":"","background-media":"","overlay-type":"","overlay-color":"","overlay-opacity":"","overlay-gradient":""}}},"product_brand":[],"product_cat":[1710,1729,1737,1705,1759,1753],"product_tag":[],"class_list":{"0":"post-18132","1":"product","2":"type-product","3":"status-publish","4":"has-post-thumbnail","6":"product_cat-hugieen-ja-nahahooldus","7":"product_cat-immuunsuse-tugevdamiseks","8":"product_cat-magamiseks","9":"product_cat-puhtad-eeterlikud-olid","10":"product_cat-seedimine","11":"product_cat-stressi-juhtimine","12":"desktop-align-left","13":"tablet-align-left","14":"mobile-align-left","16":"first","17":"outofstock","18":"taxable","19":"shipping-taxable","20":"purchasable","21":"product-type-simple"},"_links":{"self":[{"href":"https:\/\/mamaterra.lt\/et\/wp-json\/wp\/v2\/product\/18132","targetHints":{"allow":["GET"]}}],"collection":[{"href":"https:\/\/mamaterra.lt\/et\/wp-json\/wp\/v2\/product"}],"about":[{"href":"https:\/\/mamaterra.lt\/et\/wp-json\/wp\/v2\/types\/product"}],"wp:featuredmedia":[{"embeddable":true,"href":"https:\/\/mamaterra.lt\/et\/wp-json\/wp\/v2\/media\/18061"}],"wp:attachment":[{"href":"https:\/\/mamaterra.lt\/et\/wp-json\/wp\/v2\/media?parent=18132"}],"wp:term":[{"taxonomy":"product_brand","embeddable":true,"href":"https:\/\/mamaterra.lt\/et\/wp-json\/wp\/v2\/product_brand?post=18132"},{"taxonomy":"product_cat","embeddable":true,"href":"https:\/\/mamaterra.lt\/et\/wp-json\/wp\/v2\/product_cat?post=18132"},{"taxonomy":"product_tag","embeddable":true,"href":"https:\/\/mamaterra.lt\/et\/wp-json\/wp\/v2\/product_tag?post=18132"}],"curies":[{"name":"wp","href":"https:\/\/api.w.org\/{rel}","templated":true}]}}