{"id":18128,"date":"2023-06-03T22:31:48","date_gmt":"2023-06-03T21:31:48","guid":{"rendered":"https:\/\/mamaterra.lt\/parduotuve\/maaratlemata\/levandu-maiseliai-4-vnt\/"},"modified":"2023-06-26T19:05:05","modified_gmt":"2023-06-26T18:05:05","slug":"lavendli-kotikesed-4-tukki","status":"publish","type":"product","link":"https:\/\/mamaterra.lt\/et\/parduotuve\/provencei-tooted\/lavendli-kotikesed-4-tukki\/","title":{"rendered":"Lavender Bags 4 pcs."},"content":{"rendered":"<p>LHP Lavendli ja lavandiini lillel\u00f5hnalised kotikesed<\/p>\n<p><strong>Lavendli ajalugu: S\u00f5na &#8220;lavendel&#8221; tuleneb ladinakeelsest s\u00f5nast &#8220;lavare&#8221;, mis t\u00e4hendab &#8220;pesta&#8221;.<\/strong> See et\u00fcmoloogia tuletab meile meelde, et v\u00e4ga pikka aega ajaloos on lavendlit kasutatud v\u00e4rskelt pestud pesu hingamiseks. Egiptlased ja kreeklased hindasid lavendli omadusi ja kasulikku Meile l\u00e4hemal, roomlased kasutasid seda ka vannides hingamiseks ja pesu s\u00e4\u00e4stmiseks. See ravimtaimede kasutamise traditsioon ulatub tagasi iidsetesse aegadesse &#8211; Provence&#8217;is hoitakse kuivatatud lillede kotte riidekappides, et t\u00f5rjuda koid ja hingata pesu.<\/p>\n<p><strong>Tips for use: place the bags of blossoms in your wardrobe to naturally and subtly scent your clothes and discourage moths.<\/strong><\/p>\n<p>You can also keep the bags in your car or in any room of your home for indoor breathing. Squeeze the bags from time to time to spread the aroma. For best results, replace or replenish the contents of the bags once a year, after each harvest. When a handful of lavender blossoms are thrown at a marrying couple at their wedding, it symbolises a wish for happiness.<\/p>\n<p>Valmistatud Prantsusmaal<\/p>\n<p>18 g<\/p>\n","protected":false},"excerpt":{"rendered":"<p><strong>N\u00e4pun\u00e4ited kasutamiseks: asetage \u00f5iekotid oma riidekappi, et loomulikult ja peenelt l\u00f5hnastada oma riideid ja heidutada koid.<\/strong><\/p>\n","protected":false},"featured_media":17770,"template":"","meta":{"site-sidebar-layout":"default","site-content-layout":"default","ast-site-content-layout":"default","site-content-style":"default","site-sidebar-style":"default","ast-global-header-display":"","ast-banner-title-visibility":"","ast-main-header-display":"","ast-hfb-above-header-display":"","ast-hfb-below-header-display":"","ast-hfb-mobile-header-display":"","site-post-title":"","ast-breadcrumbs-content":"","ast-featured-img":"","footer-sml-layout":"","ast-disable-related-posts":"","theme-transparent-header-meta":"default","adv-header-id-meta":"","stick-header-meta":"","header-above-stick-meta":"","header-main-stick-meta":"","header-below-stick-meta":"","astra-migrate-meta-layouts":"default","ast-page-background-enabled":"default","ast-page-background-meta":{"desktop":{"background-color":"","background-image":"","background-repeat":"repeat","background-position":"center center","background-size":"auto","background-attachment":"scroll","background-type":"","background-media":"","overlay-type":"","overlay-color":"","overlay-opacity":"","overlay-gradient":""},"tablet":{"background-color":"","background-image":"","background-repeat":"repeat","background-position":"center center","background-size":"auto","background-attachment":"scroll","background-type":"","background-media":"","overlay-type":"","overlay-color":"","overlay-opacity":"","overlay-gradient":""},"mobile":{"background-color":"","background-image":"","background-repeat":"repeat","background-position":"center center","background-size":"auto","background-attachment":"scroll","background-type":"","background-media":"","overlay-type":"","overlay-color":"","overlay-opacity":"","overlay-gradient":""}},"ast-content-background-meta":{"desktop":{"background-color":"var(--ast-global-color-5)","background-image":"","background-repeat":"repeat","background-position":"center center","background-size":"auto","background-attachment":"scroll","background-type":"","background-media":"","overlay-type":"","overlay-color":"","overlay-opacity":"","overlay-gradient":""},"tablet":{"background-color":"var(--ast-global-color-5)","background-image":"","background-repeat":"repeat","background-position":"center center","background-size":"auto","background-attachment":"scroll","background-type":"","background-media":"","overlay-type":"","overlay-color":"","overlay-opacity":"","overlay-gradient":""},"mobile":{"background-color":"var(--ast-global-color-5)","background-image":"","background-repeat":"repeat","background-position":"center center","background-size":"auto","background-attachment":"scroll","background-type":"","background-media":"","overlay-type":"","overlay-color":"","overlay-opacity":"","overlay-gradient":""}}},"product_brand":[],"product_cat":[1854,1853],"product_tag":[],"class_list":{"0":"post-18128","1":"product","2":"type-product","3":"status-publish","4":"has-post-thumbnail","6":"product_cat-lisandid","7":"product_cat-provencei-tooted","8":"desktop-align-left","9":"tablet-align-left","10":"mobile-align-left","12":"first","13":"instock","14":"taxable","15":"shipping-taxable","16":"purchasable","17":"product-type-simple"},"_links":{"self":[{"href":"https:\/\/mamaterra.lt\/et\/wp-json\/wp\/v2\/product\/18128","targetHints":{"allow":["GET"]}}],"collection":[{"href":"https:\/\/mamaterra.lt\/et\/wp-json\/wp\/v2\/product"}],"about":[{"href":"https:\/\/mamaterra.lt\/et\/wp-json\/wp\/v2\/types\/product"}],"wp:featuredmedia":[{"embeddable":true,"href":"https:\/\/mamaterra.lt\/et\/wp-json\/wp\/v2\/media\/17770"}],"wp:attachment":[{"href":"https:\/\/mamaterra.lt\/et\/wp-json\/wp\/v2\/media?parent=18128"}],"wp:term":[{"taxonomy":"product_brand","embeddable":true,"href":"https:\/\/mamaterra.lt\/et\/wp-json\/wp\/v2\/product_brand?post=18128"},{"taxonomy":"product_cat","embeddable":true,"href":"https:\/\/mamaterra.lt\/et\/wp-json\/wp\/v2\/product_cat?post=18128"},{"taxonomy":"product_tag","embeddable":true,"href":"https:\/\/mamaterra.lt\/et\/wp-json\/wp\/v2\/product_tag?post=18128"}],"curies":[{"name":"wp","href":"https:\/\/api.w.org\/{rel}","templated":true}]}}