{"id":18120,"date":"2023-06-22T21:16:29","date_gmt":"2023-06-22T20:16:29","guid":{"rendered":"https:\/\/mamaterra.lt\/parduotuve\/maaratlemata\/doterra-helichrysum-touch\/"},"modified":"2024-03-10T19:23:52","modified_gmt":"2024-03-10T18:23:52","slug":"doterra-helichrysum-touch","status":"publish","type":"product","link":"https:\/\/mamaterra.lt\/et\/parduotuve\/eeterlikud-olid\/puhtad-eeterlikud-olid\/doterra-helichrysum-touch\/","title":{"rendered":"doTERRA Helichrysum Touch"},"content":{"rendered":"<h6>doTERRA Helichrysum Touch, 10 ml<\/h6>\n<p>&nbsp;<\/p>\n<p>DoTERRA Helichrysum Touch koosneb t\u00e4iuslikust tasakaalust Itaalia ohaka eeterlikust \u00f5list ja fraktsioneeritud kookos\u00f5list. Helichrysum italicum, mis on k\u00f5ige paremini tuntud oma kohalike taastavate omaduste poolest, on kasutatud ravimtaimedes juba antiik-Kreekast alates. Helichrysum Touch soodustab s\u00e4ravat, nooruslikku jume ja aitab v\u00e4hendada vananemise m\u00e4rke.<\/p>\n<p>Helichrysum italicum eeterlik \u00f5li on teie naha jaoks ime. Kui otsite loomulikku viisi kortsude, armide ja punetuse v\u00e4hendamiseks, peaksite andma sellele looduse imele v\u00f5imaluse.<\/p>\n<p>Kummeli eeterlikul \u00f5lil on v\u00e4ga tugev vananemisvastane toime ja seda kasutatakse aktiivse koostisosana isegi k\u00f5ige luksuslikumates kosmeetikasarjades, mille eesm\u00e4rk on aeglustada aja m\u00f6\u00f6dumise m\u00e4rke.<\/p>\n<p>Prantsusmaal nooruse eliksiirina tuntud \u00f5li suurendab loomuliku kollageeni sisaldust, mille tulemuseks on kortsude m\u00e4rkimisv\u00e4\u00e4rne v\u00e4henemine, tugevnemine ja naha v\u00e4limuse n\u00e4htav paranemine.<\/p>\n<p>\u00d5li tungib s\u00fcgavale naha sisse, soodustab rakkude taastumist, omab antioks\u00fcdantseid omadusi, aitab laienenud kapillaaride ja verevalumite puhul ning seda peetakse v\u00e4ga t\u00f5husaks armide v\u00e4hendamisel.<\/p>\n<p>\u00d5li kasutatakse verevalude ja lihasvalu t\u00f5husaks leevendamiseks. See on eriti populaarne massaa\u017eiterapeutide seas.<\/p>\n<p>See \u00f5li aitab taastada enesekindlust, andes haavatud hingele j\u00f5udu ja julgust elada ja vaadata tulevikku, hoolimata mineviku kaebustest ja emotsionaalsetest traumadest. See on lootusrikas l\u00f5hn, mis aitab &#8220;peeniksile tuhast t\u00f5usta&#8221;.<\/p>\n<p>&nbsp;<\/p>\n","protected":false},"excerpt":{"rendered":"<p>DoTERRA Helichrysum Touch koosneb t\u00e4iuslikust tasakaalust Itaalia ohaka eeterlikust \u00f5list ja fraktsioneeritud kookos\u00f5list. Helichrysum italicum, mis on k\u00f5ige paremini tuntud oma kohalike taastavate omaduste poolest, on kasutatud ravimtaimedes juba antiik-Kreekast alates. Helichrysum Touch soodustab s\u00e4ravat, nooruslikku jume ja aitab v\u00e4hendada vananemise m\u00e4rke.<\/p>\n","protected":false},"featured_media":18085,"template":"","meta":{"site-sidebar-layout":"default","site-content-layout":"default","ast-site-content-layout":"default","site-content-style":"default","site-sidebar-style":"default","ast-global-header-display":"","ast-banner-title-visibility":"","ast-main-header-display":"","ast-hfb-above-header-display":"","ast-hfb-below-header-display":"","ast-hfb-mobile-header-display":"","site-post-title":"","ast-breadcrumbs-content":"","ast-featured-img":"","footer-sml-layout":"","ast-disable-related-posts":"","theme-transparent-header-meta":"default","adv-header-id-meta":"","stick-header-meta":"","header-above-stick-meta":"","header-main-stick-meta":"","header-below-stick-meta":"","astra-migrate-meta-layouts":"set","ast-page-background-enabled":"default","ast-page-background-meta":{"desktop":{"background-color":"","background-image":"","background-repeat":"repeat","background-position":"center center","background-size":"auto","background-attachment":"scroll","background-type":"","background-media":"","overlay-type":"","overlay-color":"","overlay-opacity":"","overlay-gradient":""},"tablet":{"background-color":"","background-image":"","background-repeat":"repeat","background-position":"center center","background-size":"auto","background-attachment":"scroll","background-type":"","background-media":"","overlay-type":"","overlay-color":"","overlay-opacity":"","overlay-gradient":""},"mobile":{"background-color":"","background-image":"","background-repeat":"repeat","background-position":"center center","background-size":"auto","background-attachment":"scroll","background-type":"","background-media":"","overlay-type":"","overlay-color":"","overlay-opacity":"","overlay-gradient":""}},"ast-content-background-meta":{"desktop":{"background-color":"var(--ast-global-color-5)","background-image":"","background-repeat":"repeat","background-position":"center center","background-size":"auto","background-attachment":"scroll","background-type":"","background-media":"","overlay-type":"","overlay-color":"","overlay-opacity":"","overlay-gradient":""},"tablet":{"background-color":"var(--ast-global-color-5)","background-image":"","background-repeat":"repeat","background-position":"center center","background-size":"auto","background-attachment":"scroll","background-type":"","background-media":"","overlay-type":"","overlay-color":"","overlay-opacity":"","overlay-gradient":""},"mobile":{"background-color":"var(--ast-global-color-5)","background-image":"","background-repeat":"repeat","background-position":"center center","background-size":"auto","background-attachment":"scroll","background-type":"","background-media":"","overlay-type":"","overlay-color":"","overlay-opacity":"","overlay-gradient":""}}},"product_brand":[],"product_cat":[1705],"product_tag":[],"class_list":{"0":"post-18120","1":"product","2":"type-product","3":"status-publish","4":"has-post-thumbnail","6":"product_cat-puhtad-eeterlikud-olid","7":"desktop-align-left","8":"tablet-align-left","9":"mobile-align-left","11":"first","12":"instock","13":"taxable","14":"shipping-taxable","15":"purchasable","16":"product-type-simple"},"_links":{"self":[{"href":"https:\/\/mamaterra.lt\/et\/wp-json\/wp\/v2\/product\/18120","targetHints":{"allow":["GET"]}}],"collection":[{"href":"https:\/\/mamaterra.lt\/et\/wp-json\/wp\/v2\/product"}],"about":[{"href":"https:\/\/mamaterra.lt\/et\/wp-json\/wp\/v2\/types\/product"}],"wp:featuredmedia":[{"embeddable":true,"href":"https:\/\/mamaterra.lt\/et\/wp-json\/wp\/v2\/media\/18085"}],"wp:attachment":[{"href":"https:\/\/mamaterra.lt\/et\/wp-json\/wp\/v2\/media?parent=18120"}],"wp:term":[{"taxonomy":"product_brand","embeddable":true,"href":"https:\/\/mamaterra.lt\/et\/wp-json\/wp\/v2\/product_brand?post=18120"},{"taxonomy":"product_cat","embeddable":true,"href":"https:\/\/mamaterra.lt\/et\/wp-json\/wp\/v2\/product_cat?post=18120"},{"taxonomy":"product_tag","embeddable":true,"href":"https:\/\/mamaterra.lt\/et\/wp-json\/wp\/v2\/product_tag?post=18120"}],"curies":[{"name":"wp","href":"https:\/\/api.w.org\/{rel}","templated":true}]}}