{"id":18115,"date":"2023-06-25T18:05:18","date_gmt":"2023-06-25T17:05:18","guid":{"rendered":"https:\/\/mamaterra.lt\/?post_type=product&#038;p=18115"},"modified":"2023-06-25T18:18:36","modified_gmt":"2023-06-25T17:18:36","slug":"doterra-majestic-lore-eeterlike-olide-isiklik-aroom","status":"publish","type":"product","link":"https:\/\/mamaterra.lt\/et\/parduotuve\/eeterlikud-olid\/eeterlike-olide-segud\/doterra-majestic-lore-eeterlike-olide-isiklik-aroom\/","title":{"rendered":"doTERRA Majestic Lore Eeterlike \u00f5lide isiklik aroom"},"content":{"rendered":"<h6>doTERRA Majestic Lore Eeterlike \u00f5lide isiklik aroom, 8ml<\/h6>\n<p>&nbsp;<\/p>\n<p>Majestic Lore\u2122 Personal Aroma on inspireeritud Kanada laiade boreaalsete maastike okasmetsadest ja kohalikust taimestikust ning on p\u00f5nev ja oman\u00e4oline d\u014dTERRA originaal. L\u00f5hn meenutab lopsakaid, rohelisi metsi, lumeh\u00f5lmakaid m\u00e4etippe ja karget talveudu ning on \u00fchtviisi ahvatlev nii meestele kui ka naistele. Sertifitseeritud puhta testitud CPTG\u2122 musta kuuse, palsami kuuse ja teiste k\u00fctkestavate puidu eeterlike \u00f5lide segu \u00fchineb Bergamoti ootamatu v\u00e4rskusega, et saada klassikaline ja rafineeritud aroom, mis sobib ideaalselt nii p\u00e4eval kui ka \u00f6\u00f6sel.<\/p>\n<ul>\n<li>Loob erilise isikliku aroomi, kasutades eeterlikke \u00f5lisid, absoluute ja ekstrakte ning suhkrust saadud alkoholi<\/li>\n<li>Ainulaadne l\u00f5hn, milles on elegantsed, eksootilised lillelised noodid ning karge, vaiguline puidu ja lehe omadused.<\/li>\n<li>Ahvatlev aroom, et kogeda suurte metsade v\u00e4rskendavat l\u00f5hna.<\/li>\n<li><span style=\"font-size: 16px;\">Edendage positiivset meeleolu, pihustades seda nahale, et nautida selle mahedat ja v\u00e4rsket aroomi.<\/span><\/li>\n<li><span style=\"font-size: 16px;\">Kasutage pulssipunktidele, nagu randmed, k\u00fc\u00fcnarnukid, kael v\u00f5i p\u00f5lve tagak\u00fcljed.<\/span><\/li>\n<li><span style=\"font-size: 16px;\">Pihustage peale du\u0161i all k\u00e4imist kogu nahale, et lukustada l\u00f5hn.<\/span><\/li>\n<\/ul>\n<p>Shake gently before use. Hold bottle upright and spray on the desired area.<\/p>\n<h6>Hoiatused<\/h6>\n<p>V\u00e4ltige p\u00e4ikest ja UV-kiirgust v\u00e4hemalt 12 tundi p\u00e4rast toote pealekandmist. Kuni kuivamiseni tuleohtlik. Hoida eemal tulest ja kuumusest. V\u00e4ltida pihustamist silmadesse ja tundlikele piirkondadele.<\/p>\n<h6>Koostisosad<\/h6>\n<p>Alkohol, vesi (Aqua), Picea Mariana oksa\/lehtede \u00f5li, Abies Balsamea (Balsam Canada) koore\u00f5li, Citrus Aurantium Bergamia (Bergamot) puuvilja\u00f5li, Cupressus Nootkatensis puidu\u00f5li, Chamaecyparis Obtusa puidu\u00f5li, Lavandula Angustifolia (Lavendli) \u00f5li, Santalum Album (Sandlipuu) \u00f5li, Cistus Ladaniferus Leaf\/Stemmi ekstrakt, Vetiveria Zizanoides juurte \u00f5li, Jasminum Grandiorum (Jasmiini) \u00f5ieekstrakt, Styrax Tonkinensis vaigu ekstrakt, Pogostemon Cablin \u00f5li, Bulnesia Sarmientoi puidu\u00f5li, Evernia Prunastri (tammesammal) ekstrakt, Michelia Alba \u00f5ie\u00f5li, Cananga Odorata \u00f5ie\u00f5li, Mesilasvaha ekstrakt, Dipteryx Odorata seemne ekstrakt, Eugenia Caryophyllus (nelgi) t\u00fcve\u00f5li, Cinnamomum Zeylanicum koore\u00f5li, bens\u00fc\u00fclbensoaat, kaneelaldeh\u00fc\u00fcd, eugenool, limoneen, linalool.<\/p>\n","protected":false},"excerpt":{"rendered":"<p>Loob erilise isikliku aroomi, kasutades eeterlikke \u00f5lisid, absoluute ja ekstrakte ning suhkrust saadud alkoholiAinulaadne l\u00f5hn, milles on elegantsed, eksootilised lillelised noodid ning karge, vaiguline puidu ja lehe omadused.Ahvatlev aroom, et kogeda suurte metsade v\u00e4rskendavat l\u00f5hna.<\/p>\n","protected":false},"featured_media":18111,"template":"","meta":{"site-sidebar-layout":"default","site-content-layout":"default","ast-site-content-layout":"default","site-content-style":"default","site-sidebar-style":"default","ast-global-header-display":"","ast-banner-title-visibility":"","ast-main-header-display":"","ast-hfb-above-header-display":"","ast-hfb-below-header-display":"","ast-hfb-mobile-header-display":"","site-post-title":"","ast-breadcrumbs-content":"","ast-featured-img":"","footer-sml-layout":"","ast-disable-related-posts":"","theme-transparent-header-meta":"default","adv-header-id-meta":"","stick-header-meta":"","header-above-stick-meta":"","header-main-stick-meta":"","header-below-stick-meta":"","astra-migrate-meta-layouts":"default","ast-page-background-enabled":"default","ast-page-background-meta":{"desktop":{"background-color":"","background-image":"","background-repeat":"repeat","background-position":"center center","background-size":"auto","background-attachment":"scroll","background-type":"","background-media":"","overlay-type":"","overlay-color":"","overlay-opacity":"","overlay-gradient":""},"tablet":{"background-color":"","background-image":"","background-repeat":"repeat","background-position":"center center","background-size":"auto","background-attachment":"scroll","background-type":"","background-media":"","overlay-type":"","overlay-color":"","overlay-opacity":"","overlay-gradient":""},"mobile":{"background-color":"","background-image":"","background-repeat":"repeat","background-position":"center center","background-size":"auto","background-attachment":"scroll","background-type":"","background-media":"","overlay-type":"","overlay-color":"","overlay-opacity":"","overlay-gradient":""}},"ast-content-background-meta":{"desktop":{"background-color":"var(--ast-global-color-5)","background-image":"","background-repeat":"repeat","background-position":"center center","background-size":"auto","background-attachment":"scroll","background-type":"","background-media":"","overlay-type":"","overlay-color":"","overlay-opacity":"","overlay-gradient":""},"tablet":{"background-color":"var(--ast-global-color-5)","background-image":"","background-repeat":"repeat","background-position":"center center","background-size":"auto","background-attachment":"scroll","background-type":"","background-media":"","overlay-type":"","overlay-color":"","overlay-opacity":"","overlay-gradient":""},"mobile":{"background-color":"var(--ast-global-color-5)","background-image":"","background-repeat":"repeat","background-position":"center center","background-size":"auto","background-attachment":"scroll","background-type":"","background-media":"","overlay-type":"","overlay-color":"","overlay-opacity":"","overlay-gradient":""}}},"product_brand":[],"product_cat":[1701,1690,1696,1693],"product_tag":[3424,3410],"class_list":{"0":"post-18115","1":"product","2":"type-product","3":"status-publish","4":"has-post-thumbnail","6":"product_cat-eeterlike-olide-segud","7":"product_cat-kingitused","8":"product_cat-kingitused-meestele","9":"product_cat-kingitused-naistele","10":"product_tag-parfuum-meestele","11":"product_tag-parfuum-unisex","12":"desktop-align-left","13":"tablet-align-left","14":"mobile-align-left","16":"first","17":"outofstock","18":"taxable","19":"shipping-taxable","20":"purchasable","21":"product-type-simple"},"_links":{"self":[{"href":"https:\/\/mamaterra.lt\/et\/wp-json\/wp\/v2\/product\/18115","targetHints":{"allow":["GET"]}}],"collection":[{"href":"https:\/\/mamaterra.lt\/et\/wp-json\/wp\/v2\/product"}],"about":[{"href":"https:\/\/mamaterra.lt\/et\/wp-json\/wp\/v2\/types\/product"}],"wp:featuredmedia":[{"embeddable":true,"href":"https:\/\/mamaterra.lt\/et\/wp-json\/wp\/v2\/media\/18111"}],"wp:attachment":[{"href":"https:\/\/mamaterra.lt\/et\/wp-json\/wp\/v2\/media?parent=18115"}],"wp:term":[{"taxonomy":"product_brand","embeddable":true,"href":"https:\/\/mamaterra.lt\/et\/wp-json\/wp\/v2\/product_brand?post=18115"},{"taxonomy":"product_cat","embeddable":true,"href":"https:\/\/mamaterra.lt\/et\/wp-json\/wp\/v2\/product_cat?post=18115"},{"taxonomy":"product_tag","embeddable":true,"href":"https:\/\/mamaterra.lt\/et\/wp-json\/wp\/v2\/product_tag?post=18115"}],"curies":[{"name":"wp","href":"https:\/\/api.w.org\/{rel}","templated":true}]}}