{"id":16616,"date":"2023-01-01T20:32:52","date_gmt":"2023-01-01T19:32:52","guid":{"rendered":"https:\/\/mamaterra.lt\/?post_type=product&#038;p=16616"},"modified":"2024-03-17T21:09:58","modified_gmt":"2024-03-17T20:09:58","slug":"doterra-supermint-touch-eeterlike-olide-segu","status":"publish","type":"product","link":"https:\/\/mamaterra.lt\/et\/parduotuve\/eeterlikud-olid\/eeterlike-olide-segud\/doterra-supermint-touch-eeterlike-olide-segu\/","title":{"rendered":"doTERRA SuperMint\u2122 Touch eeterlike \u00f5lide segu"},"content":{"rendered":"<h6>doTERRA SuperMint\u2122 Touch eeterlike \u00f5lide segu<\/h6>\n<p>&nbsp;<\/p>\n<p>doTERRA SuperMint Essential Oil Blend Koostisosad: doTERRA SuperMint Essential Oil Blend:<\/p>\n<p>doTERRA SuperMint Touch sisaldab parimaid piparm\u00fcndi\u00f5lisid, luues v\u00e4ga s\u00e4rava, v\u00e4rske ja atraktiivse segu. Selle magus piparm\u00fcndi ja rohekas aroom \u00fchendab CPTG\u2122 piparm\u00fcndi, Jaapani piparm\u00fcndi, Bergamoti piparm\u00fcndi ja Spearmint fraktsioneeritud kookos\u00f5li ning see tarnitakse kasutusvalmis k\u00e4ep\u00e4rases pudelis koos palli aplikaatoriga. SuperMint Touch jahutab nahka ja annab nahale v\u00e4rskendava ja ergutava aroomi. Kasutage seda segu eluj\u00f5ulisuse suurendamiseks mis tahes kellaaegadel ja nautige selle t\u00f5husaid elustavaid omadusi.<\/p>\n<p>&nbsp;<\/p>\n<p>Kasutades seda segu nahal, v\u00f5ib see t\u00e4nu oma k\u00f5rgele mentoolisisaldusele tekitada jahutava tunde.<br \/>\nMassaa\u017eina kasutades muutub fraktsioneeritud kookos\u00f5li rahustavaks aluseks.<br \/>\nAsendamatu treeninguj\u00e4rgne vahend, mis aitab teil v\u00e4rskenduda.<br \/>\nM\u00fcndi eeterlike \u00f5lide taimne segu, mis on eluj\u00f5u s\u00e4de mis tahes kellaaegadel.<\/p>\n","protected":false},"excerpt":{"rendered":"<ul>\n<li>SuperMint Touch rahustab nahka p\u00e4rast pikka p\u00e4eva p\u00e4ikese k\u00e4es.<\/li>\n<li>Kasutage SuperMint Touch&#8217;i enne pikemaajalisi aktiivseid tegevusi &#8211; see segu aitab tagada selge meele ja suurendada vastupidavust.<\/li>\n<li>Kasutage rahustavaks, jahutavaks massaa\u017eiks ja nautige v\u00e4rskendavat tunnet p\u00e4rast treeningut. Kandke pulseerivatele piirkondadele ja nautige kosutavat ja ergutavat aroomi.<\/li>\n<li>Kandke soovitud piirkondadele. V\u00f5imaliku nahatundlikkuse v\u00e4hendamiseks lahjendage t\u00e4iendavalt baas\u00f5liga.<\/li>\n<\/ul>\n","protected":false},"featured_media":16641,"template":"","meta":{"site-sidebar-layout":"default","site-content-layout":"","ast-site-content-layout":"default","site-content-style":"default","site-sidebar-style":"default","ast-global-header-display":"","ast-banner-title-visibility":"","ast-main-header-display":"","ast-hfb-above-header-display":"","ast-hfb-below-header-display":"","ast-hfb-mobile-header-display":"","site-post-title":"","ast-breadcrumbs-content":"","ast-featured-img":"","footer-sml-layout":"","ast-disable-related-posts":"","theme-transparent-header-meta":"","adv-header-id-meta":"","stick-header-meta":"","header-above-stick-meta":"","header-main-stick-meta":"","header-below-stick-meta":"","astra-migrate-meta-layouts":"set","ast-page-background-enabled":"default","ast-page-background-meta":{"desktop":{"background-color":"","background-image":"","background-repeat":"repeat","background-position":"center center","background-size":"auto","background-attachment":"scroll","background-type":"","background-media":"","overlay-type":"","overlay-color":"","overlay-opacity":"","overlay-gradient":""},"tablet":{"background-color":"","background-image":"","background-repeat":"repeat","background-position":"center center","background-size":"auto","background-attachment":"scroll","background-type":"","background-media":"","overlay-type":"","overlay-color":"","overlay-opacity":"","overlay-gradient":""},"mobile":{"background-color":"","background-image":"","background-repeat":"repeat","background-position":"center center","background-size":"auto","background-attachment":"scroll","background-type":"","background-media":"","overlay-type":"","overlay-color":"","overlay-opacity":"","overlay-gradient":""}},"ast-content-background-meta":{"desktop":{"background-color":"var(--ast-global-color-5)","background-image":"","background-repeat":"repeat","background-position":"center center","background-size":"auto","background-attachment":"scroll","background-type":"","background-media":"","overlay-type":"","overlay-color":"","overlay-opacity":"","overlay-gradient":""},"tablet":{"background-color":"var(--ast-global-color-5)","background-image":"","background-repeat":"repeat","background-position":"center center","background-size":"auto","background-attachment":"scroll","background-type":"","background-media":"","overlay-type":"","overlay-color":"","overlay-opacity":"","overlay-gradient":""},"mobile":{"background-color":"var(--ast-global-color-5)","background-image":"","background-repeat":"repeat","background-position":"center center","background-size":"auto","background-attachment":"scroll","background-type":"","background-media":"","overlay-type":"","overlay-color":"","overlay-opacity":"","overlay-gradient":""}}},"product_brand":[],"product_cat":[1701,1699,1731,1759],"product_tag":[1534,1532,1437],"class_list":{"0":"post-16616","1":"product","2":"type-product","3":"status-publish","4":"has-post-thumbnail","6":"product_cat-eeterlike-olide-segud","7":"product_cat-eeterlikud-olid","8":"product_cat-keskendumiseks","9":"product_cat-seedimine","10":"product_tag-eeterliku-oli-segu","11":"product_tag-eeterlikud-olid","12":"product_tag-supermint-supermint-touch-et","13":"desktop-align-left","14":"tablet-align-left","15":"mobile-align-left","17":"first","18":"instock","19":"taxable","20":"shipping-taxable","21":"product-type-simple"},"_links":{"self":[{"href":"https:\/\/mamaterra.lt\/et\/wp-json\/wp\/v2\/product\/16616","targetHints":{"allow":["GET"]}}],"collection":[{"href":"https:\/\/mamaterra.lt\/et\/wp-json\/wp\/v2\/product"}],"about":[{"href":"https:\/\/mamaterra.lt\/et\/wp-json\/wp\/v2\/types\/product"}],"wp:featuredmedia":[{"embeddable":true,"href":"https:\/\/mamaterra.lt\/et\/wp-json\/wp\/v2\/media\/16641"}],"wp:attachment":[{"href":"https:\/\/mamaterra.lt\/et\/wp-json\/wp\/v2\/media?parent=16616"}],"wp:term":[{"taxonomy":"product_brand","embeddable":true,"href":"https:\/\/mamaterra.lt\/et\/wp-json\/wp\/v2\/product_brand?post=16616"},{"taxonomy":"product_cat","embeddable":true,"href":"https:\/\/mamaterra.lt\/et\/wp-json\/wp\/v2\/product_cat?post=16616"},{"taxonomy":"product_tag","embeddable":true,"href":"https:\/\/mamaterra.lt\/et\/wp-json\/wp\/v2\/product_tag?post=16616"}],"curies":[{"name":"wp","href":"https:\/\/api.w.org\/{rel}","templated":true}]}}