{"id":16576,"date":"2021-04-18T16:33:36","date_gmt":"2021-04-18T15:33:36","guid":{"rendered":"https:\/\/mamaterra.lt\/parduotuve\/maaratlemata\/copaiba-pure-doterra-eeterlik-oli-15ml\/"},"modified":"2021-04-18T16:33:36","modified_gmt":"2021-04-18T15:33:36","slug":"copaiba-pure-doterra-eeterlik-oli-15ml","status":"publish","type":"product","link":"https:\/\/mamaterra.lt\/et\/parduotuve\/eeterlikud-olid\/puhtad-eeterlikud-olid\/copaiba-pure-doterra-eeterlik-oli-15ml\/","title":{"rendered":"COPAIBA Pure doTERRA eeterlik \u00f5li 15ml"},"content":{"rendered":"<p><strong>COPAIBA Pure doTERRA eeterlik \u00f5li<\/strong><\/p>\n<p>Copaifera reticulata, officinalis, coriacea, langsdorffii | 15ml<\/p>\n<p>&nbsp;<\/p>\n<p><strong>COPAIBA Pure doTERRA eeterliku \u00f5li kirjeldus:<\/strong><\/p>\n<p>Kopali meenutab musta pipart ja seda kasutati Brasiilia p\u00f5lisrahvaste traditsioonilistes tervisetavades. Kopali \u00f5li kasutatakse laialdaselt kosmeetikas ja parf\u00fc\u00fcmides.<\/p>\n<ul>\n<li>Aitab emotsioone rahustada<\/li>\n<li>Annab nahale terve ja sileda v\u00e4limuse<\/li>\n<li>V\u00e4hendab naha punetust<\/li>\n<\/ul>\n<p>&nbsp;<\/p>\n<p>Lisateave<strong> COPAIBA<\/strong> kohta<strong> <\/strong><strong>doTERRA eeterlik \u00f5li<\/strong><strong> <\/strong>leiate allolevast <strong>videost<\/strong> .<\/p>\n<p><iframe title=\"Copaiba \u00f5li avastamine: lisateave doTERRA Copaiba eeterliku \u00f5li eeliste kohta\" src=\"https:\/\/www.youtube.com\/embed\/VtQtsM4qs-0\" width=\"853\" height=\"480\" frameborder=\"0\" allowfullscreen=\"allowfullscreen\"><\/iframe><\/p>\n","protected":false},"excerpt":{"rendered":"<ul>\n<li>Aitab emotsioone rahustada<\/li>\n<li>Annab nahale terve ja sileda v\u00e4limuse<\/li>\n<li>V\u00e4hendab naha punetust<\/li>\n<\/ul>\n","protected":false},"featured_media":12605,"template":"","meta":{"site-sidebar-layout":"default","site-content-layout":"default","ast-site-content-layout":"default","site-content-style":"default","site-sidebar-style":"default","ast-global-header-display":"","ast-banner-title-visibility":"","ast-main-header-display":"","ast-hfb-above-header-display":"","ast-hfb-below-header-display":"","ast-hfb-mobile-header-display":"","site-post-title":"","ast-breadcrumbs-content":"","ast-featured-img":"","footer-sml-layout":"","ast-disable-related-posts":"","theme-transparent-header-meta":"default","adv-header-id-meta":"","stick-header-meta":"","header-above-stick-meta":"","header-main-stick-meta":"","header-below-stick-meta":"","astra-migrate-meta-layouts":"default","ast-page-background-enabled":"default","ast-page-background-meta":{"desktop":{"background-color":"","background-image":"","background-repeat":"repeat","background-position":"center center","background-size":"auto","background-attachment":"scroll","background-type":"","background-media":"","overlay-type":"","overlay-color":"","overlay-opacity":"","overlay-gradient":""},"tablet":{"background-color":"","background-image":"","background-repeat":"repeat","background-position":"center center","background-size":"auto","background-attachment":"scroll","background-type":"","background-media":"","overlay-type":"","overlay-color":"","overlay-opacity":"","overlay-gradient":""},"mobile":{"background-color":"","background-image":"","background-repeat":"repeat","background-position":"center center","background-size":"auto","background-attachment":"scroll","background-type":"","background-media":"","overlay-type":"","overlay-color":"","overlay-opacity":"","overlay-gradient":""}},"ast-content-background-meta":{"desktop":{"background-color":"var(--ast-global-color-5)","background-image":"","background-repeat":"repeat","background-position":"center center","background-size":"auto","background-attachment":"scroll","background-type":"","background-media":"","overlay-type":"","overlay-color":"","overlay-opacity":"","overlay-gradient":""},"tablet":{"background-color":"var(--ast-global-color-5)","background-image":"","background-repeat":"repeat","background-position":"center center","background-size":"auto","background-attachment":"scroll","background-type":"","background-media":"","overlay-type":"","overlay-color":"","overlay-opacity":"","overlay-gradient":""},"mobile":{"background-color":"var(--ast-global-color-5)","background-image":"","background-repeat":"repeat","background-position":"center center","background-size":"auto","background-attachment":"scroll","background-type":"","background-media":"","overlay-type":"","overlay-color":"","overlay-opacity":"","overlay-gradient":""}}},"product_brand":[],"product_cat":[1699,1737,1734,1705,1759,1753],"product_tag":[724,1245,1532,1579],"class_list":{"0":"post-16576","1":"product","2":"type-product","3":"status-publish","4":"has-post-thumbnail","6":"product_cat-eeterlikud-olid","7":"product_cat-magamiseks","8":"product_cat-massaaz","9":"product_cat-puhtad-eeterlikud-olid","10":"product_cat-seedimine","11":"product_cat-stressi-juhtimine","12":"product_tag-15-ml-et-2","13":"product_tag-copaiba-et","14":"product_tag-eeterlikud-olid","15":"product_tag-populaarne","16":"desktop-align-left","17":"tablet-align-left","18":"mobile-align-left","20":"first","21":"instock","22":"featured","23":"taxable","24":"shipping-taxable","25":"purchasable","26":"product-type-simple"},"_links":{"self":[{"href":"https:\/\/mamaterra.lt\/et\/wp-json\/wp\/v2\/product\/16576","targetHints":{"allow":["GET"]}}],"collection":[{"href":"https:\/\/mamaterra.lt\/et\/wp-json\/wp\/v2\/product"}],"about":[{"href":"https:\/\/mamaterra.lt\/et\/wp-json\/wp\/v2\/types\/product"}],"wp:featuredmedia":[{"embeddable":true,"href":"https:\/\/mamaterra.lt\/et\/wp-json\/wp\/v2\/media\/12605"}],"wp:attachment":[{"href":"https:\/\/mamaterra.lt\/et\/wp-json\/wp\/v2\/media?parent=16576"}],"wp:term":[{"taxonomy":"product_brand","embeddable":true,"href":"https:\/\/mamaterra.lt\/et\/wp-json\/wp\/v2\/product_brand?post=16576"},{"taxonomy":"product_cat","embeddable":true,"href":"https:\/\/mamaterra.lt\/et\/wp-json\/wp\/v2\/product_cat?post=16576"},{"taxonomy":"product_tag","embeddable":true,"href":"https:\/\/mamaterra.lt\/et\/wp-json\/wp\/v2\/product_tag?post=16576"}],"curies":[{"name":"wp","href":"https:\/\/api.w.org\/{rel}","templated":true}]}}