{"id":16570,"date":"2021-04-18T16:28:48","date_gmt":"2021-04-18T15:28:48","guid":{"rendered":"https:\/\/mamaterra.lt\/parduotuve\/maaratlemata\/hiina-kaneel-cassia-pure-doterra-eeterlik-oli-15ml\/"},"modified":"2021-04-18T16:28:48","modified_gmt":"2021-04-18T15:28:48","slug":"hiina-kaneel-kassia-puhas-doterra-eeterlik-oli-15ml","status":"publish","type":"product","link":"https:\/\/mamaterra.lt\/et\/parduotuve\/eeterlikud-olid\/puhtad-eeterlikud-olid\/hiina-kaneel-kassia-puhas-doterra-eeterlik-oli-15ml\/","title":{"rendered":"Hiina kaneel (CASSIA) Pure doTERRA eeterlik \u00f5li 15ml"},"content":{"rendered":"<p><strong>Hiina kaneel (CASSIA) Puhas doTERRA eeterlik \u00f5li<\/strong><\/p>\n<p>Cinnamomum cassia | 15ml<\/p>\n<p>&nbsp;<\/p>\n<p><strong>Hiina kaneeli (CASSIA) puhta doTERRA eeterliku \u00f5li kirjeldus:<\/strong><\/p>\n<p>Kaneeli l\u00e4hedane sugulane, Hiina kaneelil on suurep\u00e4rane aroom ja seda on kasutatud tuhandeid aastaid.<\/p>\n<ul>\n<li>Tal on soe meeli\u00fclendav aroom<\/li>\n<li>Kasutatakse toiduvalmistamisel kaneeli asendajana<\/li>\n<li>Nahale kandmine rahustab keha<\/li>\n<\/ul>\n<p><strong>Hiina kaneeli (CASSIA) Pureo doTERRA eeterliku \u00f5li kasutusalad:<\/strong><\/p>\n<p>Cassia (hiina kaneeli) eeterlikul \u00f5lil on tugev v\u00fcrtsikas aroom, millest v\u00e4ikesed kogused v\u00f5ivad p\u00f5him\u00f5tteliselt asendada mis tahes eeterlike \u00f5lide segu v\u00f5i v\u00fcrtside rikka magustoidu.<\/p>\n<p><strong>Cassia (hiina kaneel) eeterlikku \u00f5li saab kasutada toiduvalmistamisel:<\/strong> kookide v\u00f5i leiva k\u00fcpsetamisel asendage kaneel sellega v\u00f5i kasutage seda suurep\u00e4rase maitseainena erinevate suupistete ja magustoitude jaoks.<\/p>\n<p>Lisa vette \u00fcks tilk Cassiat (hiina kaneeli) ja \u00fcks tilk Sidruni (Sidruni) eeterlikke \u00f5lisid \u2013 nii saad v\u00e4rskendava v\u00fcrtsika tsitruselise joogi!<\/p>\n<p>&nbsp;<\/p>\n<p>Lisateavet <strong>Hiina kaneeli (CASSIA) doTERRA eeterliku \u00f5li<\/strong> kohta leiate allolevast videost.<\/p>\n<p><iframe title=\"Cassia \u00f5li: kasu ja kasutusalad, mis muudavad kaneeli armukadedaks\" src=\"https:\/\/www.youtube.com\/embed\/aWFV_i7Qij4\" width=\"853\" height=\"480\" frameborder=\"0\" allowfullscreen=\"allowfullscreen\"><\/iframe><\/p>\n","protected":false},"excerpt":{"rendered":"<ul>\n<li>Tal on soe meeli\u00fclendav aroom<\/li>\n<li>Kasutatakse toiduvalmistamisel kaneeli asendajana<\/li>\n<li>Nahale kandmine rahustab keha<\/li>\n<\/ul>\n","protected":false},"featured_media":12611,"template":"","meta":{"site-sidebar-layout":"default","site-content-layout":"default","ast-site-content-layout":"default","site-content-style":"default","site-sidebar-style":"default","ast-global-header-display":"","ast-banner-title-visibility":"","ast-main-header-display":"","ast-hfb-above-header-display":"","ast-hfb-below-header-display":"","ast-hfb-mobile-header-display":"","site-post-title":"","ast-breadcrumbs-content":"","ast-featured-img":"","footer-sml-layout":"","ast-disable-related-posts":"","theme-transparent-header-meta":"default","adv-header-id-meta":"","stick-header-meta":"","header-above-stick-meta":"","header-main-stick-meta":"","header-below-stick-meta":"","astra-migrate-meta-layouts":"default","ast-page-background-enabled":"default","ast-page-background-meta":{"desktop":{"background-color":"","background-image":"","background-repeat":"repeat","background-position":"center center","background-size":"auto","background-attachment":"scroll","background-type":"","background-media":"","overlay-type":"","overlay-color":"","overlay-opacity":"","overlay-gradient":""},"tablet":{"background-color":"","background-image":"","background-repeat":"repeat","background-position":"center center","background-size":"auto","background-attachment":"scroll","background-type":"","background-media":"","overlay-type":"","overlay-color":"","overlay-opacity":"","overlay-gradient":""},"mobile":{"background-color":"","background-image":"","background-repeat":"repeat","background-position":"center center","background-size":"auto","background-attachment":"scroll","background-type":"","background-media":"","overlay-type":"","overlay-color":"","overlay-opacity":"","overlay-gradient":""}},"ast-content-background-meta":{"desktop":{"background-color":"var(--ast-global-color-5)","background-image":"","background-repeat":"repeat","background-position":"center center","background-size":"auto","background-attachment":"scroll","background-type":"","background-media":"","overlay-type":"","overlay-color":"","overlay-opacity":"","overlay-gradient":""},"tablet":{"background-color":"var(--ast-global-color-5)","background-image":"","background-repeat":"repeat","background-position":"center center","background-size":"auto","background-attachment":"scroll","background-type":"","background-media":"","overlay-type":"","overlay-color":"","overlay-opacity":"","overlay-gradient":""},"mobile":{"background-color":"var(--ast-global-color-5)","background-image":"","background-repeat":"repeat","background-position":"center center","background-size":"auto","background-attachment":"scroll","background-type":"","background-media":"","overlay-type":"","overlay-color":"","overlay-opacity":"","overlay-gradient":""}}},"product_brand":[],"product_cat":[1699,1705],"product_tag":[724,1319,1532],"class_list":{"0":"post-16570","1":"product","2":"type-product","3":"status-publish","4":"has-post-thumbnail","6":"product_cat-eeterlikud-olid","7":"product_cat-puhtad-eeterlikud-olid","8":"product_tag-15-ml-et-2","9":"product_tag-cassia-et","10":"product_tag-eeterlikud-olid","11":"desktop-align-left","12":"tablet-align-left","13":"mobile-align-left","15":"first","16":"instock","17":"taxable","18":"shipping-taxable","19":"purchasable","20":"product-type-simple"},"_links":{"self":[{"href":"https:\/\/mamaterra.lt\/et\/wp-json\/wp\/v2\/product\/16570","targetHints":{"allow":["GET"]}}],"collection":[{"href":"https:\/\/mamaterra.lt\/et\/wp-json\/wp\/v2\/product"}],"about":[{"href":"https:\/\/mamaterra.lt\/et\/wp-json\/wp\/v2\/types\/product"}],"wp:featuredmedia":[{"embeddable":true,"href":"https:\/\/mamaterra.lt\/et\/wp-json\/wp\/v2\/media\/12611"}],"wp:attachment":[{"href":"https:\/\/mamaterra.lt\/et\/wp-json\/wp\/v2\/media?parent=16570"}],"wp:term":[{"taxonomy":"product_brand","embeddable":true,"href":"https:\/\/mamaterra.lt\/et\/wp-json\/wp\/v2\/product_brand?post=16570"},{"taxonomy":"product_cat","embeddable":true,"href":"https:\/\/mamaterra.lt\/et\/wp-json\/wp\/v2\/product_cat?post=16570"},{"taxonomy":"product_tag","embeddable":true,"href":"https:\/\/mamaterra.lt\/et\/wp-json\/wp\/v2\/product_tag?post=16570"}],"curies":[{"name":"wp","href":"https:\/\/api.w.org\/{rel}","templated":true}]}}