{"id":16565,"date":"2021-04-18T16:31:35","date_gmt":"2021-04-18T15:31:35","guid":{"rendered":"https:\/\/mamaterra.lt\/parduotuve\/maaratlemata\/citronella-pure-doterra-eeterlik-oli-15ml\/"},"modified":"2021-04-18T16:31:35","modified_gmt":"2021-04-18T15:31:35","slug":"tsitronella-puhas-doterra-eeterlik-oli-15ml","status":"publish","type":"product","link":"https:\/\/mamaterra.lt\/et\/parduotuve\/eeterlikud-olid\/puhtad-eeterlikud-olid\/tsitronella-puhas-doterra-eeterlik-oli-15ml\/","title":{"rendered":"CITRONELLA Pure doTERRA eeterlik \u00f5li 15ml"},"content":{"rendered":"<p><strong>CITRONELLA Pure doTERRA eeterlik \u00f5li<\/strong><\/p>\n<p>Cymbopogon winterianus | 15ml<\/p>\n<p>&nbsp;<\/p>\n<p><strong>CITRONELLA Pure doTERRA eeterliku \u00f5li kirjeldus:<\/strong><\/p>\n<p>Aasias kasvava k\u00f5rge rohu lehtedest ekstraheeritud joovastava sidrunheina eeterlikul \u00f5lil on tugev v\u00e4rskendav aroom. See on suurep\u00e4rane vahend telkimiseks, matkamiseks v\u00f5i muude tegevustega tegelemiseks, mille k\u00e4igus naudite looduse ilu.<\/p>\n<ul>\n<li>Tuntud r\u00f5\u00f5msate ja positiivsete tunnete esilekutsumise poolest<\/li>\n<li>V\u00f5ib aidata s\u00e4ilitada naha puhtust<\/li>\n<li>Rahustab keha ja peanahka<\/li>\n<li>Omab puhastavaid omadusi<\/li>\n<\/ul>\n<p>&nbsp;<\/p>\n<p>Rohkem infot<strong> doTERRA CITRONELLA eeterliku \u00f5li<\/strong> kohta<strong><\/strong><strong> <\/strong>leiate allolevast <strong>videost<\/strong> .<\/p>\n<p><iframe title=\"doTERRA Citronella\" src=\"https:\/\/www.youtube.com\/embed\/SGO0QIgErsw\" width=\"853\" height=\"480\" frameborder=\"0\" allowfullscreen=\"allowfullscreen\"><\/iframe><\/p>\n","protected":false},"excerpt":{"rendered":"<ul>\n<li>Tuntud r\u00f5\u00f5msate ja positiivsete tunnete esilekutsumise poolest<\/li>\n<li>V\u00f5ib aidata s\u00e4ilitada naha puhtust<\/li>\n<li>Rahustab keha ja peanahka<\/li>\n<li>Omab puhastavaid omadusi<\/li>\n<\/ul>\n","protected":false},"featured_media":12857,"template":"","meta":{"site-sidebar-layout":"default","site-content-layout":"default","ast-site-content-layout":"default","site-content-style":"default","site-sidebar-style":"default","ast-global-header-display":"","ast-banner-title-visibility":"","ast-main-header-display":"","ast-hfb-above-header-display":"","ast-hfb-below-header-display":"","ast-hfb-mobile-header-display":"","site-post-title":"","ast-breadcrumbs-content":"","ast-featured-img":"","footer-sml-layout":"","ast-disable-related-posts":"","theme-transparent-header-meta":"default","adv-header-id-meta":"","stick-header-meta":"","header-above-stick-meta":"","header-main-stick-meta":"","header-below-stick-meta":"","astra-migrate-meta-layouts":"default","ast-page-background-enabled":"default","ast-page-background-meta":{"desktop":{"background-color":"","background-image":"","background-repeat":"repeat","background-position":"center center","background-size":"auto","background-attachment":"scroll","background-type":"","background-media":"","overlay-type":"","overlay-color":"","overlay-opacity":"","overlay-gradient":""},"tablet":{"background-color":"","background-image":"","background-repeat":"repeat","background-position":"center center","background-size":"auto","background-attachment":"scroll","background-type":"","background-media":"","overlay-type":"","overlay-color":"","overlay-opacity":"","overlay-gradient":""},"mobile":{"background-color":"","background-image":"","background-repeat":"repeat","background-position":"center center","background-size":"auto","background-attachment":"scroll","background-type":"","background-media":"","overlay-type":"","overlay-color":"","overlay-opacity":"","overlay-gradient":""}},"ast-content-background-meta":{"desktop":{"background-color":"var(--ast-global-color-5)","background-image":"","background-repeat":"repeat","background-position":"center center","background-size":"auto","background-attachment":"scroll","background-type":"","background-media":"","overlay-type":"","overlay-color":"","overlay-opacity":"","overlay-gradient":""},"tablet":{"background-color":"var(--ast-global-color-5)","background-image":"","background-repeat":"repeat","background-position":"center center","background-size":"auto","background-attachment":"scroll","background-type":"","background-media":"","overlay-type":"","overlay-color":"","overlay-opacity":"","overlay-gradient":""},"mobile":{"background-color":"var(--ast-global-color-5)","background-image":"","background-repeat":"repeat","background-position":"center center","background-size":"auto","background-attachment":"scroll","background-type":"","background-media":"","overlay-type":"","overlay-color":"","overlay-opacity":"","overlay-gradient":""}}},"product_brand":[],"product_cat":[1699,1749,1705,1744],"product_tag":[724,1288,1532],"class_list":{"0":"post-16565","1":"product","2":"type-product","3":"status-publish","4":"has-post-thumbnail","6":"product_cat-eeterlikud-olid","7":"product_cat-ohu-puhastamine","8":"product_cat-puhtad-eeterlikud-olid","9":"product_cat-saaskedest-ja-puukidest","10":"product_tag-15-ml-et-2","11":"product_tag-citronella-et","12":"product_tag-eeterlikud-olid","13":"desktop-align-left","14":"tablet-align-left","15":"mobile-align-left","17":"first","18":"instock","19":"taxable","20":"shipping-taxable","21":"purchasable","22":"product-type-simple"},"_links":{"self":[{"href":"https:\/\/mamaterra.lt\/et\/wp-json\/wp\/v2\/product\/16565","targetHints":{"allow":["GET"]}}],"collection":[{"href":"https:\/\/mamaterra.lt\/et\/wp-json\/wp\/v2\/product"}],"about":[{"href":"https:\/\/mamaterra.lt\/et\/wp-json\/wp\/v2\/types\/product"}],"wp:featuredmedia":[{"embeddable":true,"href":"https:\/\/mamaterra.lt\/et\/wp-json\/wp\/v2\/media\/12857"}],"wp:attachment":[{"href":"https:\/\/mamaterra.lt\/et\/wp-json\/wp\/v2\/media?parent=16565"}],"wp:term":[{"taxonomy":"product_brand","embeddable":true,"href":"https:\/\/mamaterra.lt\/et\/wp-json\/wp\/v2\/product_brand?post=16565"},{"taxonomy":"product_cat","embeddable":true,"href":"https:\/\/mamaterra.lt\/et\/wp-json\/wp\/v2\/product_cat?post=16565"},{"taxonomy":"product_tag","embeddable":true,"href":"https:\/\/mamaterra.lt\/et\/wp-json\/wp\/v2\/product_tag?post=16565"}],"curies":[{"name":"wp","href":"https:\/\/api.w.org\/{rel}","templated":true}]}}