{"id":16560,"date":"2021-04-18T16:33:11","date_gmt":"2021-04-18T15:33:11","guid":{"rendered":"https:\/\/mamaterra.lt\/parduotuve\/maaratlemata\/nelk-pure-doterra-eeterlik-oli-15ml\/"},"modified":"2023-01-01T00:00:07","modified_gmt":"2022-12-31T23:00:07","slug":"nelk-puhas-doterra-eeterlik-oli-15ml","status":"publish","type":"product","link":"https:\/\/mamaterra.lt\/et\/parduotuve\/eeterlikud-olid\/puhtad-eeterlikud-olid\/nelk-puhas-doterra-eeterlik-oli-15ml\/","title":{"rendered":"NELK Pure doTERRA eeterlik \u00f5li 15ml"},"content":{"rendered":"<p><strong>NELK Pure doTERRA eeterlik \u00f5li<\/strong><\/p>\n<p>Eugenia caryophyllata | 15ml<\/p>\n<p>&nbsp;<\/p>\n<p><strong>CLOVE Pure doTERRA eeterliku \u00f5li kirjeldus:<\/strong><\/p>\n<p>Nelgidel, mis on tuntud kui populaarne toidu v\u00fcrts, on palju v\u00e4\u00e4rtuslikke kasutusviise.<\/p>\n<ul>\n<li>Toetab hammaste ja igemete tervist<\/li>\n<li>Sageli kasutatakse toidu v\u00fcrtsina<\/li>\n<li>Aurutage, kui soovite sooja stimuleerivat aroomi<\/li>\n<\/ul>\n<p>&nbsp;<\/p>\n<p>Lisateave<strong> CLOVE <\/strong><strong>doTERRA<\/strong> kohta<strong> <\/strong>leiate allolevast <strong>videost<\/strong> .<\/p>\n<p><iframe title=\"doTERRA Nelk (15ml)\" src=\"https:\/\/www.youtube.com\/embed\/bU6gEQzkLT4\" width=\"853\" height=\"480\" frameborder=\"0\" allowfullscreen=\"allowfullscreen\"><\/iframe><\/p>\n","protected":false},"excerpt":{"rendered":"<ul>\n<li>Toetab hammaste ja igemete tervist<\/li>\n<li>Sageli kasutatakse toidu v\u00fcrtsina<\/li>\n<li>Aurutage, kui soovite sooja stimuleerivat aroomi<\/li>\n<\/ul>\n","protected":false},"featured_media":12650,"template":"","meta":{"site-sidebar-layout":"default","site-content-layout":"default","ast-site-content-layout":"default","site-content-style":"default","site-sidebar-style":"default","ast-global-header-display":"","ast-banner-title-visibility":"","ast-main-header-display":"","ast-hfb-above-header-display":"","ast-hfb-below-header-display":"","ast-hfb-mobile-header-display":"","site-post-title":"","ast-breadcrumbs-content":"","ast-featured-img":"","footer-sml-layout":"","ast-disable-related-posts":"","theme-transparent-header-meta":"default","adv-header-id-meta":"","stick-header-meta":"","header-above-stick-meta":"","header-main-stick-meta":"","header-below-stick-meta":"","astra-migrate-meta-layouts":"default","ast-page-background-enabled":"default","ast-page-background-meta":{"desktop":{"background-color":"","background-image":"","background-repeat":"repeat","background-position":"center center","background-size":"auto","background-attachment":"scroll","background-type":"","background-media":"","overlay-type":"","overlay-color":"","overlay-opacity":"","overlay-gradient":""},"tablet":{"background-color":"","background-image":"","background-repeat":"repeat","background-position":"center center","background-size":"auto","background-attachment":"scroll","background-type":"","background-media":"","overlay-type":"","overlay-color":"","overlay-opacity":"","overlay-gradient":""},"mobile":{"background-color":"","background-image":"","background-repeat":"repeat","background-position":"center center","background-size":"auto","background-attachment":"scroll","background-type":"","background-media":"","overlay-type":"","overlay-color":"","overlay-opacity":"","overlay-gradient":""}},"ast-content-background-meta":{"desktop":{"background-color":"var(--ast-global-color-5)","background-image":"","background-repeat":"repeat","background-position":"center center","background-size":"auto","background-attachment":"scroll","background-type":"","background-media":"","overlay-type":"","overlay-color":"","overlay-opacity":"","overlay-gradient":""},"tablet":{"background-color":"var(--ast-global-color-5)","background-image":"","background-repeat":"repeat","background-position":"center center","background-size":"auto","background-attachment":"scroll","background-type":"","background-media":"","overlay-type":"","overlay-color":"","overlay-opacity":"","overlay-gradient":""},"mobile":{"background-color":"var(--ast-global-color-5)","background-image":"","background-repeat":"repeat","background-position":"center center","background-size":"auto","background-attachment":"scroll","background-type":"","background-media":"","overlay-type":"","overlay-color":"","overlay-opacity":"","overlay-gradient":""}}},"product_brand":[],"product_cat":[1699,1749,1705,1744,1759],"product_tag":[724,1238,1532],"class_list":{"0":"post-16560","1":"product","2":"type-product","3":"status-publish","4":"has-post-thumbnail","6":"product_cat-eeterlikud-olid","7":"product_cat-ohu-puhastamine","8":"product_cat-puhtad-eeterlikud-olid","9":"product_cat-saaskedest-ja-puukidest","10":"product_cat-seedimine","11":"product_tag-15-ml-et-2","12":"product_tag-clove-et","13":"product_tag-eeterlikud-olid","14":"desktop-align-left","15":"tablet-align-left","16":"mobile-align-left","18":"first","19":"instock","20":"sale","21":"taxable","22":"shipping-taxable","23":"purchasable","24":"product-type-simple"},"_links":{"self":[{"href":"https:\/\/mamaterra.lt\/et\/wp-json\/wp\/v2\/product\/16560","targetHints":{"allow":["GET"]}}],"collection":[{"href":"https:\/\/mamaterra.lt\/et\/wp-json\/wp\/v2\/product"}],"about":[{"href":"https:\/\/mamaterra.lt\/et\/wp-json\/wp\/v2\/types\/product"}],"wp:featuredmedia":[{"embeddable":true,"href":"https:\/\/mamaterra.lt\/et\/wp-json\/wp\/v2\/media\/12650"}],"wp:attachment":[{"href":"https:\/\/mamaterra.lt\/et\/wp-json\/wp\/v2\/media?parent=16560"}],"wp:term":[{"taxonomy":"product_brand","embeddable":true,"href":"https:\/\/mamaterra.lt\/et\/wp-json\/wp\/v2\/product_brand?post=16560"},{"taxonomy":"product_cat","embeddable":true,"href":"https:\/\/mamaterra.lt\/et\/wp-json\/wp\/v2\/product_cat?post=16560"},{"taxonomy":"product_tag","embeddable":true,"href":"https:\/\/mamaterra.lt\/et\/wp-json\/wp\/v2\/product_tag?post=16560"}],"curies":[{"name":"wp","href":"https:\/\/api.w.org\/{rel}","templated":true}]}}