{"id":16554,"date":"2021-04-18T16:29:53","date_gmt":"2021-04-18T15:29:53","guid":{"rendered":"https:\/\/mamaterra.lt\/parduotuve\/maaratlemata\/selleri-seemne-puhas-doterra-eeterlik-oli-15ml\/"},"modified":"2021-04-18T16:29:53","modified_gmt":"2021-04-18T15:29:53","slug":"seller-seemne-puhas-doterra-eeterlik-oli-15ml","status":"publish","type":"product","link":"https:\/\/mamaterra.lt\/et\/parduotuve\/eeterlikud-olid\/puhtad-eeterlikud-olid\/seller-seemne-puhas-doterra-eeterlik-oli-15ml\/","title":{"rendered":"SELLERI SEEMNE Puhas doTERRA eeterlik \u00f5li 15ml"},"content":{"rendered":"<p><strong>SELLERISEEMNED Puhas doTERRA eeterlik \u00f5li<\/strong><\/p>\n<p>Apium graveolens | 15ml<\/p>\n<p>&nbsp;<\/p>\n<p><strong>SELLERISEEMNED Pure doTERRA eeterlik \u00f5li Kirjeldus ja \u00fcldised omadused:<\/strong><\/p>\n<p>Juba V-ndal sajandil. Hiinas kasutatav seller on tuntud lisand erinevatele roogadele. Hooaja jooksul kogutud v\u00e4rske seller, mida leiate kohalikult p\u00f5llumajandustootjate turult, kasvab kuni kolm jalga (90 cm) k\u00f5rgeks, on erkrohelise v\u00e4rvusega ja s\u00e4rab eluga. Seller on tuntud oma tugeva kompleksse magus-v\u00fcrtsika aroomi poolest. Nende taimede t\u00e4ielikuks k\u00fcpsemiseks ja v\u00e4ikeste viljade kandmiseks kulub kaks aastat, mille v\u00e4rvus v\u00f5ib olla pruunikas kuni pruun. Eeterlik \u00f5li ekstraheeritakse nende taimede seemnetest, destilleerides need auruga.  <span style=\"font-size: 16px;\">Tuntud oma tugeva kompleksse magus-v\u00fcrtsika aroomi poolest<\/span><\/p>\n<ul>\n<li>Tuntud oma tugeva kompleksse magus-v\u00fcrtsika aroomi poolest<\/li>\n<li>Maitsev lisand erinevatele roogadele<\/li>\n<li>Tuntud oma puhastavate omaduste poolest<\/li>\n<\/ul>\n<p><strong>SELLERISEEMNED Pure doTERRA eeterlikud \u00f5lid Kasutusalad:<\/strong><\/p>\n<p>Toiduainete tootmisel kasutamisel pidage meeles, et need on kontsentraadid ja kasutage liha- ja kalaroogade, erinevate kastmete maitsestamiseks ainult 1\u20132 tilka.<\/p>\n<ul>\n<li>Kasutage sellerimahla asemel &#8211; 4 tilka seda \u00f5li 250 ml veega, aitab eemaldada vedelikke kehast<\/li>\n<li>Keha puhastamine &#8211; kandke jalgadele, maksapiirkonnale, jooge 1 &#8211; 2 tilka veega, mahlaga v\u00f5i tilgutage kapslisse<\/li>\n<li>N\u00f5rgad ja paindumatud liigesed &#8211; kandke jalgadele, probleemsele piirkonnale, 2 &#8211; 4 korda p\u00e4evas<\/li>\n<li>Pingete vabastamiseks &#8211; kandke selgroo, otsmiku ja kaela joonele.<\/li>\n<li>T\u00f5rjuv toime putukatele &#8211; auru difuusoriga, p\u00e4rast taime\u00f5liga lahjendamist, kantakse keha avatud aladele, tehke otsik.<\/li>\n<\/ul>\n<p>S\u00fcnergias 1 tilga viirukiga, Must kuusk, K\u00fcpress loovad imelise aroomi ja aitavad lahti lasta negatiivsetest emotsioonidest, mis raskendavad meie elu.<\/p>\n<p>&nbsp;<\/p>\n<p>Rohkem infot <strong>SELLERI SEED<\/strong><strong>doTERRA eeterliku \u00f5li<\/strong> kohta<strong> <\/strong>leiate allolevast <strong>videost<\/strong> .<\/p>\n<p><iframe title=\"Kuidas kasutada doTERRA selleriseemne\u00f5li - kiired n\u00e4pun\u00e4ited\" src=\"https:\/\/www.youtube.com\/embed\/cQJJN54oBt0\" width=\"853\" height=\"480\" frameborder=\"0\" allowfullscreen=\"allowfullscreen\"><\/iframe><\/p>\n","protected":false},"excerpt":{"rendered":"<ul>\n<li>Tuntud oma tugeva kompleksse magus-v\u00fcrtsika aroomi poolest<\/li>\n<li>Maitsev lisand erinevatele roogadele<\/li>\n<li>Tuntud oma puhastavate omaduste poolest<\/li>\n<\/ul>\n","protected":false},"featured_media":12890,"template":"","meta":{"site-sidebar-layout":"default","site-content-layout":"default","ast-site-content-layout":"default","site-content-style":"default","site-sidebar-style":"default","ast-global-header-display":"","ast-banner-title-visibility":"","ast-main-header-display":"","ast-hfb-above-header-display":"","ast-hfb-below-header-display":"","ast-hfb-mobile-header-display":"","site-post-title":"","ast-breadcrumbs-content":"","ast-featured-img":"","footer-sml-layout":"","ast-disable-related-posts":"","theme-transparent-header-meta":"default","adv-header-id-meta":"","stick-header-meta":"","header-above-stick-meta":"","header-main-stick-meta":"","header-below-stick-meta":"","astra-migrate-meta-layouts":"default","ast-page-background-enabled":"default","ast-page-background-meta":{"desktop":{"background-color":"","background-image":"","background-repeat":"repeat","background-position":"center center","background-size":"auto","background-attachment":"scroll","background-type":"","background-media":"","overlay-type":"","overlay-color":"","overlay-opacity":"","overlay-gradient":""},"tablet":{"background-color":"","background-image":"","background-repeat":"repeat","background-position":"center center","background-size":"auto","background-attachment":"scroll","background-type":"","background-media":"","overlay-type":"","overlay-color":"","overlay-opacity":"","overlay-gradient":""},"mobile":{"background-color":"","background-image":"","background-repeat":"repeat","background-position":"center center","background-size":"auto","background-attachment":"scroll","background-type":"","background-media":"","overlay-type":"","overlay-color":"","overlay-opacity":"","overlay-gradient":""}},"ast-content-background-meta":{"desktop":{"background-color":"var(--ast-global-color-5)","background-image":"","background-repeat":"repeat","background-position":"center center","background-size":"auto","background-attachment":"scroll","background-type":"","background-media":"","overlay-type":"","overlay-color":"","overlay-opacity":"","overlay-gradient":""},"tablet":{"background-color":"var(--ast-global-color-5)","background-image":"","background-repeat":"repeat","background-position":"center center","background-size":"auto","background-attachment":"scroll","background-type":"","background-media":"","overlay-type":"","overlay-color":"","overlay-opacity":"","overlay-gradient":""},"mobile":{"background-color":"var(--ast-global-color-5)","background-image":"","background-repeat":"repeat","background-position":"center center","background-size":"auto","background-attachment":"scroll","background-type":"","background-media":"","overlay-type":"","overlay-color":"","overlay-opacity":"","overlay-gradient":""}}},"product_brand":[],"product_cat":[1699,1705],"product_tag":[724,1274,1532],"class_list":{"0":"post-16554","1":"product","2":"type-product","3":"status-publish","4":"has-post-thumbnail","6":"product_cat-eeterlikud-olid","7":"product_cat-puhtad-eeterlikud-olid","8":"product_tag-15-ml-et-2","9":"product_tag-celery-seed-et","10":"product_tag-eeterlikud-olid","11":"desktop-align-left","12":"tablet-align-left","13":"mobile-align-left","15":"first","16":"instock","17":"taxable","18":"shipping-taxable","19":"purchasable","20":"product-type-simple"},"_links":{"self":[{"href":"https:\/\/mamaterra.lt\/et\/wp-json\/wp\/v2\/product\/16554","targetHints":{"allow":["GET"]}}],"collection":[{"href":"https:\/\/mamaterra.lt\/et\/wp-json\/wp\/v2\/product"}],"about":[{"href":"https:\/\/mamaterra.lt\/et\/wp-json\/wp\/v2\/types\/product"}],"wp:featuredmedia":[{"embeddable":true,"href":"https:\/\/mamaterra.lt\/et\/wp-json\/wp\/v2\/media\/12890"}],"wp:attachment":[{"href":"https:\/\/mamaterra.lt\/et\/wp-json\/wp\/v2\/media?parent=16554"}],"wp:term":[{"taxonomy":"product_brand","embeddable":true,"href":"https:\/\/mamaterra.lt\/et\/wp-json\/wp\/v2\/product_brand?post=16554"},{"taxonomy":"product_cat","embeddable":true,"href":"https:\/\/mamaterra.lt\/et\/wp-json\/wp\/v2\/product_cat?post=16554"},{"taxonomy":"product_tag","embeddable":true,"href":"https:\/\/mamaterra.lt\/et\/wp-json\/wp\/v2\/product_tag?post=16554"}],"curies":[{"name":"wp","href":"https:\/\/api.w.org\/{rel}","templated":true}]}}