{"id":16540,"date":"2021-04-18T16:32:31","date_gmt":"2021-04-18T15:32:31","guid":{"rendered":"https:\/\/mamaterra.lt\/parduotuve\/maaratlemata\/clary-sage-pure-doterra-eeterlik-oli-15ml\/"},"modified":"2021-04-18T16:32:31","modified_gmt":"2021-04-18T15:32:31","slug":"clary-salvei-puhas-doterra-eeterlik-oli-15ml","status":"publish","type":"product","link":"https:\/\/mamaterra.lt\/et\/parduotuve\/eeterlikud-olid\/puhtad-eeterlikud-olid\/clary-salvei-puhas-doterra-eeterlik-oli-15ml\/","title":{"rendered":"CLARY SAGE Pure doTERRA eeterlik \u00f5li 15ml"},"content":{"rendered":"<p><strong>CLARY SAGE Pure doTERRA eeterlik \u00f5li<\/strong><\/p>\n<p>Salvia sclarea | 15ml<\/p>\n<p>&nbsp;<\/p>\n<p><strong>CLARY SAGE Pure doTERRA eeterlik \u00f5li \u00dcldised omadused ja kirjeldus:<\/strong><\/p>\n<p>Clary salvei, l\u00f5hnav salvei eeterlik \u00f5li nimetatakse noorte ja ilu \u00f5liks, sest sellel on looduslikud f\u00fcto\u00f6strogeenid, mis on v\u00f5imelised loomulikult reguleerima \u00f6strogeeni taset kehas ja aitama s\u00e4ilitada naisorganite tervist.<\/p>\n<p>Sellel \u00f5lil on positiivne m\u00f5ju mitte ainult naiste, vaid ka meeste tervisele ning sellel on ka muid kasulikke omadusi.<\/p>\n<ul>\n<li>Leevendab PMS-i ebameeldivaid s\u00fcmptomeid ( turse, meeleolud), avaldab positiivset m\u00f5ju hormonaalsele aktiivsusele, soodustab \u00f5iget menstruaalts\u00fcklit, leevendab menopausi s\u00fcmptomeid, leevendab kuumahoogusid, reguleerib meeleolu.<\/li>\n<li>Aitab unetuse korral, mille p\u00f5hjused on stress v\u00f5i hormonaalsed muutused.<\/li>\n<li>Annab selgust, motivatsiooni ja enesekindlust.<\/li>\n<li>K\u00f5rvaldab k\u00f5rvalised m\u00f5tted, avab hinge uutele v\u00f5imalustele ja kogemustele, stimuleerib loovust.<\/li>\n<li>Clary Salvei sisalduvad komponendid m\u00f5jutavad aju kurku ja k\u00f5nekeskust. Aitab inimestel mitte ainult oma h\u00e4\u00e4lt vallandada, vaid ka inimestele, kes \u00fcritavad midagi \u00f6elda, kuid ei leia \u00f5igeid s\u00f5nu.<\/li>\n<li>Peatab juuste v\u00e4ljalangemise, annab neile tugevuse, tooni, elastsuse, stimuleerib juuste kasvu.<\/li>\n<li>Kasulik kiiresti rasvastele juustele ja ketendavale peanahale.<\/li>\n<li>Kasulik aknele kalduvale nahale, millel on v\u00e4ikesed haavad.<\/li>\n<li>Silub, toniseerib nahka, sobib kuivale nahale.<\/li>\n<\/ul>\n<p>&nbsp;<\/p>\n<p>Rohkem infot<strong> doTERRA CLARY SAGE eeterliku \u00f5li<\/strong> kohta<strong><\/strong><strong> <\/strong>leiate allolevast <strong>videost<\/strong> .<\/p>\n<p><iframe title=\"Rahustav Clary Salvei - Kuidas kasutada Clary Salvei eeterlikku \u00f5li\" src=\"https:\/\/www.youtube.com\/embed\/OJAtkgzjToU\" width=\"853\" height=\"480\" frameborder=\"0\" allowfullscreen=\"allowfullscreen\"><\/iframe><\/p>\n","protected":false},"excerpt":{"rendered":"<ul>\n<li>Salvei eeterlik \u00f5li on doTERRA selgitava segu Clary Calm peamine koostisosa<\/li>\n<li>Aitab l\u00f5\u00f5gastuda ja valmistuda vaikseks \u00f6iseks puhkuseks<\/li>\n<li>Toetab juuste ja peanaha tervislikku v\u00e4ljan\u00e4gemist<\/li>\n<\/ul>\n","protected":false},"featured_media":12599,"template":"","meta":{"site-sidebar-layout":"default","site-content-layout":"default","ast-site-content-layout":"default","site-content-style":"default","site-sidebar-style":"default","ast-global-header-display":"","ast-banner-title-visibility":"","ast-main-header-display":"","ast-hfb-above-header-display":"","ast-hfb-below-header-display":"","ast-hfb-mobile-header-display":"","site-post-title":"","ast-breadcrumbs-content":"","ast-featured-img":"","footer-sml-layout":"","ast-disable-related-posts":"","theme-transparent-header-meta":"default","adv-header-id-meta":"","stick-header-meta":"","header-above-stick-meta":"","header-main-stick-meta":"","header-below-stick-meta":"","astra-migrate-meta-layouts":"default","ast-page-background-enabled":"default","ast-page-background-meta":{"desktop":{"background-color":"","background-image":"","background-repeat":"repeat","background-position":"center center","background-size":"auto","background-attachment":"scroll","background-type":"","background-media":"","overlay-type":"","overlay-color":"","overlay-opacity":"","overlay-gradient":""},"tablet":{"background-color":"","background-image":"","background-repeat":"repeat","background-position":"center center","background-size":"auto","background-attachment":"scroll","background-type":"","background-media":"","overlay-type":"","overlay-color":"","overlay-opacity":"","overlay-gradient":""},"mobile":{"background-color":"","background-image":"","background-repeat":"repeat","background-position":"center center","background-size":"auto","background-attachment":"scroll","background-type":"","background-media":"","overlay-type":"","overlay-color":"","overlay-opacity":"","overlay-gradient":""}},"ast-content-background-meta":{"desktop":{"background-color":"var(--ast-global-color-5)","background-image":"","background-repeat":"repeat","background-position":"center center","background-size":"auto","background-attachment":"scroll","background-type":"","background-media":"","overlay-type":"","overlay-color":"","overlay-opacity":"","overlay-gradient":""},"tablet":{"background-color":"var(--ast-global-color-5)","background-image":"","background-repeat":"repeat","background-position":"center center","background-size":"auto","background-attachment":"scroll","background-type":"","background-media":"","overlay-type":"","overlay-color":"","overlay-opacity":"","overlay-gradient":""},"mobile":{"background-color":"var(--ast-global-color-5)","background-image":"","background-repeat":"repeat","background-position":"center center","background-size":"auto","background-attachment":"scroll","background-type":"","background-media":"","overlay-type":"","overlay-color":"","overlay-opacity":"","overlay-gradient":""}}},"product_brand":[],"product_cat":[1699,1737,1741,1705,1753],"product_tag":[724,1311,1532],"class_list":{"0":"post-16540","1":"product","2":"type-product","3":"status-publish","4":"has-post-thumbnail","6":"product_cat-eeterlikud-olid","7":"product_cat-magamiseks","8":"product_cat-naistele","9":"product_cat-puhtad-eeterlikud-olid","10":"product_cat-stressi-juhtimine","11":"product_tag-15-ml-et-2","12":"product_tag-clary-sage-et","13":"product_tag-eeterlikud-olid","14":"desktop-align-left","15":"tablet-align-left","16":"mobile-align-left","18":"first","19":"instock","20":"taxable","21":"shipping-taxable","22":"purchasable","23":"product-type-simple"},"_links":{"self":[{"href":"https:\/\/mamaterra.lt\/et\/wp-json\/wp\/v2\/product\/16540","targetHints":{"allow":["GET"]}}],"collection":[{"href":"https:\/\/mamaterra.lt\/et\/wp-json\/wp\/v2\/product"}],"about":[{"href":"https:\/\/mamaterra.lt\/et\/wp-json\/wp\/v2\/types\/product"}],"wp:featuredmedia":[{"embeddable":true,"href":"https:\/\/mamaterra.lt\/et\/wp-json\/wp\/v2\/media\/12599"}],"wp:attachment":[{"href":"https:\/\/mamaterra.lt\/et\/wp-json\/wp\/v2\/media?parent=16540"}],"wp:term":[{"taxonomy":"product_brand","embeddable":true,"href":"https:\/\/mamaterra.lt\/et\/wp-json\/wp\/v2\/product_brand?post=16540"},{"taxonomy":"product_cat","embeddable":true,"href":"https:\/\/mamaterra.lt\/et\/wp-json\/wp\/v2\/product_cat?post=16540"},{"taxonomy":"product_tag","embeddable":true,"href":"https:\/\/mamaterra.lt\/et\/wp-json\/wp\/v2\/product_tag?post=16540"}],"curies":[{"name":"wp","href":"https:\/\/api.w.org\/{rel}","templated":true}]}}