{"id":16537,"date":"2021-04-18T16:29:17","date_gmt":"2021-04-18T15:29:17","guid":{"rendered":"https:\/\/mamaterra.lt\/parduotuve\/maaratlemata\/seedripuu-pure-doterra-eeterlik-oli-15ml\/"},"modified":"2021-04-18T16:29:17","modified_gmt":"2021-04-18T15:29:17","slug":"seedripuu-puhas-doterra-eeterlik-oli-15ml","status":"publish","type":"product","link":"https:\/\/mamaterra.lt\/et\/parduotuve\/eeterlikud-olid\/puhtad-eeterlikud-olid\/seedripuu-puhas-doterra-eeterlik-oli-15ml\/","title":{"rendered":"SEEDRIPUU Pure doTERRA eeterlik \u00f5li 15ml"},"content":{"rendered":"<p><strong>SEEDRIPUU Pure doTERRA eeterlik \u00f5li<\/strong><\/p>\n<p>Juniperus virginiana | 15ml<\/p>\n<p>&nbsp;<\/p>\n<p><strong>CEDARWOOD Pure doTERRA eeterliku \u00f5li kirjeldus:<\/strong><\/p>\n<p>Seedri eeterlikus \u00f5lis sisalduv puidu soe palsamiaroom aitab l\u00f5\u00f5gastuda.<\/p>\n<ul>\n<li>N\u00e4otoonikule v\u00f5i niisutajale lisatud on puhastava toimega<\/li>\n<li>Aitab s\u00e4ilitada naha tervislikku v\u00e4limust<\/li>\n<li>Edendab l\u00f5\u00f5gastumist<\/li>\n<\/ul>\n<p>&nbsp;<\/p>\n<p>Rohkem infot <strong>seedripuu <\/strong><strong>doTERRA<\/strong> kohta<strong> <\/strong><strong>Eeterliku \u00f5li <\/strong>leiate allolevast videost.<\/p>\n<p><iframe title=\"Seedripuu eeterliku \u00f5li kasutusalad ja eelised\" src=\"https:\/\/www.youtube.com\/embed\/pvOl8TT64Js\" width=\"853\" height=\"480\" frameborder=\"0\" allowfullscreen=\"allowfullscreen\"><\/iframe><\/p>\n","protected":false},"excerpt":{"rendered":"<ul>\n<li>N\u00e4otoonikule v\u00f5i niisutajale lisatud on puhastava toimega<\/li>\n<li>Aitab s\u00e4ilitada naha tervislikku v\u00e4limust<\/li>\n<li>Edendab l\u00f5\u00f5gastumist<\/li>\n<\/ul>\n","protected":false},"featured_media":12614,"template":"","meta":{"site-sidebar-layout":"default","site-content-layout":"default","ast-site-content-layout":"default","site-content-style":"default","site-sidebar-style":"default","ast-global-header-display":"","ast-banner-title-visibility":"","ast-main-header-display":"","ast-hfb-above-header-display":"","ast-hfb-below-header-display":"","ast-hfb-mobile-header-display":"","site-post-title":"","ast-breadcrumbs-content":"","ast-featured-img":"","footer-sml-layout":"","ast-disable-related-posts":"","theme-transparent-header-meta":"default","adv-header-id-meta":"","stick-header-meta":"","header-above-stick-meta":"","header-main-stick-meta":"","header-below-stick-meta":"","astra-migrate-meta-layouts":"default","ast-page-background-enabled":"default","ast-page-background-meta":{"desktop":{"background-color":"","background-image":"","background-repeat":"repeat","background-position":"center center","background-size":"auto","background-attachment":"scroll","background-type":"","background-media":"","overlay-type":"","overlay-color":"","overlay-opacity":"","overlay-gradient":""},"tablet":{"background-color":"","background-image":"","background-repeat":"repeat","background-position":"center center","background-size":"auto","background-attachment":"scroll","background-type":"","background-media":"","overlay-type":"","overlay-color":"","overlay-opacity":"","overlay-gradient":""},"mobile":{"background-color":"","background-image":"","background-repeat":"repeat","background-position":"center center","background-size":"auto","background-attachment":"scroll","background-type":"","background-media":"","overlay-type":"","overlay-color":"","overlay-opacity":"","overlay-gradient":""}},"ast-content-background-meta":{"desktop":{"background-color":"var(--ast-global-color-5)","background-image":"","background-repeat":"repeat","background-position":"center center","background-size":"auto","background-attachment":"scroll","background-type":"","background-media":"","overlay-type":"","overlay-color":"","overlay-opacity":"","overlay-gradient":""},"tablet":{"background-color":"var(--ast-global-color-5)","background-image":"","background-repeat":"repeat","background-position":"center center","background-size":"auto","background-attachment":"scroll","background-type":"","background-media":"","overlay-type":"","overlay-color":"","overlay-opacity":"","overlay-gradient":""},"mobile":{"background-color":"var(--ast-global-color-5)","background-image":"","background-repeat":"repeat","background-position":"center center","background-size":"auto","background-attachment":"scroll","background-type":"","background-media":"","overlay-type":"","overlay-color":"","overlay-opacity":"","overlay-gradient":""}}},"product_brand":[],"product_cat":[1699,1710,1756,1737,1734,1705,1744],"product_tag":[724,1314,1532],"class_list":{"0":"post-16537","1":"product","2":"type-product","3":"status-publish","4":"has-post-thumbnail","6":"product_cat-eeterlikud-olid","7":"product_cat-hugieen-ja-nahahooldus","8":"product_cat-lastele","9":"product_cat-magamiseks","10":"product_cat-massaaz","11":"product_cat-puhtad-eeterlikud-olid","12":"product_cat-saaskedest-ja-puukidest","13":"product_tag-15-ml-et-2","14":"product_tag-cedarwood-et","15":"product_tag-eeterlikud-olid","16":"desktop-align-left","17":"tablet-align-left","18":"mobile-align-left","20":"first","21":"instock","22":"taxable","23":"shipping-taxable","24":"purchasable","25":"product-type-simple"},"_links":{"self":[{"href":"https:\/\/mamaterra.lt\/et\/wp-json\/wp\/v2\/product\/16537","targetHints":{"allow":["GET"]}}],"collection":[{"href":"https:\/\/mamaterra.lt\/et\/wp-json\/wp\/v2\/product"}],"about":[{"href":"https:\/\/mamaterra.lt\/et\/wp-json\/wp\/v2\/types\/product"}],"wp:featuredmedia":[{"embeddable":true,"href":"https:\/\/mamaterra.lt\/et\/wp-json\/wp\/v2\/media\/12614"}],"wp:attachment":[{"href":"https:\/\/mamaterra.lt\/et\/wp-json\/wp\/v2\/media?parent=16537"}],"wp:term":[{"taxonomy":"product_brand","embeddable":true,"href":"https:\/\/mamaterra.lt\/et\/wp-json\/wp\/v2\/product_brand?post=16537"},{"taxonomy":"product_cat","embeddable":true,"href":"https:\/\/mamaterra.lt\/et\/wp-json\/wp\/v2\/product_cat?post=16537"},{"taxonomy":"product_tag","embeddable":true,"href":"https:\/\/mamaterra.lt\/et\/wp-json\/wp\/v2\/product_tag?post=16537"}],"curies":[{"name":"wp","href":"https:\/\/api.w.org\/{rel}","templated":true}]}}