{"id":16534,"date":"2021-04-18T16:25:07","date_gmt":"2021-04-18T15:25:07","guid":{"rendered":"https:\/\/mamaterra.lt\/parduotuve\/maaratlemata\/must-pipar-pure-doterra-eeterlik-oli-5ml\/"},"modified":"2021-04-18T16:25:07","modified_gmt":"2021-04-18T15:25:07","slug":"must-pipar-puhas-doterra-eeterlik-oli-5ml","status":"publish","type":"product","link":"https:\/\/mamaterra.lt\/et\/parduotuve\/eeterlikud-olid\/puhtad-eeterlikud-olid\/must-pipar-puhas-doterra-eeterlik-oli-5ml\/","title":{"rendered":"MUST PIPAR Pure doTERRA eeterlik \u00f5li 5ml"},"content":{"rendered":"<p><strong>MUST PIPAR Pure doTERRA eeterlik \u00f5li<\/strong><\/p>\n<p>Piper nigrum | 5ml<\/p>\n<p>&nbsp;<\/p>\n<p><strong>MUST PIPAR Pure doTERRA eeterlik \u00f5li Kirjeldus:<\/strong><\/p>\n<p>Musta pipra stimuleeriv ja aromaatne eeterlik \u00f5li maitsestab k\u00f5iki roogi, lisaks on sellel kasulik m\u00f5ju nahale.<\/p>\n<ul>\n<li>Parandab toidu maitset<\/li>\n<li>Aurutage hajutis, kui soovite rahustavat aroomi<\/li>\n<li>Nahale kandmisel on sellel soojendav toime<\/li>\n<\/ul>\n<p>&nbsp;<\/p>\n<p>Rohkem infot <strong>BLACK PEPPER <\/strong><strong>doTERRA eeterliku \u00f5li<\/strong> kohta<strong> <\/strong>leiate allolevast <strong>videost<\/strong> .<\/p>\n<p><iframe title=\"doTERRA musta pipra eeterlik \u00f5li\" src=\"https:\/\/www.youtube.com\/embed\/TSE52MgOskA\" width=\"853\" height=\"480\" frameborder=\"0\" allowfullscreen=\"allowfullscreen\"><\/iframe><\/p>\n","protected":false},"excerpt":{"rendered":"<ul>\n<li>Parandab toidu maitset<\/li>\n<li>Aurutage hajutis, kui soovite rahustavat aroomi<\/li>\n<li>Nahale kandmisel on sellel soojendav toime<\/li>\n<\/ul>\n","protected":false},"featured_media":12626,"template":"","meta":{"site-sidebar-layout":"default","site-content-layout":"default","ast-site-content-layout":"default","site-content-style":"default","site-sidebar-style":"default","ast-global-header-display":"","ast-banner-title-visibility":"","ast-main-header-display":"","ast-hfb-above-header-display":"","ast-hfb-below-header-display":"","ast-hfb-mobile-header-display":"","site-post-title":"","ast-breadcrumbs-content":"","ast-featured-img":"","footer-sml-layout":"","ast-disable-related-posts":"","theme-transparent-header-meta":"default","adv-header-id-meta":"","stick-header-meta":"","header-above-stick-meta":"","header-main-stick-meta":"","header-below-stick-meta":"","astra-migrate-meta-layouts":"default","ast-page-background-enabled":"default","ast-page-background-meta":{"desktop":{"background-color":"","background-image":"","background-repeat":"repeat","background-position":"center center","background-size":"auto","background-attachment":"scroll","background-type":"","background-media":"","overlay-type":"","overlay-color":"","overlay-opacity":"","overlay-gradient":""},"tablet":{"background-color":"","background-image":"","background-repeat":"repeat","background-position":"center center","background-size":"auto","background-attachment":"scroll","background-type":"","background-media":"","overlay-type":"","overlay-color":"","overlay-opacity":"","overlay-gradient":""},"mobile":{"background-color":"","background-image":"","background-repeat":"repeat","background-position":"center center","background-size":"auto","background-attachment":"scroll","background-type":"","background-media":"","overlay-type":"","overlay-color":"","overlay-opacity":"","overlay-gradient":""}},"ast-content-background-meta":{"desktop":{"background-color":"var(--ast-global-color-5)","background-image":"","background-repeat":"repeat","background-position":"center center","background-size":"auto","background-attachment":"scroll","background-type":"","background-media":"","overlay-type":"","overlay-color":"","overlay-opacity":"","overlay-gradient":""},"tablet":{"background-color":"var(--ast-global-color-5)","background-image":"","background-repeat":"repeat","background-position":"center center","background-size":"auto","background-attachment":"scroll","background-type":"","background-media":"","overlay-type":"","overlay-color":"","overlay-opacity":"","overlay-gradient":""},"mobile":{"background-color":"var(--ast-global-color-5)","background-image":"","background-repeat":"repeat","background-position":"center center","background-size":"auto","background-attachment":"scroll","background-type":"","background-media":"","overlay-type":"","overlay-color":"","overlay-opacity":"","overlay-gradient":""}}},"product_brand":[],"product_cat":[1699,1705],"product_tag":[712,1350,1532],"class_list":{"0":"post-16534","1":"product","2":"type-product","3":"status-publish","4":"has-post-thumbnail","6":"product_cat-eeterlikud-olid","7":"product_cat-puhtad-eeterlikud-olid","8":"product_tag-5-ml-et-2","9":"product_tag-black-pepper-et","10":"product_tag-eeterlikud-olid","11":"desktop-align-left","12":"tablet-align-left","13":"mobile-align-left","15":"first","16":"instock","17":"taxable","18":"shipping-taxable","19":"purchasable","20":"product-type-simple"},"_links":{"self":[{"href":"https:\/\/mamaterra.lt\/et\/wp-json\/wp\/v2\/product\/16534","targetHints":{"allow":["GET"]}}],"collection":[{"href":"https:\/\/mamaterra.lt\/et\/wp-json\/wp\/v2\/product"}],"about":[{"href":"https:\/\/mamaterra.lt\/et\/wp-json\/wp\/v2\/types\/product"}],"wp:featuredmedia":[{"embeddable":true,"href":"https:\/\/mamaterra.lt\/et\/wp-json\/wp\/v2\/media\/12626"}],"wp:attachment":[{"href":"https:\/\/mamaterra.lt\/et\/wp-json\/wp\/v2\/media?parent=16534"}],"wp:term":[{"taxonomy":"product_brand","embeddable":true,"href":"https:\/\/mamaterra.lt\/et\/wp-json\/wp\/v2\/product_brand?post=16534"},{"taxonomy":"product_cat","embeddable":true,"href":"https:\/\/mamaterra.lt\/et\/wp-json\/wp\/v2\/product_cat?post=16534"},{"taxonomy":"product_tag","embeddable":true,"href":"https:\/\/mamaterra.lt\/et\/wp-json\/wp\/v2\/product_tag?post=16534"}],"curies":[{"name":"wp","href":"https:\/\/api.w.org\/{rel}","templated":true}]}}